{"id":13617,"date":"2026-01-20T09:25:54","date_gmt":"2026-01-20T08:25:54","guid":{"rendered":"https:\/\/classysassybutik.pl\/?post_type=product&#038;p=13617"},"modified":"2026-02-24T06:12:16","modified_gmt":"2026-02-24T05:12:16","slug":"koszula-w-krate-pudrowy-roz-z-bezem","status":"publish","type":"product","link":"https:\/\/classysassybutik.pl\/en\/product\/koszula-w-krate-pudrowy-roz-z-bezem\/","title":{"rendered":"Koszula w Krat\u0119 Pudrowy R\u00f3\u017c z Be\u017cem"},"content":{"rendered":"<p>Styl i komfort w jednym! Koszula marki Me Gusta to doskona\u0142a propozycja dla mi\u0142o\u015bniczek lu\u017anych, casualowych stylizacji. Wykonana z przyjemnej w dotyku bawe\u0142ny, zapewnia komfort noszenia przez ca\u0142y dzie\u0144. Oversizowy fason nadaje jej swobodnego charakteru, a jednocze\u015bnie \u015bwietnie uk\u0142ada si\u0119 na sylwetce.<\/p>\n<p>&nbsp;<\/p>\n<p>Dimensions:<\/p>\n<p>&nbsp;<\/p>\n<p>rozmiar: UNIWERSALNY<\/p>\n<p>d\u0142. ca\u0142kowita: 77 cm<\/p>\n<p>szer. pod pachami: 69 cm x 2<\/p>\n<p>szer. d\u00f3\u0142: 68 cm x 2<\/p>\n<p>d\u0142. r\u0119kawa 48 cm<\/p>\n<p>&nbsp;<\/p>\n<p>&nbsp;<\/p>\n<p>*wymiary mierzone na p\u0142asko, margines b\u0142\u0119du +\/- 2 cm<\/p>","protected":false},"excerpt":{"rendered":"<blockquote><p>&nbsp;<\/p><\/blockquote>","protected":false},"featured_media":13619,"comment_status":"open","ping_status":"closed","template":"","meta":[],"product_brand":[],"product_cat":[114,94],"product_tag":[],"class_list":{"0":"post-13617","1":"product","2":"type-product","3":"status-publish","4":"has-post-thumbnail","6":"product_cat-koszula","7":"product_cat-nowosci","9":"first","10":"instock","11":"sale","12":"shipping-taxable","13":"purchasable","14":"product-type-simple"},"_links":{"self":[{"href":"https:\/\/classysassybutik.pl\/en\/wp-json\/wp\/v2\/product\/13617","targetHints":{"allow":["GET"]}}],"collection":[{"href":"https:\/\/classysassybutik.pl\/en\/wp-json\/wp\/v2\/product"}],"about":[{"href":"https:\/\/classysassybutik.pl\/en\/wp-json\/wp\/v2\/types\/product"}],"replies":[{"embeddable":true,"href":"https:\/\/classysassybutik.pl\/en\/wp-json\/wp\/v2\/comments?post=13617"}],"wp:featuredmedia":[{"embeddable":true,"href":"https:\/\/classysassybutik.pl\/en\/wp-json\/wp\/v2\/media\/13619"}],"wp:attachment":[{"href":"https:\/\/classysassybutik.pl\/en\/wp-json\/wp\/v2\/media?parent=13617"}],"wp:term":[{"taxonomy":"product_brand","embeddable":true,"href":"https:\/\/classysassybutik.pl\/en\/wp-json\/wp\/v2\/product_brand?post=13617"},{"taxonomy":"product_cat","embeddable":true,"href":"https:\/\/classysassybutik.pl\/en\/wp-json\/wp\/v2\/product_cat?post=13617"},{"taxonomy":"product_tag","embeddable":true,"href":"https:\/\/classysassybutik.pl\/en\/wp-json\/wp\/v2\/product_tag?post=13617"}],"curies":[{"name":"wp","href":"https:\/\/api.w.org\/{rel}","templated":true}]}}