{"id":13624,"date":"2026-01-20T09:45:25","date_gmt":"2026-01-20T08:45:25","guid":{"rendered":"https:\/\/classysassybutik.pl\/?post_type=product&#038;p=13624"},"modified":"2026-01-31T20:20:29","modified_gmt":"2026-01-31T19:20:29","slug":"koszula-w-krate-brazowa-premium-la-milla","status":"publish","type":"product","link":"https:\/\/classysassybutik.pl\/en\/product\/koszula-w-krate-brazowa-premium-la-milla\/","title":{"rendered":"Koszula w Krat\u0119 Br\u0105zowa Premium La Milla"},"content":{"rendered":"<p dir=\"ltr\"><b>DIMENSIONS:<\/b><\/p>\n<p dir=\"ltr\"><b>\u00a0<\/b>d\u0142. ca\u0142kowita 73 cm,<\/p>\n<p dir=\"ltr\"><b>\u00a0<\/b>biust 63 cm,<\/p>\n<p dir=\"ltr\"><b>\u00a0<\/b>r\u0119kaw 56 cm,<\/p>\n<p dir=\"ltr\"><b>\u00a0<\/b>ramiona 62 cm,<\/p>\n<p dir=\"ltr\"><b>\u00a0<\/b>COMPOSITION:<\/p>\n<p dir=\"ltr\"><b>\u00a0<\/b>95% bawe\u0142na<\/p>\n<p dir=\"ltr\"><b>\u00a0<\/b>5% elastane<\/p>\n<p dir=\"ltr\"><b>\u00a0POLISH PRODUCT<\/b><\/p>\n<p dir=\"ltr\">Clothing measured flat. Possible difference in measurements +\/- 2cm.<\/p>","protected":false},"excerpt":{"rendered":"<p>WYMIARY: \u00a0d\u0142. ca\u0142kowita 73 cm, \u00a0biust 63 cm, \u00a0r\u0119kaw 56 cm, \u00a0ramiona 62 cm, \u00a0SK\u0141AD: \u00a095% bawe\u0142na \u00a05% elastan \u00a0PRODUKT POLSKI Ubranie mierzone na p\u0142asko. Mo\u017cliwa r\u00f3\u017cnica w wymiarach +\/- 2cm.<\/p>","protected":false},"featured_media":13629,"comment_status":"open","ping_status":"closed","template":"","meta":[],"product_brand":[],"product_cat":[114,94],"product_tag":[],"class_list":{"0":"post-13624","1":"product","2":"type-product","3":"status-publish","4":"has-post-thumbnail","6":"product_cat-koszula","7":"product_cat-nowosci","9":"first","10":"instock","11":"shipping-taxable","12":"purchasable","13":"product-type-simple"},"_links":{"self":[{"href":"https:\/\/classysassybutik.pl\/en\/wp-json\/wp\/v2\/product\/13624","targetHints":{"allow":["GET"]}}],"collection":[{"href":"https:\/\/classysassybutik.pl\/en\/wp-json\/wp\/v2\/product"}],"about":[{"href":"https:\/\/classysassybutik.pl\/en\/wp-json\/wp\/v2\/types\/product"}],"replies":[{"embeddable":true,"href":"https:\/\/classysassybutik.pl\/en\/wp-json\/wp\/v2\/comments?post=13624"}],"wp:featuredmedia":[{"embeddable":true,"href":"https:\/\/classysassybutik.pl\/en\/wp-json\/wp\/v2\/media\/13629"}],"wp:attachment":[{"href":"https:\/\/classysassybutik.pl\/en\/wp-json\/wp\/v2\/media?parent=13624"}],"wp:term":[{"taxonomy":"product_brand","embeddable":true,"href":"https:\/\/classysassybutik.pl\/en\/wp-json\/wp\/v2\/product_brand?post=13624"},{"taxonomy":"product_cat","embeddable":true,"href":"https:\/\/classysassybutik.pl\/en\/wp-json\/wp\/v2\/product_cat?post=13624"},{"taxonomy":"product_tag","embeddable":true,"href":"https:\/\/classysassybutik.pl\/en\/wp-json\/wp\/v2\/product_tag?post=13624"}],"curies":[{"name":"wp","href":"https:\/\/api.w.org\/{rel}","templated":true}]}}