{"id":13631,"date":"2026-01-20T15:04:00","date_gmt":"2026-01-20T14:04:00","guid":{"rendered":"https:\/\/classysassybutik.pl\/?post_type=product&#038;p=13631"},"modified":"2026-02-24T06:11:45","modified_gmt":"2026-02-24T05:11:45","slug":"koszula-w-niebieska-krate-nina","status":"publish","type":"product","link":"https:\/\/classysassybutik.pl\/en\/product\/koszula-w-niebieska-krate-nina\/","title":{"rendered":"Koszula w Niebiesk\u0105 Krat\u0119 Nina"},"content":{"rendered":"<p>Stylowa koszula o lu\u017anym, swobodnym kroju, kt\u00f3ra \u015bwietnie \u0142\u0105czy casualowy charakter z modowym wyczuciem. Model zapinany na guziki, z klasycznym ko\u0142nierzem i d\u0142ugimi r\u0119kawami zako\u0144czonymi mankietami, daje wiele mo\u017cliwo\u015bci stylizacji \u2013 mo\u017cesz nosi\u0107 j\u0105 klasycznie, zwi\u0105zan\u0105 w pasie lub nonszalancko rozpi\u0119t\u0105. Mi\u0119kka, przyjemna w dotyku tkanina zapewnia komfort noszenia przez ca\u0142y dzie\u0144, a ponadczasowy fason sprawdzi si\u0119 zar\u00f3wno w codziennych zestawach, jak i w bardziej dopracowanych lookach. Idealna propozycja do szort\u00f3w, jeans\u00f3w czy sp\u00f3dnic, kt\u00f3ra doda stylizacji lekko\u015bci i charakteru.<\/p>\n<p>&nbsp;<\/p>\n<p>Wymiary (One Size):<\/p>\n<p>D\u0142ugo\u015b\u0107 ca\u0142kowita: 73 cm<\/p>\n<p>Material composition:<\/p>\n<p>100% cotton<\/p>\n<p>&nbsp;<\/p>\n<p>Polski producent<\/p>","protected":false},"excerpt":{"rendered":"<p>Stylowa koszula o lu\u017anym, swobodnym kroju, kt\u00f3ra \u015bwietnie \u0142\u0105czy casualowy charakter z modowym wyczuciem. Model zapinany na guziki, z klasycznym ko\u0142nierzem i d\u0142ugimi r\u0119kawami zako\u0144czonymi mankietami, daje wiele mo\u017cliwo\u015bci stylizacji \u2013 mo\u017cesz nosi\u0107 j\u0105 klasycznie, zwi\u0105zan\u0105 w pasie lub nonszalancko rozpi\u0119t\u0105. Mi\u0119kka, przyjemna w dotyku tkanina zapewnia komfort noszenia przez ca\u0142y dzie\u0144, a ponadczasowy fason [&hellip;]<\/p>","protected":false},"featured_media":13632,"comment_status":"open","ping_status":"closed","template":"","meta":[],"product_brand":[],"product_cat":[114,94],"product_tag":[],"class_list":{"0":"post-13631","1":"product","2":"type-product","3":"status-publish","4":"has-post-thumbnail","6":"product_cat-koszula","7":"product_cat-nowosci","9":"first","10":"instock","11":"sale","12":"shipping-taxable","13":"purchasable","14":"product-type-simple"},"_links":{"self":[{"href":"https:\/\/classysassybutik.pl\/en\/wp-json\/wp\/v2\/product\/13631","targetHints":{"allow":["GET"]}}],"collection":[{"href":"https:\/\/classysassybutik.pl\/en\/wp-json\/wp\/v2\/product"}],"about":[{"href":"https:\/\/classysassybutik.pl\/en\/wp-json\/wp\/v2\/types\/product"}],"replies":[{"embeddable":true,"href":"https:\/\/classysassybutik.pl\/en\/wp-json\/wp\/v2\/comments?post=13631"}],"wp:featuredmedia":[{"embeddable":true,"href":"https:\/\/classysassybutik.pl\/en\/wp-json\/wp\/v2\/media\/13632"}],"wp:attachment":[{"href":"https:\/\/classysassybutik.pl\/en\/wp-json\/wp\/v2\/media?parent=13631"}],"wp:term":[{"taxonomy":"product_brand","embeddable":true,"href":"https:\/\/classysassybutik.pl\/en\/wp-json\/wp\/v2\/product_brand?post=13631"},{"taxonomy":"product_cat","embeddable":true,"href":"https:\/\/classysassybutik.pl\/en\/wp-json\/wp\/v2\/product_cat?post=13631"},{"taxonomy":"product_tag","embeddable":true,"href":"https:\/\/classysassybutik.pl\/en\/wp-json\/wp\/v2\/product_tag?post=13631"}],"curies":[{"name":"wp","href":"https:\/\/api.w.org\/{rel}","templated":true}]}}