{"id":13636,"date":"2026-01-21T14:40:40","date_gmt":"2026-01-21T13:40:40","guid":{"rendered":"https:\/\/classysassybutik.pl\/?post_type=product&#038;p=13636"},"modified":"2026-04-06T10:07:54","modified_gmt":"2026-04-06T08:07:54","slug":"jeansy-lola-z-zakladka","status":"publish","type":"product","link":"https:\/\/classysassybutik.pl\/en\/product\/jeansy-lola-z-zakladka\/","title":{"rendered":"Jeansy Lola z zak\u0142adk\u0105"},"content":{"rendered":"<p>Sk\u0142ad materia\u0142u: 84% bawe\u0142na, 15% poliester, 1% elastan; podszycie kieszeni: 80% wiskoza, 20% bawe\u0142na.<\/p>\n<p>Taki miks daje naturalny komfort bawe\u0142ny, wi\u0119ksz\u0105 trwa\u0142o\u015b\u0107 i odporno\u015b\u0107 na zagniecenia dzi\u0119ki poliesterowi oraz lekki stretch dzi\u0119ki elastanowi \u2014 \u0142atwiejsze dopasowanie i delikatna elastyczno\u015b\u0107 w ruchu.<\/p>\n<p>&nbsp;<\/p>\n<p>Kr\u00f3j i styl: bardzo szerokie nogawki typu baggy\/wide leg. Nisko\u2011 lub \u015brednio\u2011nisko osadzony stan, co nadaje nowoczesny, streetowy charakter i dobrze wsp\u00f3\u0142gra z dopasowanymi topami, koszulami oversize i paskami.<\/p>\n<p>&nbsp;<\/p>\n<p>Kolor i wyko\u0144czenie: jasny denim z delikatnym spraniem, idealny na wiosn\u0119 i lato; styl casual, \u0142atwy do stylizacji zar\u00f3wno z lekkimi koszulami, jak i prostymi tank topami.<\/p>\n<p>&nbsp;<\/p>\n<p>Detale u\u017cytkowe: klasyczne kieszenie, pas ze szlufkami, szerokie nogawki zapewniaj\u0105 du\u017cy komfort i swobod\u0119 ruchu.<\/p>\n<p>&nbsp;<\/p>\n<p>Dla kogo: dla os\u00f3b ceni\u0105cych wyrazisty, lu\u017any look z lekkim stretch\u2019em; \u0142atwe do \u0142\u0105czenia z modnymi dodatkami, sanda\u0142ami na obcasie, sneakersami czy ma\u0142\u0105 torebk\u0105.<\/p>\n<p>&nbsp;<\/p>\n<p>Size S<\/p>\n<p>Obw\u00f3d w pasie (cm) 76<\/p>\n<p>Obw\u00f3d w biodrach (cm) 88<\/p>\n<p>D\u0142ugo\u015b\u0107 ca\u0142kowita (cm) 100<\/p>\n<p>&nbsp;<\/p>\n<p>Size M<\/p>\n<p>Obw\u00f3d w pasie (cm) 82<\/p>\n<p>Obw\u00f3d w biodrach (cm) 100<\/p>\n<p>D\u0142ugo\u015b\u0107 ca\u0142kowita (cm) 100<\/p>\n<p>&nbsp;<\/p>\n<p>Size L<\/p>\n<p>Obw\u00f3d w pasie (cm) 88<\/p>\n<p>Obw\u00f3d w biodrach (cm) 104<\/p>\n<p>D\u0142ugo\u015b\u0107 ca\u0142kowita (cm) 100<\/p>\n<p>&nbsp;<\/p>","protected":false},"excerpt":{"rendered":"<p>Sk\u0142ad materia\u0142u: 84% bawe\u0142na, 15% poliester, 1% elastan; podszycie kieszeni: 80% wiskoza, 20% bawe\u0142na. Taki miks daje naturalny komfort bawe\u0142ny, wi\u0119ksz\u0105 trwa\u0142o\u015b\u0107 i odporno\u015b\u0107 na zagniecenia dzi\u0119ki poliesterowi oraz lekki stretch dzi\u0119ki elastanowi \u2014 \u0142atwiejsze dopasowanie i delikatna elastyczno\u015b\u0107 w ruchu. &nbsp; Kr\u00f3j i styl: bardzo szerokie nogawki typu baggy\/wide leg. Nisko\u2011 lub \u015brednio\u2011nisko osadzony [&hellip;]<\/p>","protected":false},"featured_media":13638,"comment_status":"open","ping_status":"closed","template":"","meta":[],"product_brand":[],"product_cat":[94,30],"product_tag":[],"class_list":{"0":"post-13636","1":"product","2":"type-product","3":"status-publish","4":"has-post-thumbnail","6":"product_cat-nowosci","7":"product_cat-spodnie","9":"first","10":"instock","11":"sale","12":"shipping-taxable","13":"purchasable","14":"product-type-variable"},"_links":{"self":[{"href":"https:\/\/classysassybutik.pl\/en\/wp-json\/wp\/v2\/product\/13636","targetHints":{"allow":["GET"]}}],"collection":[{"href":"https:\/\/classysassybutik.pl\/en\/wp-json\/wp\/v2\/product"}],"about":[{"href":"https:\/\/classysassybutik.pl\/en\/wp-json\/wp\/v2\/types\/product"}],"replies":[{"embeddable":true,"href":"https:\/\/classysassybutik.pl\/en\/wp-json\/wp\/v2\/comments?post=13636"}],"wp:featuredmedia":[{"embeddable":true,"href":"https:\/\/classysassybutik.pl\/en\/wp-json\/wp\/v2\/media\/13638"}],"wp:attachment":[{"href":"https:\/\/classysassybutik.pl\/en\/wp-json\/wp\/v2\/media?parent=13636"}],"wp:term":[{"taxonomy":"product_brand","embeddable":true,"href":"https:\/\/classysassybutik.pl\/en\/wp-json\/wp\/v2\/product_brand?post=13636"},{"taxonomy":"product_cat","embeddable":true,"href":"https:\/\/classysassybutik.pl\/en\/wp-json\/wp\/v2\/product_cat?post=13636"},{"taxonomy":"product_tag","embeddable":true,"href":"https:\/\/classysassybutik.pl\/en\/wp-json\/wp\/v2\/product_tag?post=13636"}],"curies":[{"name":"wp","href":"https:\/\/api.w.org\/{rel}","templated":true}]}}