{"id":13682,"date":"2026-01-22T08:45:39","date_gmt":"2026-01-22T07:45:39","guid":{"rendered":"https:\/\/classysassybutik.pl\/?post_type=product&#038;p=13682"},"modified":"2026-01-27T13:48:07","modified_gmt":"2026-01-27T12:48:07","slug":"kurtka-bomberka-rosalia-la-milla","status":"publish","type":"product","link":"https:\/\/classysassybutik.pl\/en\/product\/kurtka-bomberka-rosalia-la-milla\/","title":{"rendered":"Kurtka Bomberka Rosalia La Milla"},"content":{"rendered":"<p>Stylowa bomberka Rosalia\u00a0 premium z ekskluzywnej kolekcji Classy Sassy Butik to idealne po\u0142\u0105czenie elegancji, komfortu i najnowszych trend\u00f3w. Model wyr\u00f3\u017cnia si\u0119 efektownym kwiatowym wzorem \u017cakardowym, kt\u00f3ry nadaje kurtce luksusowego charakteru i sprawia, \u017ce ka\u017cda stylizacja nabiera wyj\u0105tkowego stylu.<\/p>\n<p>Kr\u00f3tki fason pi\u0119knie podkre\u015bla sylwetk\u0119 oraz optycznie wyd\u0142u\u017ca nogi. Kurtka bomber damska doskonale sprawdzi si\u0119 zar\u00f3wno do jeans\u00f3w, spodni materia\u0142owych, jak i sukienek czy sp\u00f3dnic. Elastyczne mankiety oraz st\u00f3jka zapewniaj\u0105 wygod\u0119 noszenia i modny look przez ca\u0142y sezon.<\/p>\n<p>To idealna propozycja dla kobiet szukaj\u0105cych eleganckiej bomberki premium, kt\u00f3ra sprawdzi si\u0119 na co dzie\u0144, na wyj\u015bcia, spotkania oraz stylizacje typu casual chic.<\/p>\n<p>Cechy produktu:<\/p>\n<p>\u2022 damska bomberka premium<\/p>\n<p>\u2022 elegancka kurtka bomber w kwiaty<\/p>\n<p>\u2022 modny kr\u00f3tki fason<\/p>\n<p>\u2022 zapinana na zamek<\/p>\n<p>\u2022 elastyczne mankiety i st\u00f3jka<\/p>\n<p>\u2022 wysoka jako\u015b\u0107 wykonania<\/p>\n<p>\u2022 kolekcja Premium Classy Sassy Boutique<\/p>\n<p>Rozmiar: Uniwersalny<\/p>\n<p>\u2022 Szeroko\u015b\u0107: 105 cm<\/p>\n<p>\u2022 D\u0142ugo\u015b\u0107 ca\u0142kowita: 43 cm<\/p>\n<p>\u2022 D\u0142ugo\u015b\u0107 r\u0119kawa: 65 cm<\/p>\n<p>Composition:<\/p>\n<p>\u2022 100% poliester<\/p>","protected":false},"excerpt":{"rendered":"<p>Stylowa bomberka Rosalia\u00a0 premium z ekskluzywnej kolekcji Classy Sassy Butik to idealne po\u0142\u0105czenie elegancji, komfortu i najnowszych trend\u00f3w. Model wyr\u00f3\u017cnia si\u0119 efektownym kwiatowym wzorem \u017cakardowym, kt\u00f3ry nadaje kurtce luksusowego charakteru i sprawia, \u017ce ka\u017cda stylizacja nabiera wyj\u0105tkowego stylu. Kr\u00f3tki fason pi\u0119knie podkre\u015bla sylwetk\u0119 oraz optycznie wyd\u0142u\u017ca nogi. Kurtka bomber damska doskonale sprawdzi si\u0119 zar\u00f3wno do [&hellip;]<\/p>","protected":false},"featured_media":13686,"comment_status":"open","ping_status":"closed","template":"","meta":[],"product_brand":[],"product_cat":[94,29,32],"product_tag":[],"class_list":{"0":"post-13682","1":"product","2":"type-product","3":"status-publish","4":"has-post-thumbnail","6":"product_cat-nowosci","7":"product_cat-marynarki","8":"product_cat-okrycia-wierzchnie","10":"first","11":"instock","12":"shipping-taxable","13":"purchasable","14":"product-type-simple"},"_links":{"self":[{"href":"https:\/\/classysassybutik.pl\/en\/wp-json\/wp\/v2\/product\/13682","targetHints":{"allow":["GET"]}}],"collection":[{"href":"https:\/\/classysassybutik.pl\/en\/wp-json\/wp\/v2\/product"}],"about":[{"href":"https:\/\/classysassybutik.pl\/en\/wp-json\/wp\/v2\/types\/product"}],"replies":[{"embeddable":true,"href":"https:\/\/classysassybutik.pl\/en\/wp-json\/wp\/v2\/comments?post=13682"}],"wp:featuredmedia":[{"embeddable":true,"href":"https:\/\/classysassybutik.pl\/en\/wp-json\/wp\/v2\/media\/13686"}],"wp:attachment":[{"href":"https:\/\/classysassybutik.pl\/en\/wp-json\/wp\/v2\/media?parent=13682"}],"wp:term":[{"taxonomy":"product_brand","embeddable":true,"href":"https:\/\/classysassybutik.pl\/en\/wp-json\/wp\/v2\/product_brand?post=13682"},{"taxonomy":"product_cat","embeddable":true,"href":"https:\/\/classysassybutik.pl\/en\/wp-json\/wp\/v2\/product_cat?post=13682"},{"taxonomy":"product_tag","embeddable":true,"href":"https:\/\/classysassybutik.pl\/en\/wp-json\/wp\/v2\/product_tag?post=13682"}],"curies":[{"name":"wp","href":"https:\/\/api.w.org\/{rel}","templated":true}]}}