{"id":13707,"date":"2026-01-23T15:17:00","date_gmt":"2026-01-23T14:17:00","guid":{"rendered":"https:\/\/classysassybutik.pl\/?post_type=product&#038;p=13707"},"modified":"2026-02-24T06:27:46","modified_gmt":"2026-02-24T05:27:46","slug":"marynarka-rosalia-z-suwakiem-la-milla","status":"publish","type":"product","link":"https:\/\/classysassybutik.pl\/en\/product\/marynarka-rosalia-z-suwakiem-la-milla\/","title":{"rendered":"Marynarka Rosalia z Suwakiem La Milla"},"content":{"rendered":"<p>Marynarka La Milla Rosalia Elegancja w Artystycznym Stylu<\/p>\n<p>Dodaj do swojej garderoby nut\u0119 luksusu i wyj\u0105tkowego stylu dzi\u0119ki marynarce La Milla Floral Chic, kt\u00f3ra zachwyca oryginalnym kwiatowym wzorem inspirowanym gobelinow\u0105 struktur\u0105. Ten model to idealne po\u0142\u0105czenie klasyki z nowoczesnym designem \u2013 stworzony dla kobiet, kt\u00f3re ceni\u0105 mod\u0119 premium.<\/p>\n<p>&nbsp;<\/p>\n<p>Marynarka posiada dopasowany kr\u00f3j podkre\u015blaj\u0105cy tali\u0119, wyra\u017anie zaznaczone ramiona oraz eleganckie klapy, kt\u00f3re nadaj\u0105 sylwetce wyrafinowanego charakteru. Doskonale sprawdzi si\u0119 zar\u00f3wno w stylizacjach biznesowych, jak i casualowych czy wieczorowych.<\/p>\n<p>&nbsp;<\/p>\n<p>\u2728 Dlaczego pokochasz t\u0119 marynark\u0119?<\/p>\n<p>\u2714 Modny kwiatowy print w stylu premium<\/p>\n<p>\u2714 Wysoka jako\u015b\u0107 wykonania marki La Milla<\/p>\n<p>\u2714 Elegancki, taliowany fason<\/p>\n<p>\u2714 Idealna do jeans\u00f3w, spodni materia\u0142owych i sp\u00f3dnic<\/p>\n<p>\u2714 Must-have sezonu<\/p>\n<p>&nbsp;<\/p>\n<p>Stylizacja:<\/p>\n<p>Po\u0142\u0105cz j\u0105 z klasycznymi jeansami, szpilkami lub botkami, tworz\u0105c modny look na co dzie\u0144, do pracy lub na spotkanie.<\/p>","protected":false},"excerpt":{"rendered":"<p>Marynarka La Milla Rosalia Elegancja w Artystycznym Stylu Dodaj do swojej garderoby nut\u0119 luksusu i wyj\u0105tkowego stylu dzi\u0119ki marynarce La Milla Floral Chic, kt\u00f3ra zachwyca oryginalnym kwiatowym wzorem inspirowanym gobelinow\u0105 struktur\u0105. Ten model to idealne po\u0142\u0105czenie klasyki z nowoczesnym designem \u2013 stworzony dla kobiet, kt\u00f3re ceni\u0105 mod\u0119 premium. &nbsp; Marynarka posiada dopasowany kr\u00f3j podkre\u015blaj\u0105cy tali\u0119, [&hellip;]<\/p>","protected":false},"featured_media":13721,"comment_status":"open","ping_status":"closed","template":"","meta":[],"product_brand":[],"product_cat":[29,94],"product_tag":[],"class_list":{"0":"post-13707","1":"product","2":"type-product","3":"status-publish","4":"has-post-thumbnail","6":"product_cat-marynarki","7":"product_cat-nowosci","9":"first","10":"instock","11":"shipping-taxable","12":"purchasable","13":"product-type-simple"},"_links":{"self":[{"href":"https:\/\/classysassybutik.pl\/en\/wp-json\/wp\/v2\/product\/13707","targetHints":{"allow":["GET"]}}],"collection":[{"href":"https:\/\/classysassybutik.pl\/en\/wp-json\/wp\/v2\/product"}],"about":[{"href":"https:\/\/classysassybutik.pl\/en\/wp-json\/wp\/v2\/types\/product"}],"replies":[{"embeddable":true,"href":"https:\/\/classysassybutik.pl\/en\/wp-json\/wp\/v2\/comments?post=13707"}],"wp:featuredmedia":[{"embeddable":true,"href":"https:\/\/classysassybutik.pl\/en\/wp-json\/wp\/v2\/media\/13721"}],"wp:attachment":[{"href":"https:\/\/classysassybutik.pl\/en\/wp-json\/wp\/v2\/media?parent=13707"}],"wp:term":[{"taxonomy":"product_brand","embeddable":true,"href":"https:\/\/classysassybutik.pl\/en\/wp-json\/wp\/v2\/product_brand?post=13707"},{"taxonomy":"product_cat","embeddable":true,"href":"https:\/\/classysassybutik.pl\/en\/wp-json\/wp\/v2\/product_cat?post=13707"},{"taxonomy":"product_tag","embeddable":true,"href":"https:\/\/classysassybutik.pl\/en\/wp-json\/wp\/v2\/product_tag?post=13707"}],"curies":[{"name":"wp","href":"https:\/\/api.w.org\/{rel}","templated":true}]}}