{"id":13728,"date":"2026-01-25T09:34:22","date_gmt":"2026-01-25T08:34:22","guid":{"rendered":"https:\/\/classysassybutik.pl\/?post_type=product&#038;p=13728"},"modified":"2026-03-25T15:59:54","modified_gmt":"2026-03-25T14:59:54","slug":"komplet-3-czesciowy-nola-bezowy","status":"publish","type":"product","link":"https:\/\/classysassybutik.pl\/en\/product\/komplet-3-czesciowy-nola-bezowy\/","title":{"rendered":"Komplet 3-Cz\u0119\u015bciowy Nola Be\u017cowy"},"content":{"rendered":"<p>Genialny komplet spodnie dresowe, bluzka longsleeve plus kamizelka dresowa<\/p>\n<p>JAKO\u015a\u0106 PREMIUM, POLSKA PRODUKCJA<\/p>\n<blockquote><p>&nbsp;<\/p><\/blockquote>\n<p>ONE SIZE<\/p>\n<p>DIMENSIONS:<\/p>\n<p>&nbsp;<\/p>\n<p>BLUZKA:<\/p>\n<p>Szeroko\u015b\u0107 od pachy do pachy: 45 cm x 2<\/p>\n<p>D\u0142ugo\u015b\u0107 ca\u0142kowita: 59 cm<\/p>\n<p>Sleeve length from armpit: 58 cm<\/p>\n<p>&nbsp;<\/p>\n<p>SPODNIE:<\/p>\n<p>Szeroko\u015b\u0107 w pasie: 35 cm x 2 GUMKA<\/p>\n<p>D\u0142ugo\u015b\u0107 ca\u0142kowita: 94 cm<\/p>\n<p>&nbsp;<\/p>\n<p>&nbsp;<\/p>\n<p>KAMIZELKA:<\/p>\n<p>Szeroko\u015b\u0107 od pachy do pachy: 55 cm x 2<\/p>\n<p>Overall length: 49 cm<\/p>\n<p>&nbsp;<\/p>\n<p>COMPOSITION:<\/p>\n<p>95% BAWE\u0141NA<\/p>\n<p>5% ELASTAN<\/p>","protected":false},"excerpt":{"rendered":"<p>Genialny komplet spodnie dresowe, bluzka longsleeve plus kamizelka dresowa JAKO\u015a\u0106 PREMIUM, POLSKA PRODUKCJA &nbsp; ONE SIZE WYMIARY: &nbsp; BLUZKA: Szeroko\u015b\u0107 od pachy do pachy: 45 cm x 2 D\u0142ugo\u015b\u0107 ca\u0142kowita: 59 cm D\u0142ugo\u015b\u0107 r\u0119kawa od pachy: 58 cm &nbsp; SPODNIE: Szeroko\u015b\u0107 w pasie: 35 cm x 2 GUMKA D\u0142ugo\u015b\u0107 ca\u0142kowita: 94 cm &nbsp; &nbsp; KAMIZELKA: [&hellip;]<\/p>","protected":false},"featured_media":13729,"comment_status":"open","ping_status":"closed","template":"","meta":[],"product_brand":[],"product_cat":[16],"product_tag":[],"class_list":{"0":"post-13728","1":"product","2":"type-product","3":"status-publish","4":"has-post-thumbnail","6":"product_cat-swetry","8":"first","9":"instock","10":"sale","11":"shipping-taxable","12":"purchasable","13":"product-type-simple"},"_links":{"self":[{"href":"https:\/\/classysassybutik.pl\/en\/wp-json\/wp\/v2\/product\/13728","targetHints":{"allow":["GET"]}}],"collection":[{"href":"https:\/\/classysassybutik.pl\/en\/wp-json\/wp\/v2\/product"}],"about":[{"href":"https:\/\/classysassybutik.pl\/en\/wp-json\/wp\/v2\/types\/product"}],"replies":[{"embeddable":true,"href":"https:\/\/classysassybutik.pl\/en\/wp-json\/wp\/v2\/comments?post=13728"}],"wp:featuredmedia":[{"embeddable":true,"href":"https:\/\/classysassybutik.pl\/en\/wp-json\/wp\/v2\/media\/13729"}],"wp:attachment":[{"href":"https:\/\/classysassybutik.pl\/en\/wp-json\/wp\/v2\/media?parent=13728"}],"wp:term":[{"taxonomy":"product_brand","embeddable":true,"href":"https:\/\/classysassybutik.pl\/en\/wp-json\/wp\/v2\/product_brand?post=13728"},{"taxonomy":"product_cat","embeddable":true,"href":"https:\/\/classysassybutik.pl\/en\/wp-json\/wp\/v2\/product_cat?post=13728"},{"taxonomy":"product_tag","embeddable":true,"href":"https:\/\/classysassybutik.pl\/en\/wp-json\/wp\/v2\/product_tag?post=13728"}],"curies":[{"name":"wp","href":"https:\/\/api.w.org\/{rel}","templated":true}]}}