{"id":13795,"date":"2026-01-26T19:50:58","date_gmt":"2026-01-26T18:50:58","guid":{"rendered":"https:\/\/classysassybutik.pl\/?post_type=product&#038;p=13795"},"modified":"2026-04-11T08:09:00","modified_gmt":"2026-04-11T06:09:00","slug":"kurtka-gorsetowa-eco-skora-la-milla-musztardowa","status":"publish","type":"product","link":"https:\/\/classysassybutik.pl\/en\/product\/kurtka-gorsetowa-eco-skora-la-milla-musztardowa\/","title":{"rendered":"Kurtka Gorsetowa Eco-Sk\u00f3ra La Milla Musztardowa"},"content":{"rendered":"<p>Stylowa ramoneska polskiej marki La Milla wykonana z wysokiej jako\u015bci eco sk\u00f3ry. Taliowany fason z przed\u0142u\u017canym, gorsetowym przodem pi\u0119knie podkre\u015bla sylwetk\u0119, a wzmocniona linia ramion nadaje ca\u0142o\u015bci wyrazistego charakteru. Idealna propozycja do nowoczesnych i kobiecych stylizacji.<\/p>","protected":false},"excerpt":{"rendered":"<p>Stylowa ramoneska polskiej marki La Milla wykonana z wysokiej jako\u015bci eco sk\u00f3ry. Taliowany fason z przed\u0142u\u017canym, gorsetowym przodem pi\u0119knie podkre\u015bla sylwetk\u0119, a wzmocniona linia ramion nadaje ca\u0142o\u015bci wyrazistego charakteru. Idealna propozycja do nowoczesnych i kobiecych stylizacji.<\/p>","protected":false},"featured_media":13796,"comment_status":"open","ping_status":"closed","template":"","meta":[],"product_brand":[],"product_cat":[94,29,32],"product_tag":[],"class_list":{"0":"post-13795","1":"product","2":"type-product","3":"status-publish","4":"has-post-thumbnail","6":"product_cat-nowosci","7":"product_cat-marynarki","8":"product_cat-okrycia-wierzchnie","10":"first","11":"instock","12":"sale","13":"shipping-taxable","14":"purchasable","15":"product-type-simple"},"_links":{"self":[{"href":"https:\/\/classysassybutik.pl\/en\/wp-json\/wp\/v2\/product\/13795","targetHints":{"allow":["GET"]}}],"collection":[{"href":"https:\/\/classysassybutik.pl\/en\/wp-json\/wp\/v2\/product"}],"about":[{"href":"https:\/\/classysassybutik.pl\/en\/wp-json\/wp\/v2\/types\/product"}],"replies":[{"embeddable":true,"href":"https:\/\/classysassybutik.pl\/en\/wp-json\/wp\/v2\/comments?post=13795"}],"wp:featuredmedia":[{"embeddable":true,"href":"https:\/\/classysassybutik.pl\/en\/wp-json\/wp\/v2\/media\/13796"}],"wp:attachment":[{"href":"https:\/\/classysassybutik.pl\/en\/wp-json\/wp\/v2\/media?parent=13795"}],"wp:term":[{"taxonomy":"product_brand","embeddable":true,"href":"https:\/\/classysassybutik.pl\/en\/wp-json\/wp\/v2\/product_brand?post=13795"},{"taxonomy":"product_cat","embeddable":true,"href":"https:\/\/classysassybutik.pl\/en\/wp-json\/wp\/v2\/product_cat?post=13795"},{"taxonomy":"product_tag","embeddable":true,"href":"https:\/\/classysassybutik.pl\/en\/wp-json\/wp\/v2\/product_tag?post=13795"}],"curies":[{"name":"wp","href":"https:\/\/api.w.org\/{rel}","templated":true}]}}