{"id":13815,"date":"2026-01-27T13:17:06","date_gmt":"2026-01-27T12:17:06","guid":{"rendered":"https:\/\/classysassybutik.pl\/?post_type=product&#038;p=13815"},"modified":"2026-01-27T13:17:07","modified_gmt":"2026-01-27T12:17:07","slug":"kamizelka-lejce-la-milla-bezowa","status":"publish","type":"product","link":"https:\/\/classysassybutik.pl\/en\/product\/kamizelka-lejce-la-milla-bezowa\/","title":{"rendered":"Kamizelka Lejce La Milla Be\u017cowa"},"content":{"rendered":"<p>Kamizelka firmy La Milla ma wszyte poduszki i ozdobne lejce z przodu.<\/p>\n<p>&nbsp;<\/p>\n<p>Oryginalny polski produkt marki La Milla<\/p>\n<p>&nbsp;<\/p>\n<p>Sk\u0142ad: 95%wiskoza 5%elastan<\/p>\n<p>&nbsp;<\/p>\n<p>Rozmiar uniwersalny :<\/p>\n<p>Szeroko\u015b\u0107 mi\u0119dzy pachami 51cm x2<\/p>\n<p>Width at bottom 56cm x2<\/p>\n<p>D\u0142ugo\u015b\u0107 kamizelki 51cm<\/p>\n<p>&nbsp;<\/p>\n<p>&nbsp;<\/p>","protected":false},"excerpt":{"rendered":"<p>Kamizelka firmy La Milla ma wszyte poduszki i ozdobne lejce z przodu. &nbsp; Oryginalny polski produkt marki La Milla &nbsp; Sk\u0142ad: 95%wiskoza 5%elastan &nbsp; Rozmiar uniwersalny : Szeroko\u015b\u0107 mi\u0119dzy pachami 51cm x2 Szeroko\u015b\u0107 na dole 56cm x2 D\u0142ugo\u015b\u0107 kamizelki 51cm &nbsp; &nbsp;<\/p>","protected":false},"featured_media":13817,"comment_status":"open","ping_status":"closed","template":"","meta":[],"product_brand":[],"product_cat":[109,94],"product_tag":[],"class_list":{"0":"post-13815","1":"product","2":"type-product","3":"status-publish","4":"has-post-thumbnail","6":"product_cat-kamizelka","7":"product_cat-nowosci","9":"first","10":"instock","11":"shipping-taxable","12":"purchasable","13":"product-type-simple"},"_links":{"self":[{"href":"https:\/\/classysassybutik.pl\/en\/wp-json\/wp\/v2\/product\/13815","targetHints":{"allow":["GET"]}}],"collection":[{"href":"https:\/\/classysassybutik.pl\/en\/wp-json\/wp\/v2\/product"}],"about":[{"href":"https:\/\/classysassybutik.pl\/en\/wp-json\/wp\/v2\/types\/product"}],"replies":[{"embeddable":true,"href":"https:\/\/classysassybutik.pl\/en\/wp-json\/wp\/v2\/comments?post=13815"}],"wp:featuredmedia":[{"embeddable":true,"href":"https:\/\/classysassybutik.pl\/en\/wp-json\/wp\/v2\/media\/13817"}],"wp:attachment":[{"href":"https:\/\/classysassybutik.pl\/en\/wp-json\/wp\/v2\/media?parent=13815"}],"wp:term":[{"taxonomy":"product_brand","embeddable":true,"href":"https:\/\/classysassybutik.pl\/en\/wp-json\/wp\/v2\/product_brand?post=13815"},{"taxonomy":"product_cat","embeddable":true,"href":"https:\/\/classysassybutik.pl\/en\/wp-json\/wp\/v2\/product_cat?post=13815"},{"taxonomy":"product_tag","embeddable":true,"href":"https:\/\/classysassybutik.pl\/en\/wp-json\/wp\/v2\/product_tag?post=13815"}],"curies":[{"name":"wp","href":"https:\/\/api.w.org\/{rel}","templated":true}]}}