{"id":13824,"date":"2026-01-27T13:42:48","date_gmt":"2026-01-27T12:42:48","guid":{"rendered":"https:\/\/classysassybutik.pl\/?post_type=product&#038;p=13824"},"modified":"2026-03-25T15:59:07","modified_gmt":"2026-03-25T14:59:07","slug":"marynarka-krotka-bezowa-mia","status":"publish","type":"product","link":"https:\/\/classysassybutik.pl\/en\/product\/marynarka-krotka-bezowa-mia\/","title":{"rendered":"Marynarka Kr\u00f3tka Be\u017cowa Mia"},"content":{"rendered":"<p>Be\u017cowa kr\u00f3tka marynarka damska \u2013 elegancka marynarka uniwersalna | Classy Sassy Butik<\/p>\n<p>Stylowa kr\u00f3tka marynarka damska typu cropped to absolutny hit sezonu dost\u0119pny w Classysassybutik.pl. Nowoczesny fason podkre\u015bla tali\u0119 i nadaje stylizacji wyj\u0105tkowego charakteru. Idealnie sprawdzi si\u0119 zar\u00f3wno w eleganckich zestawach, jak i w codziennych stylizacjach casualowych.<\/p>\n<p>&nbsp;<\/p>\n<p>Model wykonany z wysokiej jako\u015bci tkaniny z dodatkiem elastanu, dzi\u0119ki czemu doskonale dopasowuje si\u0119 do sylwetki, zapewniaj\u0105c wygod\u0119 oraz swobod\u0119 ruch\u00f3w. Klasyczny ko\u0142nierz, dwurz\u0119dowe zapi\u0119cie oraz neutralny be\u017cowy kolor czyni\u0105 t\u0119 marynark\u0119 ponadczasowym elementem garderoby.<\/p>\n<p>&nbsp;<\/p>\n<p>\u015awietnie komponuje si\u0119 z eleganckimi spodniami, jeansami, sp\u00f3dnic\u0105 czy kompletem garniturowym. To idealny wyb\u00f3r do pracy, na spotkania biznesowe, wyj\u015bcia ze znajomymi oraz specjalne okazje.<\/p>\n<p>&nbsp;<\/p>\n<p>Cechy produktu:<\/p>\n<p>\u2714 kr\u00f3tki, modny kr\u00f3j cropped<\/p>\n<p>\u2714 rozmiar uniwersalny<\/p>\n<p>\u2714 elegancki design<\/p>\n<p>\u2714 elastyczny i komfortowy materia\u0142<\/p>\n<p>\u2714 idealna do stylizacji casual i eleganckich<\/p>\n<p>&nbsp;<\/p>\n<p>Material composition:<\/p>\n<p>95% bawe\u0142na<\/p>\n<p>5% elastane<\/p>\n<p>&nbsp;<\/p>\n<p>Postaw na styl, klas\u0119 i komfort. Wybierz modn\u0105 marynark\u0119 damsk\u0105 z oferty Classy Sassy Butik i stw\u00f3rz niepowtarzalne stylizacje!<\/p>","protected":false},"excerpt":{"rendered":"<p>Be\u017cowa kr\u00f3tka marynarka damska \u2013 elegancka marynarka uniwersalna | Classy Sassy Butik Stylowa kr\u00f3tka marynarka damska typu cropped to absolutny hit sezonu dost\u0119pny w Classysassybutik.pl. Nowoczesny fason podkre\u015bla tali\u0119 i nadaje stylizacji wyj\u0105tkowego charakteru. Idealnie sprawdzi si\u0119 zar\u00f3wno w eleganckich zestawach, jak i w codziennych stylizacjach casualowych. &nbsp; Model wykonany z wysokiej jako\u015bci tkaniny z [&hellip;]<\/p>","protected":false},"featured_media":13828,"comment_status":"open","ping_status":"closed","template":"","meta":[],"product_brand":[],"product_cat":[29,94],"product_tag":[],"class_list":{"0":"post-13824","1":"product","2":"type-product","3":"status-publish","4":"has-post-thumbnail","6":"product_cat-marynarki","7":"product_cat-nowosci","9":"first","10":"instock","11":"sale","12":"shipping-taxable","13":"purchasable","14":"product-type-simple"},"_links":{"self":[{"href":"https:\/\/classysassybutik.pl\/en\/wp-json\/wp\/v2\/product\/13824","targetHints":{"allow":["GET"]}}],"collection":[{"href":"https:\/\/classysassybutik.pl\/en\/wp-json\/wp\/v2\/product"}],"about":[{"href":"https:\/\/classysassybutik.pl\/en\/wp-json\/wp\/v2\/types\/product"}],"replies":[{"embeddable":true,"href":"https:\/\/classysassybutik.pl\/en\/wp-json\/wp\/v2\/comments?post=13824"}],"wp:featuredmedia":[{"embeddable":true,"href":"https:\/\/classysassybutik.pl\/en\/wp-json\/wp\/v2\/media\/13828"}],"wp:attachment":[{"href":"https:\/\/classysassybutik.pl\/en\/wp-json\/wp\/v2\/media?parent=13824"}],"wp:term":[{"taxonomy":"product_brand","embeddable":true,"href":"https:\/\/classysassybutik.pl\/en\/wp-json\/wp\/v2\/product_brand?post=13824"},{"taxonomy":"product_cat","embeddable":true,"href":"https:\/\/classysassybutik.pl\/en\/wp-json\/wp\/v2\/product_cat?post=13824"},{"taxonomy":"product_tag","embeddable":true,"href":"https:\/\/classysassybutik.pl\/en\/wp-json\/wp\/v2\/product_tag?post=13824"}],"curies":[{"name":"wp","href":"https:\/\/api.w.org\/{rel}","templated":true}]}}