{"id":13841,"date":"2026-01-27T18:34:17","date_gmt":"2026-01-27T17:34:17","guid":{"rendered":"https:\/\/classysassybutik.pl\/?post_type=product&#038;p=13841"},"modified":"2026-03-30T17:35:41","modified_gmt":"2026-03-30T15:35:41","slug":"koszula-z-kolnierzykiem-sweety-amarantowa","status":"publish","type":"product","link":"https:\/\/classysassybutik.pl\/en\/product\/koszula-z-kolnierzykiem-sweety-amarantowa\/","title":{"rendered":"Koszula z Ko\u0142nierzykiem Sweety Amarantowa"},"content":{"rendered":"<p>Amarantowa koszula Sweety wykonana w 60% z wiskozy to elegancki i kobiecy model zapinany na guziki. Ozdobny ko\u0142nierzyk wyko\u0144czony falbank\u0105 dodaje ca\u0142o\u015bci subtelnego uroku i delikatnej lekko\u015bci. Koszula \u015bwietnie sprawdzi si\u0119 zar\u00f3wno w stylizacjach do pracy, jak i na co dzie\u0144.<\/p>\n<p>&nbsp;<\/p>\n<p>Amarantowa koszula Sweety<\/p>\n<p>koszula damska 60% wiskoza<\/p>\n<p>koszula z ozdobnym ko\u0142nierzykiem<\/p>\n<p>koszula z falbank\u0105 przy ko\u0142nierzu<\/p>\n<p>elegancka koszula damska<\/p>\n<p>koszula zapinana na guziki<\/p>\n<p>Polish product<\/p>\n<p>Dimensions<\/p>\n<p>D\u0142ugo\u015b\u0107 ca\u0142kowita: 64cm<\/p>\n<p>Obw\u00f3d w ramionach: 78cm<\/p>\n<p>Obw\u00f3d od pachy do pachy: 98cm<\/p>\n<p>Obw\u00f3d w talii: 96cm<\/p>\n<p>D\u0142ugo\u015b\u0107 r\u0119kawa od ramienia: 65cm<\/p>\n<p>D\u0142ugo\u015b\u0107 r\u0119kawa od pachy: 48cm<\/p>\n<p>Obw\u00f3d w bicepsie: 44cm<\/p>\n<p>&nbsp;<\/p>\n<p>Material composition:<\/p>\n<p>60% viscose, 35% polyester, 5% elastane<\/p>\n<p>Wymiary mierzone na p\u0142asko +\/- 2<\/p>","protected":false},"excerpt":{"rendered":"<p>Amarantowa koszula Sweety wykonana w 60% z wiskozy to elegancki i kobiecy model zapinany na guziki. Ozdobny ko\u0142nierzyk wyko\u0144czony falbank\u0105 dodaje ca\u0142o\u015bci subtelnego uroku i delikatnej lekko\u015bci. Koszula \u015bwietnie sprawdzi si\u0119 zar\u00f3wno w stylizacjach do pracy, jak i na co dzie\u0144. &nbsp; Amarantowa koszula Sweety koszula damska 60% wiskoza koszula z ozdobnym ko\u0142nierzykiem koszula z [&hellip;]<\/p>","protected":false},"featured_media":13842,"comment_status":"open","ping_status":"closed","template":"","meta":[],"product_brand":[],"product_cat":[114,94],"product_tag":[],"class_list":{"0":"post-13841","1":"product","2":"type-product","3":"status-publish","4":"has-post-thumbnail","6":"product_cat-koszula","7":"product_cat-nowosci","9":"first","10":"instock","11":"sale","12":"shipping-taxable","13":"purchasable","14":"product-type-simple"},"_links":{"self":[{"href":"https:\/\/classysassybutik.pl\/en\/wp-json\/wp\/v2\/product\/13841","targetHints":{"allow":["GET"]}}],"collection":[{"href":"https:\/\/classysassybutik.pl\/en\/wp-json\/wp\/v2\/product"}],"about":[{"href":"https:\/\/classysassybutik.pl\/en\/wp-json\/wp\/v2\/types\/product"}],"replies":[{"embeddable":true,"href":"https:\/\/classysassybutik.pl\/en\/wp-json\/wp\/v2\/comments?post=13841"}],"wp:featuredmedia":[{"embeddable":true,"href":"https:\/\/classysassybutik.pl\/en\/wp-json\/wp\/v2\/media\/13842"}],"wp:attachment":[{"href":"https:\/\/classysassybutik.pl\/en\/wp-json\/wp\/v2\/media?parent=13841"}],"wp:term":[{"taxonomy":"product_brand","embeddable":true,"href":"https:\/\/classysassybutik.pl\/en\/wp-json\/wp\/v2\/product_brand?post=13841"},{"taxonomy":"product_cat","embeddable":true,"href":"https:\/\/classysassybutik.pl\/en\/wp-json\/wp\/v2\/product_cat?post=13841"},{"taxonomy":"product_tag","embeddable":true,"href":"https:\/\/classysassybutik.pl\/en\/wp-json\/wp\/v2\/product_tag?post=13841"}],"curies":[{"name":"wp","href":"https:\/\/api.w.org\/{rel}","templated":true}]}}