{"id":13848,"date":"2026-01-27T18:43:48","date_gmt":"2026-01-27T17:43:48","guid":{"rendered":"https:\/\/classysassybutik.pl\/?post_type=product&#038;p=13848"},"modified":"2026-02-06T12:35:45","modified_gmt":"2026-02-06T11:35:45","slug":"koszula-z-kolnierzykiem-sweety-ecru","status":"publish","type":"product","link":"https:\/\/classysassybutik.pl\/en\/product\/koszula-z-kolnierzykiem-sweety-ecru\/","title":{"rendered":"Koszula z Ko\u0142nierzykiem Sweety Ecru"},"content":{"rendered":"<p>Ecru koszula Sweety wykonana w 60% z wiskozy to elegancki i kobiecy model zapinany na guziki. Ozdobny ko\u0142nierzyk wyko\u0144czony falbank\u0105 dodaje ca\u0142o\u015bci subtelnego uroku i delikatnej lekko\u015bci. Koszula \u015bwietnie sprawdzi si\u0119 zar\u00f3wno w stylizacjach do pracy, jak i na co dzie\u0144.<\/p>\n<p>&nbsp;<\/p>\n<p>ecru koszula Sweety<\/p>\n<p>koszula damska 60% wiskoza<\/p>\n<p>koszula z ozdobnym ko\u0142nierzykiem<\/p>\n<p>koszula z falbank\u0105 przy ko\u0142nierzu<\/p>\n<p>elegancka koszula damska<\/p>\n<p>koszula zapinana na guziki<\/p>\n<p>&nbsp;<\/p>\n<p>Jako\u015b\u0107 Premium. Polska produkcja.<\/p>\n<p>&nbsp;<\/p>\n<p>Sk\u0142ad: 60% wiskoza, 35% poliester, 5% elastan<\/p>\n<p>&nbsp;<\/p>\n<p>Rozmiar: Uniwersalny<\/p>\n<p>&nbsp;<\/p>\n<p>Dimensions:<\/p>\n<p>D\u0142ugo\u015b\u0107 ca\u0142kowita: 64cm (\u015brodek), 56cm (bok)<\/p>\n<p>Szeroko\u015b\u0107 od pachy do pachy: 50.5cm x2<\/p>\n<p>D\u0142ugo\u015b\u0107 r\u0119kawa: 63cm<\/p>\n<p>D\u0142ugo\u015b\u0107 r\u0119kawa od pachy: 49cm<\/p>\n<p>&nbsp;<\/p>\n<p>Clothes measured flat! Individual measurements may vary +\/- 2 cm.<\/p>","protected":false},"excerpt":{"rendered":"<p>Ecru koszula Sweety wykonana w 60% z wiskozy to elegancki i kobiecy model zapinany na guziki. Ozdobny ko\u0142nierzyk wyko\u0144czony falbank\u0105 dodaje ca\u0142o\u015bci subtelnego uroku i delikatnej lekko\u015bci. Koszula \u015bwietnie sprawdzi si\u0119 zar\u00f3wno w stylizacjach do pracy, jak i na co dzie\u0144. &nbsp; ecru koszula Sweety koszula damska 60% wiskoza koszula z ozdobnym ko\u0142nierzykiem koszula z [&hellip;]<\/p>","protected":false},"featured_media":13849,"comment_status":"open","ping_status":"closed","template":"","meta":[],"product_brand":[],"product_cat":[114,94],"product_tag":[],"class_list":{"0":"post-13848","1":"product","2":"type-product","3":"status-publish","4":"has-post-thumbnail","6":"product_cat-koszula","7":"product_cat-nowosci","9":"first","10":"instock","11":"shipping-taxable","12":"purchasable","13":"product-type-simple"},"_links":{"self":[{"href":"https:\/\/classysassybutik.pl\/en\/wp-json\/wp\/v2\/product\/13848","targetHints":{"allow":["GET"]}}],"collection":[{"href":"https:\/\/classysassybutik.pl\/en\/wp-json\/wp\/v2\/product"}],"about":[{"href":"https:\/\/classysassybutik.pl\/en\/wp-json\/wp\/v2\/types\/product"}],"replies":[{"embeddable":true,"href":"https:\/\/classysassybutik.pl\/en\/wp-json\/wp\/v2\/comments?post=13848"}],"wp:featuredmedia":[{"embeddable":true,"href":"https:\/\/classysassybutik.pl\/en\/wp-json\/wp\/v2\/media\/13849"}],"wp:attachment":[{"href":"https:\/\/classysassybutik.pl\/en\/wp-json\/wp\/v2\/media?parent=13848"}],"wp:term":[{"taxonomy":"product_brand","embeddable":true,"href":"https:\/\/classysassybutik.pl\/en\/wp-json\/wp\/v2\/product_brand?post=13848"},{"taxonomy":"product_cat","embeddable":true,"href":"https:\/\/classysassybutik.pl\/en\/wp-json\/wp\/v2\/product_cat?post=13848"},{"taxonomy":"product_tag","embeddable":true,"href":"https:\/\/classysassybutik.pl\/en\/wp-json\/wp\/v2\/product_tag?post=13848"}],"curies":[{"name":"wp","href":"https:\/\/api.w.org\/{rel}","templated":true}]}}