{"id":13864,"date":"2026-01-29T08:43:40","date_gmt":"2026-01-29T07:43:40","guid":{"rendered":"https:\/\/classysassybutik.pl\/?post_type=product&#038;p=13864"},"modified":"2026-03-20T06:15:36","modified_gmt":"2026-03-20T05:15:36","slug":"marynarka-rosalia-la-milla","status":"publish","type":"product","link":"https:\/\/classysassybutik.pl\/en\/product\/marynarka-rosalia-la-milla\/","title":{"rendered":"Marynarka Rosalia La Milla"},"content":{"rendered":"<p>Marynarka Rosalia \u2014 kwiatowy \u017cakard w uniwersalnym rozmiarze<\/p>\n<p>&nbsp;<\/p>\n<p>Odkryj wyj\u0105tkow\u0105 marynark\u0119, kt\u00f3ra \u0142\u0105czy elegancj\u0119 z oryginalnym, wyrazistym wzorem. Rosalia to model z \u017cakardowego materia\u0142u w luksusowy, kwiatowy print \u2013 idealny, gdy chcesz wygl\u0105da\u0107 stylowo, ale z odrobin\u0105 artystycznego charakteru.<\/p>\n<ol>\n<li><\/li>\n<\/ol>\n<p>Rozmiar: uniwersalny<\/p>\n<p>&nbsp;<\/p>\n<p>Wymiary mierzone na p\u0142asko:<\/p>\n<p>szeroko\u015b\u0107: 105 cm<\/p>\n<p>d\u0142ugo\u015b\u0107 ca\u0142kowita: 79 cm<\/p>\n<p>d\u0142ugo\u015b\u0107 r\u0119kawa: 63 cm<\/p>\n<p>&nbsp;<\/p>\n<p>Sk\u0142ad materia\u0142u: 80% bawe\u0142na, 20% poliester<\/p>\n<p>&nbsp;<\/p>\n<p>Kraj projektowania i szycia: Polska<\/p>\n<p>&nbsp;<\/p>\n<p>Dzi\u0119ki temu po\u0142\u0105czeniu tkaniny marynarka jest mi\u0142a w dotyku, ma naturalny charakter bawe\u0142ny, a dodatek poliestru zapewnia trwa\u0142o\u015b\u0107 i utrzymanie fasonu.<\/p>\n<p>&nbsp;<\/p>","protected":false},"excerpt":{"rendered":"<p>Marynarka Rosalia \u2014 kwiatowy \u017cakard w uniwersalnym rozmiarze &nbsp; Odkryj wyj\u0105tkow\u0105 marynark\u0119, kt\u00f3ra \u0142\u0105czy elegancj\u0119 z oryginalnym, wyrazistym wzorem. Rosalia to model z \u017cakardowego materia\u0142u w luksusowy, kwiatowy print \u2013 idealny, gdy chcesz wygl\u0105da\u0107 stylowo, ale z odrobin\u0105 artystycznego charakteru. Rozmiar: uniwersalny &nbsp; Wymiary mierzone na p\u0142asko: szeroko\u015b\u0107: 105 cm d\u0142ugo\u015b\u0107 ca\u0142kowita: 79 cm d\u0142ugo\u015b\u0107 [&hellip;]<\/p>","protected":false},"featured_media":13865,"comment_status":"open","ping_status":"closed","template":"","meta":[],"product_brand":[],"product_cat":[29,94],"product_tag":[],"class_list":{"0":"post-13864","1":"product","2":"type-product","3":"status-publish","4":"has-post-thumbnail","6":"product_cat-marynarki","7":"product_cat-nowosci","9":"first","10":"instock","11":"shipping-taxable","12":"purchasable","13":"product-type-simple"},"_links":{"self":[{"href":"https:\/\/classysassybutik.pl\/en\/wp-json\/wp\/v2\/product\/13864","targetHints":{"allow":["GET"]}}],"collection":[{"href":"https:\/\/classysassybutik.pl\/en\/wp-json\/wp\/v2\/product"}],"about":[{"href":"https:\/\/classysassybutik.pl\/en\/wp-json\/wp\/v2\/types\/product"}],"replies":[{"embeddable":true,"href":"https:\/\/classysassybutik.pl\/en\/wp-json\/wp\/v2\/comments?post=13864"}],"wp:featuredmedia":[{"embeddable":true,"href":"https:\/\/classysassybutik.pl\/en\/wp-json\/wp\/v2\/media\/13865"}],"wp:attachment":[{"href":"https:\/\/classysassybutik.pl\/en\/wp-json\/wp\/v2\/media?parent=13864"}],"wp:term":[{"taxonomy":"product_brand","embeddable":true,"href":"https:\/\/classysassybutik.pl\/en\/wp-json\/wp\/v2\/product_brand?post=13864"},{"taxonomy":"product_cat","embeddable":true,"href":"https:\/\/classysassybutik.pl\/en\/wp-json\/wp\/v2\/product_cat?post=13864"},{"taxonomy":"product_tag","embeddable":true,"href":"https:\/\/classysassybutik.pl\/en\/wp-json\/wp\/v2\/product_tag?post=13864"}],"curies":[{"name":"wp","href":"https:\/\/api.w.org\/{rel}","templated":true}]}}