{"id":13870,"date":"2026-01-29T08:48:48","date_gmt":"2026-01-29T07:48:48","guid":{"rendered":"https:\/\/classysassybutik.pl\/?post_type=product&#038;p=13870"},"modified":"2026-04-06T10:02:04","modified_gmt":"2026-04-06T08:02:04","slug":"koszula-jeansowa-rozowa-la-milla-club","status":"publish","type":"product","link":"https:\/\/classysassybutik.pl\/en\/product\/koszula-jeansowa-rozowa-la-milla-club\/","title":{"rendered":"Koszula Jeansowa R\u00f3\u017cowa La Milla Club"},"content":{"rendered":"<p>Universal size.<\/p>\n<p>&nbsp;<\/p>\n<p>Szeroko\u015b\u0107 130 cm<\/p>\n<p>D\u0142ugo\u015b\u0107 r\u0119kawa 54 cm<\/p>\n<p>D\u0142ugo\u015b\u0107 ca\u0142kowita 76 cm<\/p>\n<p>&nbsp;<\/p>\n<p>&nbsp;<\/p>\n<p>COMPOSITION:<\/p>\n<p>95% bawe\u0142na<\/p>\n<p>5% elastane<\/p>\n<p>Product designed and sewn in Poland.<\/p>","protected":false},"excerpt":{"rendered":"<p>Rozmiar uniwersalny. &nbsp; Szeroko\u015b\u0107 130 cm D\u0142ugo\u015b\u0107 r\u0119kawa 54 cm D\u0142ugo\u015b\u0107 ca\u0142kowita 76 cm &nbsp; &nbsp; SK\u0141AD: 95% bawe\u0142na 5% elastan Produkt zaprojektowany i uszyty w Polsce.<\/p>","protected":false},"featured_media":13871,"comment_status":"open","ping_status":"closed","template":"","meta":[],"product_brand":[],"product_cat":[114,94],"product_tag":[],"class_list":{"0":"post-13870","1":"product","2":"type-product","3":"status-publish","4":"has-post-thumbnail","6":"product_cat-koszula","7":"product_cat-nowosci","9":"first","10":"instock","11":"sale","12":"shipping-taxable","13":"purchasable","14":"product-type-simple"},"_links":{"self":[{"href":"https:\/\/classysassybutik.pl\/en\/wp-json\/wp\/v2\/product\/13870","targetHints":{"allow":["GET"]}}],"collection":[{"href":"https:\/\/classysassybutik.pl\/en\/wp-json\/wp\/v2\/product"}],"about":[{"href":"https:\/\/classysassybutik.pl\/en\/wp-json\/wp\/v2\/types\/product"}],"replies":[{"embeddable":true,"href":"https:\/\/classysassybutik.pl\/en\/wp-json\/wp\/v2\/comments?post=13870"}],"wp:featuredmedia":[{"embeddable":true,"href":"https:\/\/classysassybutik.pl\/en\/wp-json\/wp\/v2\/media\/13871"}],"wp:attachment":[{"href":"https:\/\/classysassybutik.pl\/en\/wp-json\/wp\/v2\/media?parent=13870"}],"wp:term":[{"taxonomy":"product_brand","embeddable":true,"href":"https:\/\/classysassybutik.pl\/en\/wp-json\/wp\/v2\/product_brand?post=13870"},{"taxonomy":"product_cat","embeddable":true,"href":"https:\/\/classysassybutik.pl\/en\/wp-json\/wp\/v2\/product_cat?post=13870"},{"taxonomy":"product_tag","embeddable":true,"href":"https:\/\/classysassybutik.pl\/en\/wp-json\/wp\/v2\/product_tag?post=13870"}],"curies":[{"name":"wp","href":"https:\/\/api.w.org\/{rel}","templated":true}]}}