{"id":13883,"date":"2026-01-30T10:19:52","date_gmt":"2026-01-30T09:19:52","guid":{"rendered":"https:\/\/classysassybutik.pl\/?post_type=product&#038;p=13883"},"modified":"2026-01-30T10:25:45","modified_gmt":"2026-01-30T09:25:45","slug":"marynarka-wigilia-rozowa-la-milla","status":"publish","type":"product","link":"https:\/\/classysassybutik.pl\/en\/product\/marynarka-wigilia-rozowa-la-milla\/","title":{"rendered":"Marynarka Wigilia R\u00f3\u017cowa La Milla"},"content":{"rendered":"<p style=\"text-align: center;\">95% viscose, 5% elastane<\/p>\n<p style=\"text-align: center;\">Wykonanie z dba\u0142o\u015bci\u0105 o najmniejsze detale oraz z mi\u0142ej tkaniny. G\u0142adkie wyko\u0144czenie. D\u0142u\u017cszy kr\u00f3j. Poduszki na ramionach. Zapi\u0119cie regulowane przy pomocy guzik\u00f3w. Ponadczasowy design.<\/p>\n<p style=\"text-align: center;\">Dimensions:<\/p>\n<p style=\"text-align: center;\">D\u0142ugo\u015b\u0107 ca\u0142kowita: 79 cm<\/p>\n<p style=\"text-align: center;\">Bust circumference: 104 cm<\/p>\n<p style=\"text-align: center;\">Obw\u00f3d w pasie: 96 cm<\/p>\n<p style=\"text-align: center;\">D\u0142ugo\u015b\u0107 r\u0119kawa od ramienia: 71 cm<\/p>\n<p style=\"text-align: center;\">D\u0142ugo\u015b\u0107 r\u0119kawa od pachy: 53 cm<\/p>\n<p style=\"text-align: center;\">Clothes measured flat! Individual measurements may vary +\/- 2 cm.<\/p>\n<p style=\"text-align: center;\">Polish product.<\/p>","protected":false},"excerpt":{"rendered":"<p>95% wiskoza, 5% elastan Wykonanie z dba\u0142o\u015bci\u0105 o najmniejsze detale oraz z mi\u0142ej tkaniny. G\u0142adkie wyko\u0144czenie. D\u0142u\u017cszy kr\u00f3j. Poduszki na ramionach. Zapi\u0119cie regulowane przy pomocy guzik\u00f3w. Ponadczasowy design. Wymiary: D\u0142ugo\u015b\u0107 ca\u0142kowita: 79 cm Obw\u00f3d w biu\u015bcie: 104 cm Obw\u00f3d w pasie: 96 cm D\u0142ugo\u015b\u0107 r\u0119kawa od ramienia: 71 cm D\u0142ugo\u015b\u0107 r\u0119kawa od pachy: 53 cm [&hellip;]<\/p>","protected":false},"featured_media":13884,"comment_status":"open","ping_status":"closed","template":"","meta":[],"product_brand":[],"product_cat":[29,94],"product_tag":[],"class_list":{"0":"post-13883","1":"product","2":"type-product","3":"status-publish","4":"has-post-thumbnail","6":"product_cat-marynarki","7":"product_cat-nowosci","9":"first","10":"instock","11":"shipping-taxable","12":"purchasable","13":"product-type-simple"},"_links":{"self":[{"href":"https:\/\/classysassybutik.pl\/en\/wp-json\/wp\/v2\/product\/13883","targetHints":{"allow":["GET"]}}],"collection":[{"href":"https:\/\/classysassybutik.pl\/en\/wp-json\/wp\/v2\/product"}],"about":[{"href":"https:\/\/classysassybutik.pl\/en\/wp-json\/wp\/v2\/types\/product"}],"replies":[{"embeddable":true,"href":"https:\/\/classysassybutik.pl\/en\/wp-json\/wp\/v2\/comments?post=13883"}],"wp:featuredmedia":[{"embeddable":true,"href":"https:\/\/classysassybutik.pl\/en\/wp-json\/wp\/v2\/media\/13884"}],"wp:attachment":[{"href":"https:\/\/classysassybutik.pl\/en\/wp-json\/wp\/v2\/media?parent=13883"}],"wp:term":[{"taxonomy":"product_brand","embeddable":true,"href":"https:\/\/classysassybutik.pl\/en\/wp-json\/wp\/v2\/product_brand?post=13883"},{"taxonomy":"product_cat","embeddable":true,"href":"https:\/\/classysassybutik.pl\/en\/wp-json\/wp\/v2\/product_cat?post=13883"},{"taxonomy":"product_tag","embeddable":true,"href":"https:\/\/classysassybutik.pl\/en\/wp-json\/wp\/v2\/product_tag?post=13883"}],"curies":[{"name":"wp","href":"https:\/\/api.w.org\/{rel}","templated":true}]}}