{"id":13902,"date":"2026-02-03T14:49:27","date_gmt":"2026-02-03T13:49:27","guid":{"rendered":"https:\/\/classysassybutik.pl\/?post_type=product&#038;p=13902"},"modified":"2026-03-30T17:34:07","modified_gmt":"2026-03-30T15:34:07","slug":"plaszczyk-midi-moon-pudrowy-roz","status":"publish","type":"product","link":"https:\/\/classysassybutik.pl\/en\/product\/plaszczyk-midi-moon-pudrowy-roz\/","title":{"rendered":"P\u0142aszczyk Midi  Moon Pudrowy R\u00f3\u017c"},"content":{"rendered":"<p>P\u0142aszczyk Midi Moon Pudrowy R\u00f3\u017c Elegancja i Komfort<\/p>\n<p>Elegancki p\u0142aszczyk z kolekcji\u00a0Premium\u00a0to po\u0142\u0105czenie ponadczasowego stylu, perfekcyjnego kroju oraz najwy\u017cszej jako\u015bci wykonania. Stworzony w Polsce z dba\u0142o\u015bci\u0105 o ka\u017cdy detal, spe\u0142ni oczekiwania najbardziej wymagaj\u0105cych klientek.<\/p>\n<p>Model o kobiecym fasonie pi\u0119knie podkre\u015bla sylwetk\u0119 dzi\u0119ki wi\u0105zanemu paskowi w talii. Mi\u0119kka, przyjemna w dotyku tkanina zapewnia komfort noszenia, a jednocze\u015bnie zachowuje idealny wygl\u0105d przez d\u0142ugi czas. To doskona\u0142y wyb\u00f3r zar\u00f3wno do eleganckich stylizacji, jak i codziennych zestaw\u00f3w.<\/p>\n<p>P\u0142aszczyk zachwyca minimalistyczn\u0105 form\u0105, funkcjonalnymi kieszeniami oraz starannym wyko\u0144czeniem, kt\u00f3re podkre\u015bla jego luksusowy charakter.<\/p>\n<p>Cechy produktu:<\/p>\n<p>\u2022 fason podkre\u015blaj\u0105cy tali\u0119<\/p>\n<p>\u2022 pasek w komplecie<\/p>\n<p>\u2022 kieszenie boczne<\/p>\n<p>\u2022 elegancki ko\u0142nierz<\/p>\n<p>\u2022 wysokiej jako\u015bci tkanina premium<\/p>\n<p>\u2022 staranne, polskie wykonanie<\/p>\n<p>Composition:<\/p>\n<p>\u2022 65% bawe\u0142na<\/p>\n<p>\u2022 35% poliester<\/p>\n<p>Produkcja:<\/p>\n<p>Wyprodukowano w Polsce \u2014 lokalna marka premium, gwarancja jako\u015bci i precyzji wykonania.<\/p>\n<p>&nbsp;<\/p>","protected":false},"excerpt":{"rendered":"<p>P\u0142aszczyk Midi Moon Pudrowy R\u00f3\u017c Elegancja i Komfort Elegancki p\u0142aszczyk z kolekcji\u00a0Premium\u00a0to po\u0142\u0105czenie ponadczasowego stylu, perfekcyjnego kroju oraz najwy\u017cszej jako\u015bci wykonania. Stworzony w Polsce z dba\u0142o\u015bci\u0105 o ka\u017cdy detal, spe\u0142ni oczekiwania najbardziej wymagaj\u0105cych klientek. Model o kobiecym fasonie pi\u0119knie podkre\u015bla sylwetk\u0119 dzi\u0119ki wi\u0105zanemu paskowi w talii. Mi\u0119kka, przyjemna w dotyku tkanina zapewnia komfort noszenia, a [&hellip;]<\/p>","protected":false},"featured_media":13903,"comment_status":"open","ping_status":"closed","template":"","meta":[],"product_brand":[],"product_cat":[94,32],"product_tag":[],"class_list":{"0":"post-13902","1":"product","2":"type-product","3":"status-publish","4":"has-post-thumbnail","6":"product_cat-nowosci","7":"product_cat-okrycia-wierzchnie","9":"first","10":"instock","11":"sale","12":"shipping-taxable","13":"purchasable","14":"product-type-variable"},"_links":{"self":[{"href":"https:\/\/classysassybutik.pl\/en\/wp-json\/wp\/v2\/product\/13902","targetHints":{"allow":["GET"]}}],"collection":[{"href":"https:\/\/classysassybutik.pl\/en\/wp-json\/wp\/v2\/product"}],"about":[{"href":"https:\/\/classysassybutik.pl\/en\/wp-json\/wp\/v2\/types\/product"}],"replies":[{"embeddable":true,"href":"https:\/\/classysassybutik.pl\/en\/wp-json\/wp\/v2\/comments?post=13902"}],"wp:featuredmedia":[{"embeddable":true,"href":"https:\/\/classysassybutik.pl\/en\/wp-json\/wp\/v2\/media\/13903"}],"wp:attachment":[{"href":"https:\/\/classysassybutik.pl\/en\/wp-json\/wp\/v2\/media?parent=13902"}],"wp:term":[{"taxonomy":"product_brand","embeddable":true,"href":"https:\/\/classysassybutik.pl\/en\/wp-json\/wp\/v2\/product_brand?post=13902"},{"taxonomy":"product_cat","embeddable":true,"href":"https:\/\/classysassybutik.pl\/en\/wp-json\/wp\/v2\/product_cat?post=13902"},{"taxonomy":"product_tag","embeddable":true,"href":"https:\/\/classysassybutik.pl\/en\/wp-json\/wp\/v2\/product_tag?post=13902"}],"curies":[{"name":"wp","href":"https:\/\/api.w.org\/{rel}","templated":true}]}}