{"id":13924,"date":"2026-02-03T15:34:03","date_gmt":"2026-02-03T14:34:03","guid":{"rendered":"https:\/\/classysassybutik.pl\/?post_type=product&#038;p=13924"},"modified":"2026-02-03T15:34:04","modified_gmt":"2026-02-03T14:34:04","slug":"kurtka-lola-eco-skora-cytrynowa","status":"publish","type":"product","link":"https:\/\/classysassybutik.pl\/en\/product\/kurtka-lola-eco-skora-cytrynowa\/","title":{"rendered":"Kurtka Lola Eco-Sk\u00f3ra Cytrynowa"},"content":{"rendered":"<p>DIMENSIONS<\/p>\n<p>&nbsp;<\/p>\n<p>S<\/p>\n<p>szer. od pachy do pachy: 57 cm x 2<\/p>\n<p>d\u0142. r\u0119kawa: 44 cm<\/p>\n<p>d\u0142. ca\u0142kowita: 55 cm<\/p>\n<p>&nbsp;<\/p>\n<p>M<\/p>\n<p>szer. od pachy do pachy: 59 cm x 2<\/p>\n<p>d\u0142. r\u0119kawa: 45 cm<\/p>\n<p>d\u0142. ca\u0142kowita: 56 cm<\/p>\n<p>&nbsp;<\/p>\n<p>L<\/p>\n<p>szer. od pachy do pachy: 60 cm x 2<\/p>\n<p>d\u0142. r\u0119kawa: 46 cm<\/p>\n<p>d\u0142. ca\u0142kowita: 57 cm<\/p>\n<p>&nbsp;<\/p>\n<p>COMPOSITION:<\/p>\n<p>Materia\u0142 zewn\u0119trzny: 52% poliuretan, 48% wiskoza<\/p>\n<p>Materia\u0142 wewn\u0119trzny: 100% poliester<\/p>","protected":false},"excerpt":{"rendered":"<p>WYMIARY &nbsp; S szer. od pachy do pachy: 57 cm x 2 d\u0142. r\u0119kawa: 44 cm d\u0142. ca\u0142kowita: 55 cm &nbsp; M szer. od pachy do pachy: 59 cm x 2 d\u0142. r\u0119kawa: 45 cm d\u0142. ca\u0142kowita: 56 cm &nbsp; L szer. od pachy do pachy: 60 cm x 2 d\u0142. r\u0119kawa: 46 cm d\u0142. [&hellip;]<\/p>","protected":false},"featured_media":13935,"comment_status":"open","ping_status":"closed","template":"","meta":[],"product_brand":[],"product_cat":[94,32],"product_tag":[],"class_list":{"0":"post-13924","1":"product","2":"type-product","3":"status-publish","4":"has-post-thumbnail","6":"product_cat-nowosci","7":"product_cat-okrycia-wierzchnie","9":"first","10":"instock","11":"shipping-taxable","12":"purchasable","13":"product-type-variable"},"_links":{"self":[{"href":"https:\/\/classysassybutik.pl\/en\/wp-json\/wp\/v2\/product\/13924","targetHints":{"allow":["GET"]}}],"collection":[{"href":"https:\/\/classysassybutik.pl\/en\/wp-json\/wp\/v2\/product"}],"about":[{"href":"https:\/\/classysassybutik.pl\/en\/wp-json\/wp\/v2\/types\/product"}],"replies":[{"embeddable":true,"href":"https:\/\/classysassybutik.pl\/en\/wp-json\/wp\/v2\/comments?post=13924"}],"wp:featuredmedia":[{"embeddable":true,"href":"https:\/\/classysassybutik.pl\/en\/wp-json\/wp\/v2\/media\/13935"}],"wp:attachment":[{"href":"https:\/\/classysassybutik.pl\/en\/wp-json\/wp\/v2\/media?parent=13924"}],"wp:term":[{"taxonomy":"product_brand","embeddable":true,"href":"https:\/\/classysassybutik.pl\/en\/wp-json\/wp\/v2\/product_brand?post=13924"},{"taxonomy":"product_cat","embeddable":true,"href":"https:\/\/classysassybutik.pl\/en\/wp-json\/wp\/v2\/product_cat?post=13924"},{"taxonomy":"product_tag","embeddable":true,"href":"https:\/\/classysassybutik.pl\/en\/wp-json\/wp\/v2\/product_tag?post=13924"}],"curies":[{"name":"wp","href":"https:\/\/api.w.org\/{rel}","templated":true}]}}