{"id":13959,"date":"2026-02-04T12:31:09","date_gmt":"2026-02-04T11:31:09","guid":{"rendered":"https:\/\/classysassybutik.pl\/?post_type=product&#038;p=13959"},"modified":"2026-02-04T12:31:10","modified_gmt":"2026-02-04T11:31:10","slug":"body-logo-la-milla-czarne-z-rozem","status":"publish","type":"product","link":"https:\/\/classysassybutik.pl\/en\/product\/body-logo-la-milla-czarne-z-rozem\/","title":{"rendered":"Body Logo La Milla Czarne z R\u00f3\u017cem"},"content":{"rendered":"<p style=\"text-align: left;\">Body marki LA MILLA w klasycznym, dopasowanym fasonie to baza stylowych, casualowych zestaw\u00f3w. Model z okr\u0105g\u0142ym dekoltem, d\u0142ugimi prostymi r\u0119kawami oraz efektownym printem z logiem marki. Elastyczny materia\u0142 doskonale dopasowuje si\u0119 do sylwetki, a majtki typu figi zapinane na zatrzaski zapewniaj\u0105 wygod\u0119 i funkcjonalno\u015b\u0107 na co dzie\u0144.<\/p>","protected":false},"excerpt":{"rendered":"<p>Body marki LA MILLA w klasycznym, dopasowanym fasonie to baza stylowych, casualowych zestaw\u00f3w. Model z okr\u0105g\u0142ym dekoltem, d\u0142ugimi prostymi r\u0119kawami oraz efektownym printem z logiem marki. Elastyczny materia\u0142 doskonale dopasowuje si\u0119 do sylwetki, a majtki typu figi zapinane na zatrzaski zapewniaj\u0105 wygod\u0119 i funkcjonalno\u015b\u0107 na co dzie\u0144.<\/p>","protected":false},"featured_media":13966,"comment_status":"open","ping_status":"closed","template":"","meta":[],"product_brand":[],"product_cat":[106,94],"product_tag":[],"class_list":{"0":"post-13959","1":"product","2":"type-product","3":"status-publish","4":"has-post-thumbnail","6":"product_cat-body","7":"product_cat-nowosci","9":"first","10":"instock","11":"shipping-taxable","12":"purchasable","13":"product-type-variable"},"_links":{"self":[{"href":"https:\/\/classysassybutik.pl\/en\/wp-json\/wp\/v2\/product\/13959","targetHints":{"allow":["GET"]}}],"collection":[{"href":"https:\/\/classysassybutik.pl\/en\/wp-json\/wp\/v2\/product"}],"about":[{"href":"https:\/\/classysassybutik.pl\/en\/wp-json\/wp\/v2\/types\/product"}],"replies":[{"embeddable":true,"href":"https:\/\/classysassybutik.pl\/en\/wp-json\/wp\/v2\/comments?post=13959"}],"wp:featuredmedia":[{"embeddable":true,"href":"https:\/\/classysassybutik.pl\/en\/wp-json\/wp\/v2\/media\/13966"}],"wp:attachment":[{"href":"https:\/\/classysassybutik.pl\/en\/wp-json\/wp\/v2\/media?parent=13959"}],"wp:term":[{"taxonomy":"product_brand","embeddable":true,"href":"https:\/\/classysassybutik.pl\/en\/wp-json\/wp\/v2\/product_brand?post=13959"},{"taxonomy":"product_cat","embeddable":true,"href":"https:\/\/classysassybutik.pl\/en\/wp-json\/wp\/v2\/product_cat?post=13959"},{"taxonomy":"product_tag","embeddable":true,"href":"https:\/\/classysassybutik.pl\/en\/wp-json\/wp\/v2\/product_tag?post=13959"}],"curies":[{"name":"wp","href":"https:\/\/api.w.org\/{rel}","templated":true}]}}