{"id":13990,"date":"2026-02-04T12:54:07","date_gmt":"2026-02-04T11:54:07","guid":{"rendered":"https:\/\/classysassybutik.pl\/?post_type=product&#038;p=13990"},"modified":"2026-03-30T17:30:50","modified_gmt":"2026-03-30T15:30:50","slug":"kombinezon-lola-fango","status":"publish","type":"product","link":"https:\/\/classysassybutik.pl\/en\/product\/kombinezon-lola-fango\/","title":{"rendered":"Kombinezon Lola Fango"},"content":{"rendered":"<p>&nbsp;<\/p>\n<p>Kombinezon damski Lola to idealne po\u0142\u0105czenie wygody, stylu i nowoczesnego designu. Mi\u0119kki materia\u0142 premium pi\u0119knie uk\u0142ada si\u0119 na sylwetce, zapewniaj\u0105c maksymalny komfort noszenia przez ca\u0142y dzie\u0144. Model doskonale sprawdzi si\u0119 zar\u00f3wno w codziennych stylizacjach, jak i w bardziej eleganckich zestawach z dodatkami.<\/p>\n<p>&nbsp;<\/p>\n<p>Kombinezon posiada zamek z przodu, kt\u00f3ry umo\u017cliwia regulacj\u0119 dekoltu oraz elastyczn\u0105 tali\u0119, podkre\u015blaj\u0105c\u0105 kobiec\u0105 figur\u0119. Szerokie nogawki nadaj\u0105 sylwetce lekko\u015bci i optycznie wyd\u0142u\u017caj\u0105 nogi. To must-have sezonu dla kobiet ceni\u0105cych mod\u0119 i funkcjonalno\u015b\u0107.<\/p>\n<p>Dlaczego warto wybra\u0107 kombinezon Lola?<\/p>\n<p>&nbsp;<\/p>\n<p>\u2714 modny welurowy materia\u0142 premium<\/p>\n<p>\u2714 wygodny fason typu loose fit<\/p>\n<p>\u2714 elastyczna talia modeluj\u0105ca sylwetk\u0119<\/p>\n<p>\u2714 szerokie nogawki \u2013 trend sezonu<\/p>\n<p>\u2714 uniwersalny styl \u2013 na co dzie\u0144 i na wyj\u015bcie<\/p>\n<ol>\n<li>\u2714 komfort noszenia przez ca\u0142y dzie\u0144<\/li>\n<\/ol>","protected":false},"excerpt":{"rendered":"<p>&nbsp; Kombinezon damski Lola to idealne po\u0142\u0105czenie wygody, stylu i nowoczesnego designu. Mi\u0119kki materia\u0142 premium pi\u0119knie uk\u0142ada si\u0119 na sylwetce, zapewniaj\u0105c maksymalny komfort noszenia przez ca\u0142y dzie\u0144. Model doskonale sprawdzi si\u0119 zar\u00f3wno w codziennych stylizacjach, jak i w bardziej eleganckich zestawach z dodatkami. &nbsp; Kombinezon posiada zamek z przodu, kt\u00f3ry umo\u017cliwia regulacj\u0119 dekoltu oraz elastyczn\u0105 [&hellip;]<\/p>","protected":false},"featured_media":13991,"comment_status":"open","ping_status":"closed","template":"","meta":[],"product_brand":[],"product_cat":[104,94],"product_tag":[],"class_list":{"0":"post-13990","1":"product","2":"type-product","3":"status-publish","4":"has-post-thumbnail","6":"product_cat-kombinezony","7":"product_cat-nowosci","9":"first","10":"instock","11":"sale","12":"shipping-taxable","13":"purchasable","14":"product-type-simple"},"_links":{"self":[{"href":"https:\/\/classysassybutik.pl\/en\/wp-json\/wp\/v2\/product\/13990","targetHints":{"allow":["GET"]}}],"collection":[{"href":"https:\/\/classysassybutik.pl\/en\/wp-json\/wp\/v2\/product"}],"about":[{"href":"https:\/\/classysassybutik.pl\/en\/wp-json\/wp\/v2\/types\/product"}],"replies":[{"embeddable":true,"href":"https:\/\/classysassybutik.pl\/en\/wp-json\/wp\/v2\/comments?post=13990"}],"wp:featuredmedia":[{"embeddable":true,"href":"https:\/\/classysassybutik.pl\/en\/wp-json\/wp\/v2\/media\/13991"}],"wp:attachment":[{"href":"https:\/\/classysassybutik.pl\/en\/wp-json\/wp\/v2\/media?parent=13990"}],"wp:term":[{"taxonomy":"product_brand","embeddable":true,"href":"https:\/\/classysassybutik.pl\/en\/wp-json\/wp\/v2\/product_brand?post=13990"},{"taxonomy":"product_cat","embeddable":true,"href":"https:\/\/classysassybutik.pl\/en\/wp-json\/wp\/v2\/product_cat?post=13990"},{"taxonomy":"product_tag","embeddable":true,"href":"https:\/\/classysassybutik.pl\/en\/wp-json\/wp\/v2\/product_tag?post=13990"}],"curies":[{"name":"wp","href":"https:\/\/api.w.org\/{rel}","templated":true}]}}