{"id":13998,"date":"2026-02-04T18:14:39","date_gmt":"2026-02-04T17:14:39","guid":{"rendered":"https:\/\/classysassybutik.pl\/?post_type=product&#038;p=13998"},"modified":"2026-02-04T18:14:40","modified_gmt":"2026-02-04T17:14:40","slug":"torebka-panterka-blue","status":"publish","type":"product","link":"https:\/\/classysassybutik.pl\/en\/product\/torebka-panterka-blue\/","title":{"rendered":"Torebka Panterka Blue"},"content":{"rendered":"<p data-start=\"184\" data-end=\"573\">Stylowa torebka damska w modny wz\u00f3r leopard print to idealny dodatek dla kobiet, kt\u00f3re kochaj\u0105 elegancj\u0119 z nut\u0105 drapie\u017cnego charakteru. Mi\u0119kka, przyjemna w dotyku faktura, z\u0142oty detal z przodu oraz ozdobny \u0142a\u0144cuszek nadaj\u0105 jej luksusowego wygl\u0105du. Doskonale sprawdzi si\u0119 zar\u00f3wno na co dzie\u0144, jak i na wieczorne wyj\u015bcia. Lekka, praktyczna i pojemna \u2014 pomie\u015bci wszystkie niezb\u0119dne drobiazgi.<\/p>\n<p data-start=\"575\" data-end=\"745\"><strong data-start=\"575\" data-end=\"601\">Dlaczego j\u0105 pokochasz?<\/strong><br data-start=\"601\" data-end=\"604\" \/>\u2714 modny wz\u00f3r panterki<br data-start=\"625\" data-end=\"628\" \/>\u2714 elegancki z\u0142oty \u0142a\u0144cuszek<br data-start=\"655\" data-end=\"658\" \/>\u2714 uniwersalny fason pasuj\u0105cy do wielu stylizacji<br data-start=\"706\" data-end=\"709\" data-is-only-node=\"\" \/>\u2714 idealna na co dzie\u0144 i na wiecz\u00f3r<\/p>","protected":false},"excerpt":{"rendered":"<p>Stylowa torebka damska w modny wz\u00f3r leopard print to idealny dodatek dla kobiet, kt\u00f3re kochaj\u0105 elegancj\u0119 z nut\u0105 drapie\u017cnego charakteru. Mi\u0119kka, przyjemna w dotyku faktura, z\u0142oty detal z przodu oraz ozdobny \u0142a\u0144cuszek nadaj\u0105 jej luksusowego wygl\u0105du. Doskonale sprawdzi si\u0119 zar\u00f3wno na co dzie\u0144, jak i na wieczorne wyj\u015bcia. Lekka, praktyczna i pojemna \u2014 pomie\u015bci wszystkie [&hellip;]<\/p>","protected":false},"featured_media":13999,"comment_status":"open","ping_status":"closed","template":"","meta":[],"product_brand":[],"product_cat":[117],"product_tag":[],"class_list":{"0":"post-13998","1":"product","2":"type-product","3":"status-publish","4":"has-post-thumbnail","6":"product_cat-torebki","8":"first","9":"instock","10":"shipping-taxable","11":"purchasable","12":"product-type-simple"},"_links":{"self":[{"href":"https:\/\/classysassybutik.pl\/en\/wp-json\/wp\/v2\/product\/13998","targetHints":{"allow":["GET"]}}],"collection":[{"href":"https:\/\/classysassybutik.pl\/en\/wp-json\/wp\/v2\/product"}],"about":[{"href":"https:\/\/classysassybutik.pl\/en\/wp-json\/wp\/v2\/types\/product"}],"replies":[{"embeddable":true,"href":"https:\/\/classysassybutik.pl\/en\/wp-json\/wp\/v2\/comments?post=13998"}],"wp:featuredmedia":[{"embeddable":true,"href":"https:\/\/classysassybutik.pl\/en\/wp-json\/wp\/v2\/media\/13999"}],"wp:attachment":[{"href":"https:\/\/classysassybutik.pl\/en\/wp-json\/wp\/v2\/media?parent=13998"}],"wp:term":[{"taxonomy":"product_brand","embeddable":true,"href":"https:\/\/classysassybutik.pl\/en\/wp-json\/wp\/v2\/product_brand?post=13998"},{"taxonomy":"product_cat","embeddable":true,"href":"https:\/\/classysassybutik.pl\/en\/wp-json\/wp\/v2\/product_cat?post=13998"},{"taxonomy":"product_tag","embeddable":true,"href":"https:\/\/classysassybutik.pl\/en\/wp-json\/wp\/v2\/product_tag?post=13998"}],"curies":[{"name":"wp","href":"https:\/\/api.w.org\/{rel}","templated":true}]}}