{"id":14005,"date":"2026-02-04T18:51:41","date_gmt":"2026-02-04T17:51:41","guid":{"rendered":"https:\/\/classysassybutik.pl\/?post_type=product&#038;p=14005"},"modified":"2026-02-08T20:36:06","modified_gmt":"2026-02-08T19:36:06","slug":"kurtka-tessa-eco-skora-la-milla-musztardowa","status":"publish","type":"product","link":"https:\/\/classysassybutik.pl\/en\/product\/kurtka-tessa-eco-skora-la-milla-musztardowa\/","title":{"rendered":"Kurtka Tessa Eco-Sk\u00f3ra La Milla Musztardowa"},"content":{"rendered":"<p>Kurtka La Milla Tessa z eko sk\u00f3ry w musztardowym kolorze to kr\u00f3tki, modny model o wyrazistej linii ramion i kopertowym kroju. Wykonana z wysokiej jako\u015bci materia\u0142u, dodaje stylizacji charakteru i nowoczesnego wygl\u0105du. Idealna do jeans\u00f3w, spodni z wysokim stanem i eleganckich zestaw\u00f3w.<\/p>\n<p>&nbsp;<\/p>\n<p>Universal size.<\/p>\n<p>Dimensions:<\/p>\n<p>Overall length: 56 cm<\/p>\n<p>Obw\u00f3d w biu\u015bcie: 114 cm<\/p>\n<p>Waist circumference: 84 cm<\/p>\n<p>Sleeve length from shoulder: 64 cm<\/p>\n<p>D\u0142ugo\u015b\u0107 r\u0119kawa od pachy: 48 cm<\/p>\n<p>&nbsp;<\/p>\n<p>&nbsp;<\/p>\n<p>Clothes measured flat! Individual measurements may vary +\/- 2 cm.<\/p>\n<p>&nbsp;<\/p>\n<p>Product designed and sewn in Poland.<\/p>","protected":false},"excerpt":{"rendered":"<p>Kurtka La Milla Tessa z eko sk\u00f3ry w musztardowym kolorze to kr\u00f3tki, modny model o wyrazistej linii ramion i kopertowym kroju. Wykonana z wysokiej jako\u015bci materia\u0142u, dodaje stylizacji charakteru i nowoczesnego wygl\u0105du. Idealna do jeans\u00f3w, spodni z wysokim stanem i eleganckich zestaw\u00f3w. &nbsp; Rozmiar uniwersalny. Wymiary: D\u0142ugo\u015b\u0107 ca\u0142kowita: 56 cm Obw\u00f3d w biu\u015bcie: 114 cm [&hellip;]<\/p>","protected":false},"featured_media":14007,"comment_status":"open","ping_status":"closed","template":"","meta":[],"product_brand":[],"product_cat":[32,94],"product_tag":[],"class_list":{"0":"post-14005","1":"product","2":"type-product","3":"status-publish","4":"has-post-thumbnail","6":"product_cat-okrycia-wierzchnie","7":"product_cat-nowosci","9":"first","10":"instock","11":"shipping-taxable","12":"purchasable","13":"product-type-simple"},"_links":{"self":[{"href":"https:\/\/classysassybutik.pl\/en\/wp-json\/wp\/v2\/product\/14005","targetHints":{"allow":["GET"]}}],"collection":[{"href":"https:\/\/classysassybutik.pl\/en\/wp-json\/wp\/v2\/product"}],"about":[{"href":"https:\/\/classysassybutik.pl\/en\/wp-json\/wp\/v2\/types\/product"}],"replies":[{"embeddable":true,"href":"https:\/\/classysassybutik.pl\/en\/wp-json\/wp\/v2\/comments?post=14005"}],"wp:featuredmedia":[{"embeddable":true,"href":"https:\/\/classysassybutik.pl\/en\/wp-json\/wp\/v2\/media\/14007"}],"wp:attachment":[{"href":"https:\/\/classysassybutik.pl\/en\/wp-json\/wp\/v2\/media?parent=14005"}],"wp:term":[{"taxonomy":"product_brand","embeddable":true,"href":"https:\/\/classysassybutik.pl\/en\/wp-json\/wp\/v2\/product_brand?post=14005"},{"taxonomy":"product_cat","embeddable":true,"href":"https:\/\/classysassybutik.pl\/en\/wp-json\/wp\/v2\/product_cat?post=14005"},{"taxonomy":"product_tag","embeddable":true,"href":"https:\/\/classysassybutik.pl\/en\/wp-json\/wp\/v2\/product_tag?post=14005"}],"curies":[{"name":"wp","href":"https:\/\/api.w.org\/{rel}","templated":true}]}}