{"id":14015,"date":"2026-02-05T14:17:28","date_gmt":"2026-02-05T13:17:28","guid":{"rendered":"https:\/\/classysassybutik.pl\/?post_type=product&#038;p=14015"},"modified":"2026-02-05T14:17:30","modified_gmt":"2026-02-05T13:17:30","slug":"spodnico-spodenki-koronkowe-biale","status":"publish","type":"product","link":"https:\/\/classysassybutik.pl\/en\/product\/spodnico-spodenki-koronkowe-biale\/","title":{"rendered":"Sp\u00f3dnico-Spodenki Koronkowe Bia\u0142e"},"content":{"rendered":"<p>Composition: 95% cotton, 5% elastane<\/p>\n<p>&nbsp;<\/p>\n<p>Wymiary XS\/S:<\/p>\n<p>&nbsp;<\/p>\n<p>Overall length: 36 cm<\/p>\n<p>Leg length: 6 cm<\/p>\n<p>State height: 30 cm<\/p>\n<p>Obw\u00f3d w pasie (gumka): od 60 cm do 100 cm po rozci\u0105gni\u0119ciu<\/p>\n<p>&nbsp;<\/p>\n<p>Wymiary M\/L:<\/p>\n<p>&nbsp;<\/p>\n<p>Overall length: 36 cm<\/p>\n<p>Leg length: 6 cm<\/p>\n<p>State height: 30 cm<\/p>\n<p>Obw\u00f3d w pasie (gumka): od 68 cm do 108 cm po rozci\u0105gni\u0119ciu<\/p>\n<p>&nbsp;<\/p>\n<p>Produkt mierzony na p\u0142asko. Wymiary mog\u0105 r\u00f3\u017cni\u0107 si\u0119 +\/-2 cm.<\/p>\n<p>&nbsp;<\/p>\n<ol>\n<li>Polish-made product.<\/li>\n<\/ol>","protected":false},"excerpt":{"rendered":"<p>Sk\u0142ad: 95% bawe\u0142na, 5% elastan &nbsp; Wymiary XS\/S: &nbsp; D\u0142ugo\u015b\u0107 ca\u0142kowita: 36 cm D\u0142ugo\u015b\u0107 nogawki: 6 cm Wysoko\u015b\u0107 stanu: 30 cm Obw\u00f3d w pasie (gumka): od 60 cm do 100 cm po rozci\u0105gni\u0119ciu &nbsp; Wymiary M\/L: &nbsp; D\u0142ugo\u015b\u0107 ca\u0142kowita: 36 cm D\u0142ugo\u015b\u0107 nogawki: 6 cm Wysoko\u015b\u0107 stanu: 30 cm Obw\u00f3d w pasie (gumka): od 68 [&hellip;]<\/p>","protected":false},"featured_media":14022,"comment_status":"open","ping_status":"closed","template":"","meta":[],"product_brand":[],"product_cat":[94,110,31],"product_tag":[],"class_list":{"0":"post-14015","1":"product","2":"type-product","3":"status-publish","4":"has-post-thumbnail","6":"product_cat-nowosci","7":"product_cat-spodenki","8":"product_cat-spodnice","10":"first","11":"instock","12":"shipping-taxable","13":"purchasable","14":"product-type-variable"},"_links":{"self":[{"href":"https:\/\/classysassybutik.pl\/en\/wp-json\/wp\/v2\/product\/14015","targetHints":{"allow":["GET"]}}],"collection":[{"href":"https:\/\/classysassybutik.pl\/en\/wp-json\/wp\/v2\/product"}],"about":[{"href":"https:\/\/classysassybutik.pl\/en\/wp-json\/wp\/v2\/types\/product"}],"replies":[{"embeddable":true,"href":"https:\/\/classysassybutik.pl\/en\/wp-json\/wp\/v2\/comments?post=14015"}],"wp:featuredmedia":[{"embeddable":true,"href":"https:\/\/classysassybutik.pl\/en\/wp-json\/wp\/v2\/media\/14022"}],"wp:attachment":[{"href":"https:\/\/classysassybutik.pl\/en\/wp-json\/wp\/v2\/media?parent=14015"}],"wp:term":[{"taxonomy":"product_brand","embeddable":true,"href":"https:\/\/classysassybutik.pl\/en\/wp-json\/wp\/v2\/product_brand?post=14015"},{"taxonomy":"product_cat","embeddable":true,"href":"https:\/\/classysassybutik.pl\/en\/wp-json\/wp\/v2\/product_cat?post=14015"},{"taxonomy":"product_tag","embeddable":true,"href":"https:\/\/classysassybutik.pl\/en\/wp-json\/wp\/v2\/product_tag?post=14015"}],"curies":[{"name":"wp","href":"https:\/\/api.w.org\/{rel}","templated":true}]}}