{"id":14030,"date":"2026-02-05T14:42:24","date_gmt":"2026-02-05T13:42:24","guid":{"rendered":"https:\/\/classysassybutik.pl\/?post_type=product&#038;p=14030"},"modified":"2026-02-05T14:42:25","modified_gmt":"2026-02-05T13:42:25","slug":"skarpetki-z-roza-la-milla-czarne","status":"publish","type":"product","link":"https:\/\/classysassybutik.pl\/en\/product\/skarpetki-z-roza-la-milla-czarne\/","title":{"rendered":"Skarpetki z R\u00f3\u017ca La Milla Czarne"},"content":{"rendered":"<p>Skarpety dzianinowe\u00a0 zdobione r\u00f3\u017c\u0105.<\/p>\n<p>&nbsp;<\/p>\n<p><strong>Original LaMilla product<\/strong><\/p>\n<p>&nbsp;<\/p>\n<p>Sk\u0142ad: 80% bawe\u0142na, 17% poliamid, 3% elastan<\/p>","protected":false},"excerpt":{"rendered":"<p>Skarpety dzianinowe\u00a0 zdobione r\u00f3\u017c\u0105. &nbsp; Oryginalny produkt LaMilla &nbsp; Sk\u0142ad: 80% bawe\u0142na, 17% poliamid, 3% elastan<\/p>","protected":false},"featured_media":9855,"comment_status":"open","ping_status":"closed","template":"","meta":[],"product_brand":[],"product_cat":[115],"product_tag":[],"class_list":{"0":"post-14030","1":"product","2":"type-product","3":"status-publish","4":"has-post-thumbnail","6":"product_cat-skarpetki","8":"first","9":"instock","10":"shipping-taxable","11":"purchasable","12":"product-type-simple"},"_links":{"self":[{"href":"https:\/\/classysassybutik.pl\/en\/wp-json\/wp\/v2\/product\/14030","targetHints":{"allow":["GET"]}}],"collection":[{"href":"https:\/\/classysassybutik.pl\/en\/wp-json\/wp\/v2\/product"}],"about":[{"href":"https:\/\/classysassybutik.pl\/en\/wp-json\/wp\/v2\/types\/product"}],"replies":[{"embeddable":true,"href":"https:\/\/classysassybutik.pl\/en\/wp-json\/wp\/v2\/comments?post=14030"}],"wp:featuredmedia":[{"embeddable":true,"href":"https:\/\/classysassybutik.pl\/en\/wp-json\/wp\/v2\/media\/9855"}],"wp:attachment":[{"href":"https:\/\/classysassybutik.pl\/en\/wp-json\/wp\/v2\/media?parent=14030"}],"wp:term":[{"taxonomy":"product_brand","embeddable":true,"href":"https:\/\/classysassybutik.pl\/en\/wp-json\/wp\/v2\/product_brand?post=14030"},{"taxonomy":"product_cat","embeddable":true,"href":"https:\/\/classysassybutik.pl\/en\/wp-json\/wp\/v2\/product_cat?post=14030"},{"taxonomy":"product_tag","embeddable":true,"href":"https:\/\/classysassybutik.pl\/en\/wp-json\/wp\/v2\/product_tag?post=14030"}],"curies":[{"name":"wp","href":"https:\/\/api.w.org\/{rel}","templated":true}]}}