{"id":14034,"date":"2026-02-12T09:42:26","date_gmt":"2026-02-12T08:42:26","guid":{"rendered":"https:\/\/classysassybutik.pl\/?post_type=product&#038;p=14034"},"modified":"2026-02-12T09:42:28","modified_gmt":"2026-02-12T08:42:28","slug":"koszula-jeansowa-gwiazdka","status":"publish","type":"product","link":"https:\/\/classysassybutik.pl\/en\/product\/koszula-jeansowa-gwiazdka\/","title":{"rendered":"Koszula Jeansowa Gwiazdka"},"content":{"rendered":"<p>Rozmiary: S\/M, M\/L<\/p>\n<p>&nbsp;<\/p>\n<p>Dimensions:<\/p>\n<p>S\/M<\/p>\n<p>d\u0142ugo\u015b\u0107 ca\u0142kowita : 66 cm<\/p>\n<p>szeroko\u015b\u0107 pod pachami: 47 cm x2<\/p>\n<p>szeroko\u015b\u0107 na dole: 50 cm x2<\/p>\n<p>d\u0142ugo\u015b\u0107 r\u0119kawa zew.\/wew.: 61\/47 cm<\/p>\n<p>&nbsp;<\/p>\n<p>M\/L<\/p>\n<p>d\u0142ugo\u015b\u0107 ca\u0142kowita : 68 cm<\/p>\n<p>szeroko\u015b\u0107 pod pachami: 50 cm x2<\/p>\n<p>szeroko\u015b\u0107 na dole: 52 cm x2<\/p>\n<p>d\u0142ugo\u015b\u0107 r\u0119kawa zew.\/wew.: 61\/47 cm<\/p>\n<p>Sk\u0142ad z metki: 90% bawe\u0142na, 10% poliester<\/p>","protected":false},"excerpt":{"rendered":"<p>Rozmiary: S\/M, M\/L &nbsp; Wymiary: S\/M d\u0142ugo\u015b\u0107 ca\u0142kowita : 66 cm szeroko\u015b\u0107 pod pachami: 47 cm x2 szeroko\u015b\u0107 na dole: 50 cm x2 d\u0142ugo\u015b\u0107 r\u0119kawa zew.\/wew.: 61\/47 cm &nbsp; M\/L d\u0142ugo\u015b\u0107 ca\u0142kowita : 68 cm szeroko\u015b\u0107 pod pachami: 50 cm x2 szeroko\u015b\u0107 na dole: 52 cm x2 d\u0142ugo\u015b\u0107 r\u0119kawa zew.\/wew.: 61\/47 cm Sk\u0142ad z metki: [&hellip;]<\/p>","protected":false},"featured_media":14041,"comment_status":"open","ping_status":"closed","template":"","meta":[],"product_brand":[],"product_cat":[114,94],"product_tag":[],"class_list":{"0":"post-14034","1":"product","2":"type-product","3":"status-publish","4":"has-post-thumbnail","6":"product_cat-koszula","7":"product_cat-nowosci","9":"first","10":"instock","11":"shipping-taxable","12":"purchasable","13":"product-type-variable"},"_links":{"self":[{"href":"https:\/\/classysassybutik.pl\/en\/wp-json\/wp\/v2\/product\/14034","targetHints":{"allow":["GET"]}}],"collection":[{"href":"https:\/\/classysassybutik.pl\/en\/wp-json\/wp\/v2\/product"}],"about":[{"href":"https:\/\/classysassybutik.pl\/en\/wp-json\/wp\/v2\/types\/product"}],"replies":[{"embeddable":true,"href":"https:\/\/classysassybutik.pl\/en\/wp-json\/wp\/v2\/comments?post=14034"}],"wp:featuredmedia":[{"embeddable":true,"href":"https:\/\/classysassybutik.pl\/en\/wp-json\/wp\/v2\/media\/14041"}],"wp:attachment":[{"href":"https:\/\/classysassybutik.pl\/en\/wp-json\/wp\/v2\/media?parent=14034"}],"wp:term":[{"taxonomy":"product_brand","embeddable":true,"href":"https:\/\/classysassybutik.pl\/en\/wp-json\/wp\/v2\/product_brand?post=14034"},{"taxonomy":"product_cat","embeddable":true,"href":"https:\/\/classysassybutik.pl\/en\/wp-json\/wp\/v2\/product_cat?post=14034"},{"taxonomy":"product_tag","embeddable":true,"href":"https:\/\/classysassybutik.pl\/en\/wp-json\/wp\/v2\/product_tag?post=14034"}],"curies":[{"name":"wp","href":"https:\/\/api.w.org\/{rel}","templated":true}]}}