{"id":14054,"date":"2026-02-12T15:23:36","date_gmt":"2026-02-12T14:23:36","guid":{"rendered":"https:\/\/classysassybutik.pl\/?post_type=product&#038;p=14054"},"modified":"2026-04-21T17:08:05","modified_gmt":"2026-04-21T15:08:05","slug":"marynarka-podwojna-klamra-ecru-la-milla","status":"publish","type":"product","link":"https:\/\/classysassybutik.pl\/en\/product\/marynarka-podwojna-klamra-ecru-la-milla\/","title":{"rendered":"Marynarka Podw\u00f3jna Klamra Ecru La Milla"},"content":{"rendered":"<p>Damska marynarka od La Milla Fason z podw\u00f3jnym paskiem w talii i szerokimi mankietami zapinanymi na ozdobne guziki.Lekko oversize\u2019owy fason sprawia, \u017ce wygl\u0105da stylowo, a jednocze\u015bnie pasuje do eleganckich i casualowych stylizacji.<\/p>\n<p>&nbsp;<\/p>\n<p>Composition: 95%viscose, 5%elastane<\/p>\n<p>&nbsp;<\/p>\n<p>Universal size:<\/p>\n<p>Width between armpits 56cm x2<\/p>\n<p>Width at bottom 62cm x2<\/p>\n<p>Sleeve length from shoulder 62cm<\/p>\n<p>Sleeve length from armpit 44cm<\/p>\n<p>D\u0142ugo\u015b\u0107 80cm<\/p>","protected":false},"excerpt":{"rendered":"<p>Damska marynarka od La Milla Fason z podw\u00f3jnym paskiem w talii i szerokimi mankietami zapinanymi na ozdobne guziki.Lekko oversize\u2019owy fason sprawia, \u017ce wygl\u0105da stylowo, a jednocze\u015bnie pasuje do eleganckich i casualowych stylizacji. &nbsp; Sk\u0142ad: 95%wiskoza, 5%elastan &nbsp; Rozmiar uniwersalny: Szeroko\u015b\u0107 mi\u0119dzy pachami 56cm x2 Szeroko\u015b\u0107 na dole 62cm x2 D\u0142ugo\u015b\u0107 r\u0119kawa od ramienia 62cm D\u0142ugo\u015b\u0107 [&hellip;]<\/p>","protected":false},"featured_media":14055,"comment_status":"open","ping_status":"closed","template":"","meta":[],"product_brand":[],"product_cat":[94,29],"product_tag":[],"class_list":{"0":"post-14054","1":"product","2":"type-product","3":"status-publish","4":"has-post-thumbnail","6":"product_cat-nowosci","7":"product_cat-marynarki","9":"first","10":"instock","11":"sale","12":"shipping-taxable","13":"purchasable","14":"product-type-simple"},"_links":{"self":[{"href":"https:\/\/classysassybutik.pl\/en\/wp-json\/wp\/v2\/product\/14054","targetHints":{"allow":["GET"]}}],"collection":[{"href":"https:\/\/classysassybutik.pl\/en\/wp-json\/wp\/v2\/product"}],"about":[{"href":"https:\/\/classysassybutik.pl\/en\/wp-json\/wp\/v2\/types\/product"}],"replies":[{"embeddable":true,"href":"https:\/\/classysassybutik.pl\/en\/wp-json\/wp\/v2\/comments?post=14054"}],"wp:featuredmedia":[{"embeddable":true,"href":"https:\/\/classysassybutik.pl\/en\/wp-json\/wp\/v2\/media\/14055"}],"wp:attachment":[{"href":"https:\/\/classysassybutik.pl\/en\/wp-json\/wp\/v2\/media?parent=14054"}],"wp:term":[{"taxonomy":"product_brand","embeddable":true,"href":"https:\/\/classysassybutik.pl\/en\/wp-json\/wp\/v2\/product_brand?post=14054"},{"taxonomy":"product_cat","embeddable":true,"href":"https:\/\/classysassybutik.pl\/en\/wp-json\/wp\/v2\/product_cat?post=14054"},{"taxonomy":"product_tag","embeddable":true,"href":"https:\/\/classysassybutik.pl\/en\/wp-json\/wp\/v2\/product_tag?post=14054"}],"curies":[{"name":"wp","href":"https:\/\/api.w.org\/{rel}","templated":true}]}}