{"id":14063,"date":"2026-02-12T15:32:37","date_gmt":"2026-02-12T14:32:37","guid":{"rendered":"https:\/\/classysassybutik.pl\/?post_type=product&#038;p=14063"},"modified":"2026-03-30T17:27:22","modified_gmt":"2026-03-30T15:27:22","slug":"kardigan-sweety-z-moherem-niebieski","status":"publish","type":"product","link":"https:\/\/classysassybutik.pl\/en\/product\/kardigan-sweety-z-moherem-niebieski\/","title":{"rendered":"Kardigan Sweety z Moherem Niebieski"},"content":{"rendered":"<p>Kardigan z przewag\u0105 moheru w sk\u0142adzie, kt\u00f3ry otuli Ci\u0119 mi\u0119kko\u015bci\u0105 i doda elegancji ka\u017cdej stylizacji. Idealny wyb\u00f3r na nadchodz\u0105cy sezon, gdy liczy si\u0119 komfort i styl w jednym.<\/p>\n<p>&#8211; struktura materia\u0142u niezwykle przyjemna i mi\u0119kka, pokryta puszystymi w\u0142\u00f3knami,<\/p>\n<p>&#8211; subtelne w\u0142osie na powierzchni,<\/p>\n<p>&#8211; dekolt w kszta\u0142cie litery v,<\/p>\n<p>&#8211; bufiaste r\u0119kawy zako\u0144czone \u015bci\u0105gaczem,<\/p>\n<p>&#8211; zapinany na guziki,<\/p>\n<p>&#8211; subtelny, dekoracyjny \u015bci\u0105gacz w dole.<\/p>\n<p>&nbsp;<\/p>\n<p>&nbsp;<\/p>\n<p>Dodaj swojej garderobie odrobin\u0119 przytulno\u015bci. Ten kardigan sprawdzi si\u0119 zar\u00f3wno w codziennych, jak i bardziej eleganckich zestawach.<\/p>\n<p>&nbsp;<\/p>\n<p>Additional information<\/p>\n<p>&nbsp;<\/p>\n<p>Imported product<\/p>","protected":false},"excerpt":{"rendered":"<p>Kardigan z przewag\u0105 moheru w sk\u0142adzie, kt\u00f3ry otuli Ci\u0119 mi\u0119kko\u015bci\u0105 i doda elegancji ka\u017cdej stylizacji. Idealny wyb\u00f3r na nadchodz\u0105cy sezon, gdy liczy si\u0119 komfort i styl w jednym. &#8211; struktura materia\u0142u niezwykle przyjemna i mi\u0119kka, pokryta puszystymi w\u0142\u00f3knami, &#8211; subtelne w\u0142osie na powierzchni, &#8211; dekolt w kszta\u0142cie litery v, &#8211; bufiaste r\u0119kawy zako\u0144czone \u015bci\u0105gaczem, &#8211; [&hellip;]<\/p>","protected":false},"featured_media":14064,"comment_status":"open","ping_status":"closed","template":"","meta":[],"product_brand":[],"product_cat":[16,94],"product_tag":[],"class_list":{"0":"post-14063","1":"product","2":"type-product","3":"status-publish","4":"has-post-thumbnail","6":"product_cat-swetry","7":"product_cat-nowosci","9":"first","10":"instock","11":"sale","12":"shipping-taxable","13":"purchasable","14":"product-type-simple"},"_links":{"self":[{"href":"https:\/\/classysassybutik.pl\/en\/wp-json\/wp\/v2\/product\/14063","targetHints":{"allow":["GET"]}}],"collection":[{"href":"https:\/\/classysassybutik.pl\/en\/wp-json\/wp\/v2\/product"}],"about":[{"href":"https:\/\/classysassybutik.pl\/en\/wp-json\/wp\/v2\/types\/product"}],"replies":[{"embeddable":true,"href":"https:\/\/classysassybutik.pl\/en\/wp-json\/wp\/v2\/comments?post=14063"}],"wp:featuredmedia":[{"embeddable":true,"href":"https:\/\/classysassybutik.pl\/en\/wp-json\/wp\/v2\/media\/14064"}],"wp:attachment":[{"href":"https:\/\/classysassybutik.pl\/en\/wp-json\/wp\/v2\/media?parent=14063"}],"wp:term":[{"taxonomy":"product_brand","embeddable":true,"href":"https:\/\/classysassybutik.pl\/en\/wp-json\/wp\/v2\/product_brand?post=14063"},{"taxonomy":"product_cat","embeddable":true,"href":"https:\/\/classysassybutik.pl\/en\/wp-json\/wp\/v2\/product_cat?post=14063"},{"taxonomy":"product_tag","embeddable":true,"href":"https:\/\/classysassybutik.pl\/en\/wp-json\/wp\/v2\/product_tag?post=14063"}],"curies":[{"name":"wp","href":"https:\/\/api.w.org\/{rel}","templated":true}]}}