{"id":14113,"date":"2026-02-17T08:48:46","date_gmt":"2026-02-17T07:48:46","guid":{"rendered":"https:\/\/classysassybutik.pl\/?post_type=product&#038;p=14113"},"modified":"2026-04-06T09:58:30","modified_gmt":"2026-04-06T07:58:30","slug":"bluzka-z-dekoltem-v-blekitna","status":"publish","type":"product","link":"https:\/\/classysassybutik.pl\/en\/product\/bluzka-z-dekoltem-v-blekitna\/","title":{"rendered":"Bluzka z Dekoltem V B\u0142\u0119kitna"},"content":{"rendered":"<p>(mierzone na p\u0142asko, bez rozci\u0105gania +\/- 3cm)<\/p>\n<ul>\n<li>A &#8211; d\u0142ugo\u015b\u0107 ca\u0142kowita &#8211; 50 cm<\/li>\n<li>B &#8211; szeroko\u015b\u0107 w ramionach &#8211; 37 cm x 2<\/li>\n<li>C\u00a0&#8211; szeroko\u015b\u0107 pod pachami &#8211; 41 cm x 2<\/li>\n<li>D\u00a0&#8211; szeroko\u015b\u0107 w pasie &#8211; 35 cm x 2<\/li>\n<li>E\u00a0&#8211; szeroko\u015b\u0107 do\u0142u &#8211; 39 cm x 2<\/li>\n<li>F\u00a0&#8211; d\u0142ugo\u015b\u0107 r\u0119kawa od pachy &#8211; 48 cm<\/li>\n<\/ul>\n<h3><strong>Material composition:<\/strong><\/h3>\n<ul>\n<li>100% wiskoza<\/li>\n<\/ul>","protected":false},"excerpt":{"rendered":"<p>(mierzone na p\u0142asko, bez rozci\u0105gania +\/- 3cm) A &#8211; d\u0142ugo\u015b\u0107 ca\u0142kowita &#8211; 50 cm B &#8211; szeroko\u015b\u0107 w ramionach &#8211; 37 cm x 2 C\u00a0&#8211; szeroko\u015b\u0107 pod pachami &#8211; 41 cm x 2 D\u00a0&#8211; szeroko\u015b\u0107 w pasie &#8211; 35 cm x 2 E\u00a0&#8211; szeroko\u015b\u0107 do\u0142u &#8211; 39 cm x 2 F\u00a0&#8211; d\u0142ugo\u015b\u0107 r\u0119kawa od pachy [&hellip;]<\/p>","protected":false},"featured_media":14114,"comment_status":"open","ping_status":"closed","template":"","meta":[],"product_brand":[],"product_cat":[28,94],"product_tag":[],"class_list":{"0":"post-14113","1":"product","2":"type-product","3":"status-publish","4":"has-post-thumbnail","6":"product_cat-bluzki","7":"product_cat-nowosci","9":"first","10":"instock","11":"sale","12":"shipping-taxable","13":"purchasable","14":"product-type-simple"},"_links":{"self":[{"href":"https:\/\/classysassybutik.pl\/en\/wp-json\/wp\/v2\/product\/14113","targetHints":{"allow":["GET"]}}],"collection":[{"href":"https:\/\/classysassybutik.pl\/en\/wp-json\/wp\/v2\/product"}],"about":[{"href":"https:\/\/classysassybutik.pl\/en\/wp-json\/wp\/v2\/types\/product"}],"replies":[{"embeddable":true,"href":"https:\/\/classysassybutik.pl\/en\/wp-json\/wp\/v2\/comments?post=14113"}],"wp:featuredmedia":[{"embeddable":true,"href":"https:\/\/classysassybutik.pl\/en\/wp-json\/wp\/v2\/media\/14114"}],"wp:attachment":[{"href":"https:\/\/classysassybutik.pl\/en\/wp-json\/wp\/v2\/media?parent=14113"}],"wp:term":[{"taxonomy":"product_brand","embeddable":true,"href":"https:\/\/classysassybutik.pl\/en\/wp-json\/wp\/v2\/product_brand?post=14113"},{"taxonomy":"product_cat","embeddable":true,"href":"https:\/\/classysassybutik.pl\/en\/wp-json\/wp\/v2\/product_cat?post=14113"},{"taxonomy":"product_tag","embeddable":true,"href":"https:\/\/classysassybutik.pl\/en\/wp-json\/wp\/v2\/product_tag?post=14113"}],"curies":[{"name":"wp","href":"https:\/\/api.w.org\/{rel}","templated":true}]}}