{"id":14123,"date":"2026-02-17T12:19:50","date_gmt":"2026-02-17T11:19:50","guid":{"rendered":"https:\/\/classysassybutik.pl\/?post_type=product&#038;p=14123"},"modified":"2026-03-30T17:25:55","modified_gmt":"2026-03-30T15:25:55","slug":"kombinezon-kwiaty-jeansowy-la-milla","status":"publish","type":"product","link":"https:\/\/classysassybutik.pl\/en\/product\/kombinezon-kwiaty-jeansowy-la-milla\/","title":{"rendered":"Kombinezon Kwiaty Jeansowy La Milla"},"content":{"rendered":"<p>Ten kombinezon to idealna propozycja na wyj\u0105tkowe okazje, letnie przyj\u0119cia czy wieczorne wyj\u015bcia, kt\u00f3ra nie wymaga wielu dodatk\u00f3w, by stworzy\u0107 spektakularny look.<\/p>\n<p>Kombinezon fantastycznie komponuje si\u0119 z minimalistyczn\u0105, czarn\u0105 torebk\u0105 na ramieniu oraz bi\u017cuteryjnymi akcentami w kolorze z\u0142ota.<\/p>\n<p>W zestawie do\u0142\u0105czony jest pasek.<\/p>\n<p>&nbsp;<\/p>\n<p>Sk\u0142ad: 60% bawe\u0142na, 36% poliamid, 4% elastan.<\/p>","protected":false},"excerpt":{"rendered":"<p>Ten kombinezon to idealna propozycja na wyj\u0105tkowe okazje, letnie przyj\u0119cia czy wieczorne wyj\u015bcia, kt\u00f3ra nie wymaga wielu dodatk\u00f3w, by stworzy\u0107 spektakularny look. Kombinezon fantastycznie komponuje si\u0119 z minimalistyczn\u0105, czarn\u0105 torebk\u0105 na ramieniu oraz bi\u017cuteryjnymi akcentami w kolorze z\u0142ota. W zestawie do\u0142\u0105czony jest pasek. &nbsp; Sk\u0142ad: 60% bawe\u0142na, 36% poliamid, 4% elastan.<\/p>","protected":false},"featured_media":14124,"comment_status":"open","ping_status":"closed","template":"","meta":[],"product_brand":[],"product_cat":[104,94],"product_tag":[],"class_list":{"0":"post-14123","1":"product","2":"type-product","3":"status-publish","4":"has-post-thumbnail","6":"product_cat-kombinezony","7":"product_cat-nowosci","9":"first","10":"instock","11":"sale","12":"shipping-taxable","13":"purchasable","14":"product-type-simple"},"_links":{"self":[{"href":"https:\/\/classysassybutik.pl\/en\/wp-json\/wp\/v2\/product\/14123","targetHints":{"allow":["GET"]}}],"collection":[{"href":"https:\/\/classysassybutik.pl\/en\/wp-json\/wp\/v2\/product"}],"about":[{"href":"https:\/\/classysassybutik.pl\/en\/wp-json\/wp\/v2\/types\/product"}],"replies":[{"embeddable":true,"href":"https:\/\/classysassybutik.pl\/en\/wp-json\/wp\/v2\/comments?post=14123"}],"wp:featuredmedia":[{"embeddable":true,"href":"https:\/\/classysassybutik.pl\/en\/wp-json\/wp\/v2\/media\/14124"}],"wp:attachment":[{"href":"https:\/\/classysassybutik.pl\/en\/wp-json\/wp\/v2\/media?parent=14123"}],"wp:term":[{"taxonomy":"product_brand","embeddable":true,"href":"https:\/\/classysassybutik.pl\/en\/wp-json\/wp\/v2\/product_brand?post=14123"},{"taxonomy":"product_cat","embeddable":true,"href":"https:\/\/classysassybutik.pl\/en\/wp-json\/wp\/v2\/product_cat?post=14123"},{"taxonomy":"product_tag","embeddable":true,"href":"https:\/\/classysassybutik.pl\/en\/wp-json\/wp\/v2\/product_tag?post=14123"}],"curies":[{"name":"wp","href":"https:\/\/api.w.org\/{rel}","templated":true}]}}