{"id":14127,"date":"2026-02-18T10:04:02","date_gmt":"2026-02-18T09:04:02","guid":{"rendered":"https:\/\/classysassybutik.pl\/?post_type=product&#038;p=14127"},"modified":"2026-03-26T13:16:37","modified_gmt":"2026-03-26T12:16:37","slug":"marynarka-paris-z-rozcieciem-na-ramionach-la-milla-biala","status":"publish","type":"product","link":"https:\/\/classysassybutik.pl\/en\/product\/marynarka-paris-z-rozcieciem-na-ramionach-la-milla-biala\/","title":{"rendered":"Marynarka Paris z Rozci\u0119ciem na Ramionach La Milla Bia\u0142a"},"content":{"rendered":"<p data-start=\"596\" data-end=\"833\"><strong>Universal size.<\/strong><\/p>\n<p><strong>Dimensions:<\/strong><\/p>\n<p>D\u0142ugo\u015b\u0107 ca\u0142kowita: 80 cm<br \/>\nObw\u00f3d w biu\u015bcie: 108 cm<br \/>\nObw\u00f3d w pasie: 104 cm<br \/>\nSleeve length from shoulder: 61 cm<br \/>\nSleeve length from armpit: 43 cm<\/p>\n<div class=\"[--thread-content-max-width:40rem] thread-lg:[--thread-content-max-width:48rem] mx-auto max-w-(--thread-content-max-width) flex-1 group\/turn-messages focus-visible:outline-hidden relative flex w-full min-w-0 flex-col agent-turn\" tabindex=\"-1\">\n<p><strong>Sk\u0142ad: 100% bawe\u0142na<\/strong><\/p>\n<\/div>","protected":false},"excerpt":{"rendered":"<p>Rozmiar uniwersalny. Wymiary: D\u0142ugo\u015b\u0107 ca\u0142kowita: 80 cm Obw\u00f3d w biu\u015bcie: 108 cm Obw\u00f3d w pasie: 104 cm D\u0142ugo\u015b\u0107 r\u0119kawa od ramienia: 61 cm D\u0142ugo\u015b\u0107 r\u0119kawa od pachy: 43 cm Sk\u0142ad: 100% bawe\u0142na<\/p>","protected":false},"featured_media":14128,"comment_status":"open","ping_status":"closed","template":"","meta":[],"product_brand":[],"product_cat":[94,29],"product_tag":[],"class_list":{"0":"post-14127","1":"product","2":"type-product","3":"status-publish","4":"has-post-thumbnail","6":"product_cat-nowosci","7":"product_cat-marynarki","9":"first","10":"instock","11":"shipping-taxable","12":"purchasable","13":"product-type-simple"},"_links":{"self":[{"href":"https:\/\/classysassybutik.pl\/en\/wp-json\/wp\/v2\/product\/14127","targetHints":{"allow":["GET"]}}],"collection":[{"href":"https:\/\/classysassybutik.pl\/en\/wp-json\/wp\/v2\/product"}],"about":[{"href":"https:\/\/classysassybutik.pl\/en\/wp-json\/wp\/v2\/types\/product"}],"replies":[{"embeddable":true,"href":"https:\/\/classysassybutik.pl\/en\/wp-json\/wp\/v2\/comments?post=14127"}],"wp:featuredmedia":[{"embeddable":true,"href":"https:\/\/classysassybutik.pl\/en\/wp-json\/wp\/v2\/media\/14128"}],"wp:attachment":[{"href":"https:\/\/classysassybutik.pl\/en\/wp-json\/wp\/v2\/media?parent=14127"}],"wp:term":[{"taxonomy":"product_brand","embeddable":true,"href":"https:\/\/classysassybutik.pl\/en\/wp-json\/wp\/v2\/product_brand?post=14127"},{"taxonomy":"product_cat","embeddable":true,"href":"https:\/\/classysassybutik.pl\/en\/wp-json\/wp\/v2\/product_cat?post=14127"},{"taxonomy":"product_tag","embeddable":true,"href":"https:\/\/classysassybutik.pl\/en\/wp-json\/wp\/v2\/product_tag?post=14127"}],"curies":[{"name":"wp","href":"https:\/\/api.w.org\/{rel}","templated":true}]}}