{"id":14141,"date":"2026-02-18T12:46:47","date_gmt":"2026-02-18T11:46:47","guid":{"rendered":"https:\/\/classysassybutik.pl\/?post_type=product&#038;p=14141"},"modified":"2026-04-06T09:57:42","modified_gmt":"2026-04-06T07:57:42","slug":"bluza-aspen-niebieska-la-milla","status":"publish","type":"product","link":"https:\/\/classysassybutik.pl\/en\/product\/bluza-aspen-niebieska-la-milla\/","title":{"rendered":"Bluza Aspen Niebieska La Milla"},"content":{"rendered":"<p>Model z wysokim ko\u0142nierzem zapinanym na suwak oraz du\u017cym logo LAMILLA na przodzie przyci\u0105ga wzrok i dodaje charakteru.<\/p>\n<p>Lu\u017any, oversize\u2019owy fason oraz praktyczna kiesze\u0144 typu kangurka sprawiaj\u0105, \u017ce bluza \u015bwietnie sprawdzi si\u0119 w codziennych stylizacjach \u2014 zar\u00f3wno do leggins\u00f3w, jeans\u00f3w, jak i sportowych spodni.<\/p>\n<p>Stylowa, ciep\u0142a i niezwykle przyjemna w dotyku \u2014 must have w garderobie na sezon jesienno-zimowy.<\/p>\n<p>&nbsp;<\/p>\n<p>sk\u0142ad 100% bawe\u0142na<\/p>","protected":false},"excerpt":{"rendered":"<p>Model z wysokim ko\u0142nierzem zapinanym na suwak oraz du\u017cym logo LAMILLA na przodzie przyci\u0105ga wzrok i dodaje charakteru. Lu\u017any, oversize\u2019owy fason oraz praktyczna kiesze\u0144 typu kangurka sprawiaj\u0105, \u017ce bluza \u015bwietnie sprawdzi si\u0119 w codziennych stylizacjach \u2014 zar\u00f3wno do leggins\u00f3w, jeans\u00f3w, jak i sportowych spodni. Stylowa, ciep\u0142a i niezwykle przyjemna w dotyku \u2014 must have w [&hellip;]<\/p>","protected":false},"featured_media":14145,"comment_status":"open","ping_status":"closed","template":"","meta":[],"product_brand":[],"product_cat":[27,94],"product_tag":[],"class_list":{"0":"post-14141","1":"product","2":"type-product","3":"status-publish","4":"has-post-thumbnail","6":"product_cat-bluzy","7":"product_cat-nowosci","9":"first","10":"instock","11":"sale","12":"shipping-taxable","13":"purchasable","14":"product-type-simple"},"_links":{"self":[{"href":"https:\/\/classysassybutik.pl\/en\/wp-json\/wp\/v2\/product\/14141","targetHints":{"allow":["GET"]}}],"collection":[{"href":"https:\/\/classysassybutik.pl\/en\/wp-json\/wp\/v2\/product"}],"about":[{"href":"https:\/\/classysassybutik.pl\/en\/wp-json\/wp\/v2\/types\/product"}],"replies":[{"embeddable":true,"href":"https:\/\/classysassybutik.pl\/en\/wp-json\/wp\/v2\/comments?post=14141"}],"wp:featuredmedia":[{"embeddable":true,"href":"https:\/\/classysassybutik.pl\/en\/wp-json\/wp\/v2\/media\/14145"}],"wp:attachment":[{"href":"https:\/\/classysassybutik.pl\/en\/wp-json\/wp\/v2\/media?parent=14141"}],"wp:term":[{"taxonomy":"product_brand","embeddable":true,"href":"https:\/\/classysassybutik.pl\/en\/wp-json\/wp\/v2\/product_brand?post=14141"},{"taxonomy":"product_cat","embeddable":true,"href":"https:\/\/classysassybutik.pl\/en\/wp-json\/wp\/v2\/product_cat?post=14141"},{"taxonomy":"product_tag","embeddable":true,"href":"https:\/\/classysassybutik.pl\/en\/wp-json\/wp\/v2\/product_tag?post=14141"}],"curies":[{"name":"wp","href":"https:\/\/api.w.org\/{rel}","templated":true}]}}