{"id":14194,"date":"2026-02-25T09:33:03","date_gmt":"2026-02-25T08:33:03","guid":{"rendered":"https:\/\/classysassybutik.pl\/?post_type=product&#038;p=14194"},"modified":"2026-04-06T09:55:42","modified_gmt":"2026-04-06T07:55:42","slug":"marynarka-bomber-ecru","status":"publish","type":"product","link":"https:\/\/classysassybutik.pl\/en\/product\/marynarka-bomber-ecru\/","title":{"rendered":"Marynarka Bomber Ecru"},"content":{"rendered":"<p>Marynarka bomberka to modna propozycja dla kobiet, kt\u00f3re ceni\u0105 po\u0142\u0105czenie elegancji i wygody. Kr\u00f3tszy fason pi\u0119knie podkre\u015bla tali\u0119, a lekko zaokr\u0105glony d\u00f3\u0142 nadaje ca\u0142o\u015bci nowoczesnego, kobiecego charakteru. Model doskonale sprawdzi si\u0119 zar\u00f3wno w stylizacjach casualowych z jeansami, jak i bardziej eleganckich zestawach ze spodniami lub sp\u00f3dnic\u0105.<\/p>\n<p>Polish product<\/p>\n<p>Universal size<\/p>\n<p>Sk\u0142ad z metki: 95% wiskoza, 5% elastan<\/p>","protected":false},"excerpt":{"rendered":"<p>Marynarka bomberka to modna propozycja dla kobiet, kt\u00f3re ceni\u0105 po\u0142\u0105czenie elegancji i wygody. Kr\u00f3tszy fason pi\u0119knie podkre\u015bla tali\u0119, a lekko zaokr\u0105glony d\u00f3\u0142 nadaje ca\u0142o\u015bci nowoczesnego, kobiecego charakteru. Model doskonale sprawdzi si\u0119 zar\u00f3wno w stylizacjach casualowych z jeansami, jak i bardziej eleganckich zestawach ze spodniami lub sp\u00f3dnic\u0105. Produkt Polski Rozmiar uniwersalny Sk\u0142ad z metki: 95% wiskoza, [&hellip;]<\/p>","protected":false},"featured_media":14195,"comment_status":"open","ping_status":"closed","template":"","meta":[],"product_brand":[],"product_cat":[29,94],"product_tag":[],"class_list":{"0":"post-14194","1":"product","2":"type-product","3":"status-publish","4":"has-post-thumbnail","6":"product_cat-marynarki","7":"product_cat-nowosci","9":"first","10":"instock","11":"sale","12":"shipping-taxable","13":"purchasable","14":"product-type-simple"},"_links":{"self":[{"href":"https:\/\/classysassybutik.pl\/en\/wp-json\/wp\/v2\/product\/14194","targetHints":{"allow":["GET"]}}],"collection":[{"href":"https:\/\/classysassybutik.pl\/en\/wp-json\/wp\/v2\/product"}],"about":[{"href":"https:\/\/classysassybutik.pl\/en\/wp-json\/wp\/v2\/types\/product"}],"replies":[{"embeddable":true,"href":"https:\/\/classysassybutik.pl\/en\/wp-json\/wp\/v2\/comments?post=14194"}],"wp:featuredmedia":[{"embeddable":true,"href":"https:\/\/classysassybutik.pl\/en\/wp-json\/wp\/v2\/media\/14195"}],"wp:attachment":[{"href":"https:\/\/classysassybutik.pl\/en\/wp-json\/wp\/v2\/media?parent=14194"}],"wp:term":[{"taxonomy":"product_brand","embeddable":true,"href":"https:\/\/classysassybutik.pl\/en\/wp-json\/wp\/v2\/product_brand?post=14194"},{"taxonomy":"product_cat","embeddable":true,"href":"https:\/\/classysassybutik.pl\/en\/wp-json\/wp\/v2\/product_cat?post=14194"},{"taxonomy":"product_tag","embeddable":true,"href":"https:\/\/classysassybutik.pl\/en\/wp-json\/wp\/v2\/product_tag?post=14194"}],"curies":[{"name":"wp","href":"https:\/\/api.w.org\/{rel}","templated":true}]}}