{"id":14198,"date":"2026-02-25T10:02:14","date_gmt":"2026-02-25T09:02:14","guid":{"rendered":"https:\/\/classysassybutik.pl\/?post_type=product&#038;p=14198"},"modified":"2026-02-25T10:02:15","modified_gmt":"2026-02-25T09:02:15","slug":"kurtka-bomberka-pistacjowa","status":"publish","type":"product","link":"https:\/\/classysassybutik.pl\/en\/product\/kurtka-bomberka-pistacjowa\/","title":{"rendered":"Kurtka Bomberka Pistacjowa"},"content":{"rendered":"<p style=\"text-align: left;\">Kr\u00f3tka kurtka bomberka polskiego producenta La Milla t\u2079o model przeznaczony dla kobiet, kt\u00f3re w codziennych stylizacjach uwielbiaj\u0105 czu\u0107 komfort i wygod\u0119. Posiada st\u00f3jk\u0119 i marszczony \u015bci\u0105gaczem d\u00f3\u0142. Zapinana na zatrzaski. Jej design pozwoli na dope\u0142nienie wielu stylizacji. Polecana szczeg\u00f3lnie wraz ze sp\u00f3dniczko spodenkami .<\/p>\n<p>&nbsp;<\/p>\n<p>Composition: 95%viscose, 5%elastane<\/p>\n<p>&nbsp;<\/p>\n<p>Universal size<\/p>\n<p>Szeroko\u015b\u0107 mi\u0119dzy pachami 68cm x2<\/p>\n<p>Szeroko\u015b\u0107 na dole (gumka) 52-68cm x2<\/p>\n<p>Sleeve length from shoulder 62cm<\/p>\n<p>D\u0142ugo\u015b\u0107 r\u0119kawa od pachy 47cm<\/p>\n<p>D\u0142ugo\u015b\u0107 ca\u0142kowita 48cm<\/p>","protected":false},"excerpt":{"rendered":"<p>Kr\u00f3tka kurtka bomberka polskiego producenta La Milla t\u2079o model przeznaczony dla kobiet, kt\u00f3re w codziennych stylizacjach uwielbiaj\u0105 czu\u0107 komfort i wygod\u0119. Posiada st\u00f3jk\u0119 i marszczony \u015bci\u0105gaczem d\u00f3\u0142. Zapinana na zatrzaski. Jej design pozwoli na dope\u0142nienie wielu stylizacji. Polecana szczeg\u00f3lnie wraz ze sp\u00f3dniczko spodenkami . &nbsp; Sk\u0142ad: 95%wiskoza, 5%elastan &nbsp; Rozmiar uniwersalny Szeroko\u015b\u0107 mi\u0119dzy pachami 68cm [&hellip;]<\/p>","protected":false},"featured_media":14199,"comment_status":"open","ping_status":"closed","template":"","meta":[],"product_brand":[],"product_cat":[29,94,32],"product_tag":[],"class_list":{"0":"post-14198","1":"product","2":"type-product","3":"status-publish","4":"has-post-thumbnail","6":"product_cat-marynarki","7":"product_cat-nowosci","8":"product_cat-okrycia-wierzchnie","10":"first","11":"instock","12":"shipping-taxable","13":"purchasable","14":"product-type-simple"},"_links":{"self":[{"href":"https:\/\/classysassybutik.pl\/en\/wp-json\/wp\/v2\/product\/14198","targetHints":{"allow":["GET"]}}],"collection":[{"href":"https:\/\/classysassybutik.pl\/en\/wp-json\/wp\/v2\/product"}],"about":[{"href":"https:\/\/classysassybutik.pl\/en\/wp-json\/wp\/v2\/types\/product"}],"replies":[{"embeddable":true,"href":"https:\/\/classysassybutik.pl\/en\/wp-json\/wp\/v2\/comments?post=14198"}],"wp:featuredmedia":[{"embeddable":true,"href":"https:\/\/classysassybutik.pl\/en\/wp-json\/wp\/v2\/media\/14199"}],"wp:attachment":[{"href":"https:\/\/classysassybutik.pl\/en\/wp-json\/wp\/v2\/media?parent=14198"}],"wp:term":[{"taxonomy":"product_brand","embeddable":true,"href":"https:\/\/classysassybutik.pl\/en\/wp-json\/wp\/v2\/product_brand?post=14198"},{"taxonomy":"product_cat","embeddable":true,"href":"https:\/\/classysassybutik.pl\/en\/wp-json\/wp\/v2\/product_cat?post=14198"},{"taxonomy":"product_tag","embeddable":true,"href":"https:\/\/classysassybutik.pl\/en\/wp-json\/wp\/v2\/product_tag?post=14198"}],"curies":[{"name":"wp","href":"https:\/\/api.w.org\/{rel}","templated":true}]}}