{"id":14236,"date":"2026-03-16T09:32:09","date_gmt":"2026-03-16T08:32:09","guid":{"rendered":"https:\/\/classysassybutik.pl\/?post_type=product&#038;p=14236"},"modified":"2026-04-09T16:16:08","modified_gmt":"2026-04-09T14:16:08","slug":"kurtka-bomberka-rosalia-blue","status":"publish","type":"product","link":"https:\/\/classysassybutik.pl\/en\/product\/kurtka-bomberka-rosalia-blue\/","title":{"rendered":"Kurtka Bomberka Rosalia Blue"},"content":{"rendered":"<p>Kr\u00f3tki fason bomberki pi\u0119knie podkre\u015bla sylwetk\u0119, a jednocze\u015bnie zapewnia wygod\u0119 noszenia. Elastyczne wyko\u0144czenia przy r\u0119kawach i u do\u0142u gwarantuj\u0105 idealne dopasowanie, natomiast zamek na ca\u0142ej d\u0142ugo\u015bci dodaje ca\u0142o\u015bci nowoczesnego charakteru. To model, kt\u00f3ry doskonale uzupe\u0142ni zar\u00f3wno codzienne stylizacje z jeansami, jak i bardziej kobiece zestawy ze sp\u00f3dnic\u0105 czy sukienk\u0105.<\/p>\n<p>Bomberka zosta\u0142a wykonana z wysokogatunkowych materia\u0142\u00f3w, dzi\u0119ki czemu prezentuje si\u0119 niezwykle stylowo i komfortowo nosi si\u0119 przez ca\u0142y dzie\u0144. Idealna na wiosenne dni, kiedy chcesz doda\u0107 stylizacji lekko\u015bci, koloru i luksusowego akcentu.<\/p>\n<p>&nbsp;<\/p>\n<p>Polish product<\/p>\n<p>Sk\u0142ad 100% bawe\u0142na<\/p>","protected":false},"excerpt":{"rendered":"<p>Kr\u00f3tki fason bomberki pi\u0119knie podkre\u015bla sylwetk\u0119, a jednocze\u015bnie zapewnia wygod\u0119 noszenia. Elastyczne wyko\u0144czenia przy r\u0119kawach i u do\u0142u gwarantuj\u0105 idealne dopasowanie, natomiast zamek na ca\u0142ej d\u0142ugo\u015bci dodaje ca\u0142o\u015bci nowoczesnego charakteru. To model, kt\u00f3ry doskonale uzupe\u0142ni zar\u00f3wno codzienne stylizacje z jeansami, jak i bardziej kobiece zestawy ze sp\u00f3dnic\u0105 czy sukienk\u0105. Bomberka zosta\u0142a wykonana z wysokogatunkowych materia\u0142\u00f3w, [&hellip;]<\/p>","protected":false},"featured_media":14237,"comment_status":"open","ping_status":"closed","template":"","meta":[],"product_brand":[],"product_cat":[32,94],"product_tag":[],"class_list":{"0":"post-14236","1":"product","2":"type-product","3":"status-publish","4":"has-post-thumbnail","6":"product_cat-okrycia-wierzchnie","7":"product_cat-nowosci","9":"first","10":"instock","11":"shipping-taxable","12":"purchasable","13":"product-type-simple"},"_links":{"self":[{"href":"https:\/\/classysassybutik.pl\/en\/wp-json\/wp\/v2\/product\/14236","targetHints":{"allow":["GET"]}}],"collection":[{"href":"https:\/\/classysassybutik.pl\/en\/wp-json\/wp\/v2\/product"}],"about":[{"href":"https:\/\/classysassybutik.pl\/en\/wp-json\/wp\/v2\/types\/product"}],"replies":[{"embeddable":true,"href":"https:\/\/classysassybutik.pl\/en\/wp-json\/wp\/v2\/comments?post=14236"}],"wp:featuredmedia":[{"embeddable":true,"href":"https:\/\/classysassybutik.pl\/en\/wp-json\/wp\/v2\/media\/14237"}],"wp:attachment":[{"href":"https:\/\/classysassybutik.pl\/en\/wp-json\/wp\/v2\/media?parent=14236"}],"wp:term":[{"taxonomy":"product_brand","embeddable":true,"href":"https:\/\/classysassybutik.pl\/en\/wp-json\/wp\/v2\/product_brand?post=14236"},{"taxonomy":"product_cat","embeddable":true,"href":"https:\/\/classysassybutik.pl\/en\/wp-json\/wp\/v2\/product_cat?post=14236"},{"taxonomy":"product_tag","embeddable":true,"href":"https:\/\/classysassybutik.pl\/en\/wp-json\/wp\/v2\/product_tag?post=14236"}],"curies":[{"name":"wp","href":"https:\/\/api.w.org\/{rel}","templated":true}]}}