{"id":14240,"date":"2026-03-16T09:43:08","date_gmt":"2026-03-16T08:43:08","guid":{"rendered":"https:\/\/classysassybutik.pl\/?post_type=product&#038;p=14240"},"modified":"2026-03-16T09:43:09","modified_gmt":"2026-03-16T08:43:09","slug":"koszula-dzwonek-la-milla-biala","status":"publish","type":"product","link":"https:\/\/classysassybutik.pl\/en\/product\/koszula-dzwonek-la-milla-biala\/","title":{"rendered":"Koszula Dzwonek La Milla Bia\u0142a"},"content":{"rendered":"<p>D\u0142uga, casualowa koszula damska od La Milla zapinana na guziki, z szerokimi mankietami. Po\u0142\u0105czenie elegancji z nutk\u0105 casualu.<\/p>\n<p>&nbsp;<\/p>\n<p>Original LaMilla product<\/p>\n<p>Composition: 100% viscose<\/p>\n<p>&nbsp;<\/p>\n<p>Universal size<\/p>\n<p>D\u0142ugo\u015b\u0107 r\u0119kawa od dekoltu 90cm<\/p>\n<p>Sleeve length from shoulder 66cm<\/p>\n<p>D\u0142ugo\u015b\u0107 r\u0119kawa od pachy 60cm<\/p>\n<p>Width between armpits 66cm x2<\/p>\n<p>Szeroko\u015b\u0107 na dole 64cm<\/p>\n<p>D\u0142ugo\u015b\u0107 72cm<\/p>\n<p>&nbsp;<\/p>\n<p>The measurements given are the outer measurements of the garment measured flat.<\/p>","protected":false},"excerpt":{"rendered":"<p>D\u0142uga, casualowa koszula damska od La Milla zapinana na guziki, z szerokimi mankietami. Po\u0142\u0105czenie elegancji z nutk\u0105 casualu. &nbsp; Oryginalny produkt LaMilla Sk\u0142ad: 100% wiskoza &nbsp; Rozmiar uniwersalny D\u0142ugo\u015b\u0107 r\u0119kawa od dekoltu 90cm D\u0142ugo\u015b\u0107 r\u0119kawa od ramienia 66cm D\u0142ugo\u015b\u0107 r\u0119kawa od pachy 60cm Szeroko\u015b\u0107 mi\u0119dzy pachami 66cm x2 Szeroko\u015b\u0107 na dole 64cm D\u0142ugo\u015b\u0107 72cm &nbsp; [&hellip;]<\/p>","protected":false},"featured_media":14241,"comment_status":"open","ping_status":"closed","template":"","meta":[],"product_brand":[],"product_cat":[94,114],"product_tag":[],"class_list":{"0":"post-14240","1":"product","2":"type-product","3":"status-publish","4":"has-post-thumbnail","6":"product_cat-nowosci","7":"product_cat-koszula","9":"first","10":"instock","11":"shipping-taxable","12":"purchasable","13":"product-type-simple"},"_links":{"self":[{"href":"https:\/\/classysassybutik.pl\/en\/wp-json\/wp\/v2\/product\/14240","targetHints":{"allow":["GET"]}}],"collection":[{"href":"https:\/\/classysassybutik.pl\/en\/wp-json\/wp\/v2\/product"}],"about":[{"href":"https:\/\/classysassybutik.pl\/en\/wp-json\/wp\/v2\/types\/product"}],"replies":[{"embeddable":true,"href":"https:\/\/classysassybutik.pl\/en\/wp-json\/wp\/v2\/comments?post=14240"}],"wp:featuredmedia":[{"embeddable":true,"href":"https:\/\/classysassybutik.pl\/en\/wp-json\/wp\/v2\/media\/14241"}],"wp:attachment":[{"href":"https:\/\/classysassybutik.pl\/en\/wp-json\/wp\/v2\/media?parent=14240"}],"wp:term":[{"taxonomy":"product_brand","embeddable":true,"href":"https:\/\/classysassybutik.pl\/en\/wp-json\/wp\/v2\/product_brand?post=14240"},{"taxonomy":"product_cat","embeddable":true,"href":"https:\/\/classysassybutik.pl\/en\/wp-json\/wp\/v2\/product_cat?post=14240"},{"taxonomy":"product_tag","embeddable":true,"href":"https:\/\/classysassybutik.pl\/en\/wp-json\/wp\/v2\/product_tag?post=14240"}],"curies":[{"name":"wp","href":"https:\/\/api.w.org\/{rel}","templated":true}]}}