{"id":14256,"date":"2026-03-17T07:21:33","date_gmt":"2026-03-17T06:21:33","guid":{"rendered":"https:\/\/classysassybutik.pl\/?post_type=product&#038;p=14256"},"modified":"2026-03-17T07:21:34","modified_gmt":"2026-03-17T06:21:34","slug":"torebka-shopperka-la-milla-rozowy-napis","status":"publish","type":"product","link":"https:\/\/classysassybutik.pl\/en\/product\/torebka-shopperka-la-milla-rozowy-napis\/","title":{"rendered":"Torebka Shopperka La Milla R\u00f3\u017cowy Napis"},"content":{"rendered":"<p>Shopperka <strong>La Milla<\/strong> to po\u0142\u0105czenie ponadczasowej elegancji i subtelnego, artystycznego charakteru. Wykonana z materia\u0142u o gobelinowej strukturze, zachwyca bogatym, kwiatowym wzorem w ciep\u0142ych, przygaszonych odcieniach \u2013 idealnie wpisuj\u0105cych si\u0119 w estetyk\u0119 vintage i naturalnej klasyki.<\/p>\n<p>Centralnym elementem jest szeroki, jasny panel z kontrastuj\u0105cym, czarnym napisem <strong>\u201cLa Milla\u201d<\/strong>, kt\u00f3ry nadaje ca\u0142o\u015bci wyrazisto\u015bci i rozpoznawalnego stylu. Torebka posiada wygodne, solidne uchwyty, dzi\u0119ki czemu doskonale sprawdzi si\u0119 zar\u00f3wno na co dzie\u0144, jak i jako stylowy dodatek do bardziej dopracowanych stylizacji.<\/p>\n<p>Jej pojemna forma typu shopper pozwala pomie\u015bci\u0107 wszystkie niezb\u0119dne rzeczy \u2013 od dokument\u00f3w po drobne zakupy \u2013 bez kompromisu mi\u0119dzy funkcjonalno\u015bci\u0105 a estetyk\u0105.<\/p>\n<p>To idealny wyb\u00f3r dla os\u00f3b, kt\u00f3re ceni\u0105 <strong>oryginalne detale, wygod\u0119 i mod\u0119 z nut\u0105 nostalgii<\/strong>.<\/p>\n<p>&nbsp;<\/p>\n<p>Produkt Pre Order dost\u0119pny po 18.03.2026<\/p>","protected":false},"excerpt":{"rendered":"<p>Shopperka La Milla to po\u0142\u0105czenie ponadczasowej elegancji i subtelnego, artystycznego charakteru. Wykonana z materia\u0142u o gobelinowej strukturze, zachwyca bogatym, kwiatowym wzorem w ciep\u0142ych, przygaszonych odcieniach \u2013 idealnie wpisuj\u0105cych si\u0119 w estetyk\u0119 vintage i naturalnej klasyki. Centralnym elementem jest szeroki, jasny panel z kontrastuj\u0105cym, czarnym napisem \u201cLa Milla\u201d, kt\u00f3ry nadaje ca\u0142o\u015bci wyrazisto\u015bci i rozpoznawalnego stylu. Torebka [&hellip;]<\/p>","protected":false},"featured_media":14257,"comment_status":"open","ping_status":"closed","template":"","meta":[],"product_brand":[],"product_cat":[94,122,117],"product_tag":[],"class_list":{"0":"post-14256","1":"product","2":"type-product","3":"status-publish","4":"has-post-thumbnail","6":"product_cat-nowosci","7":"product_cat-pre-order","8":"product_cat-torebki","10":"first","11":"instock","12":"shipping-taxable","13":"purchasable","14":"product-type-simple"},"_links":{"self":[{"href":"https:\/\/classysassybutik.pl\/en\/wp-json\/wp\/v2\/product\/14256","targetHints":{"allow":["GET"]}}],"collection":[{"href":"https:\/\/classysassybutik.pl\/en\/wp-json\/wp\/v2\/product"}],"about":[{"href":"https:\/\/classysassybutik.pl\/en\/wp-json\/wp\/v2\/types\/product"}],"replies":[{"embeddable":true,"href":"https:\/\/classysassybutik.pl\/en\/wp-json\/wp\/v2\/comments?post=14256"}],"wp:featuredmedia":[{"embeddable":true,"href":"https:\/\/classysassybutik.pl\/en\/wp-json\/wp\/v2\/media\/14257"}],"wp:attachment":[{"href":"https:\/\/classysassybutik.pl\/en\/wp-json\/wp\/v2\/media?parent=14256"}],"wp:term":[{"taxonomy":"product_brand","embeddable":true,"href":"https:\/\/classysassybutik.pl\/en\/wp-json\/wp\/v2\/product_brand?post=14256"},{"taxonomy":"product_cat","embeddable":true,"href":"https:\/\/classysassybutik.pl\/en\/wp-json\/wp\/v2\/product_cat?post=14256"},{"taxonomy":"product_tag","embeddable":true,"href":"https:\/\/classysassybutik.pl\/en\/wp-json\/wp\/v2\/product_tag?post=14256"}],"curies":[{"name":"wp","href":"https:\/\/api.w.org\/{rel}","templated":true}]}}