{"id":14265,"date":"2026-03-19T09:39:03","date_gmt":"2026-03-19T08:39:03","guid":{"rendered":"https:\/\/classysassybutik.pl\/?post_type=product&#038;p=14265"},"modified":"2026-03-19T09:39:05","modified_gmt":"2026-03-19T08:39:05","slug":"komplet-la-milla-koszula-i-spodniczko-spodenki-bombka-czarny","status":"publish","type":"product","link":"https:\/\/classysassybutik.pl\/en\/product\/komplet-la-milla-koszula-i-spodniczko-spodenki-bombka-czarny\/","title":{"rendered":"Komplet La Milla Koszula i Sp\u00f3dniczko-Spodenki Bombka Czarny"},"content":{"rendered":"<p>Koszula zosta\u0142a wykonana w 100% z wiskozy, dzi\u0119ki czemu materia\u0142 jest lekki, delikatny i przyjemny dla sk\u00f3ry. Tkanina subtelnie op\u0142ywa sylwetk\u0119, nadaj\u0105c stylizacji elegancji i lekko\u015bci. Klasyczny ko\u0142nierzyk oraz zapi\u0119cie na guziki z przodu podkre\u015blaj\u0105 ponadczasowy charakter modelu.<\/p>\n<p>&nbsp;<\/p>\n<p>D\u0142ugie r\u0119kawy zako\u0144czone szerokimi mankietami zapinanymi na guziki dodaj\u0105 koszuli szyku i sprawiaj\u0105, \u017ce \u015bwietnie sprawdzi si\u0119 zar\u00f3wno w codziennych stylizacjach, jak i w bardziej eleganckim wydaniu.<\/p>\n<p>&nbsp;<\/p>\n<p>Model doskonale komponuje si\u0119 z do\u0142\u0105czonymi sp\u00f3dniczko-spodenkami, tworz\u0105c stylowy i wygodny komplet.<\/p>\n<p>&nbsp;<\/p>\n<p>Original product La Milla<\/p>\n<p>&nbsp;<\/p>\n<p>Composition:<\/p>\n<p>100% wiskoza<\/p>\n<p>&nbsp;<\/p>\n<p>Rozmiar: uniwersalny<\/p>\n<p>&nbsp;<\/p>\n<p>Wymiary mierzone na p\u0142asko:<\/p>\n<p>\u2022 szeroko\u015b\u0107 mi\u0119dzy pachami: 66 cm x2<\/p>\n<p>\u2022 szeroko\u015b\u0107 na dole: 62 cm x2<\/p>\n<p>\u2022 d\u0142ugo\u015b\u0107 r\u0119kawa od dekoltu: 88 cm<\/p>\n<p>\u2022 d\u0142ugo\u015b\u0107 r\u0119kawa od pachy: 60 cm<\/p>\n<p>\u2022 d\u0142ugo\u015b\u0107 ca\u0142kowita: 74 cm<\/p>\n<p>&nbsp;<\/p>\n<p>Podane wymiary s\u0105 zewn\u0119trznymi wymiarami odzie\u017cy mierzonymi na p\u0142asko.<\/p>","protected":false},"excerpt":{"rendered":"<p>Koszula zosta\u0142a wykonana w 100% z wiskozy, dzi\u0119ki czemu materia\u0142 jest lekki, delikatny i przyjemny dla sk\u00f3ry. Tkanina subtelnie op\u0142ywa sylwetk\u0119, nadaj\u0105c stylizacji elegancji i lekko\u015bci. Klasyczny ko\u0142nierzyk oraz zapi\u0119cie na guziki z przodu podkre\u015blaj\u0105 ponadczasowy charakter modelu. &nbsp; D\u0142ugie r\u0119kawy zako\u0144czone szerokimi mankietami zapinanymi na guziki dodaj\u0105 koszuli szyku i sprawiaj\u0105, \u017ce \u015bwietnie sprawdzi [&hellip;]<\/p>","protected":false},"featured_media":14269,"comment_status":"open","ping_status":"closed","template":"","meta":[],"product_brand":[],"product_cat":[21,94],"product_tag":[],"class_list":{"0":"post-14265","1":"product","2":"type-product","3":"status-publish","4":"has-post-thumbnail","6":"product_cat-komplety","7":"product_cat-nowosci","9":"first","10":"instock","11":"shipping-taxable","12":"purchasable","13":"product-type-variable"},"_links":{"self":[{"href":"https:\/\/classysassybutik.pl\/en\/wp-json\/wp\/v2\/product\/14265","targetHints":{"allow":["GET"]}}],"collection":[{"href":"https:\/\/classysassybutik.pl\/en\/wp-json\/wp\/v2\/product"}],"about":[{"href":"https:\/\/classysassybutik.pl\/en\/wp-json\/wp\/v2\/types\/product"}],"replies":[{"embeddable":true,"href":"https:\/\/classysassybutik.pl\/en\/wp-json\/wp\/v2\/comments?post=14265"}],"wp:featuredmedia":[{"embeddable":true,"href":"https:\/\/classysassybutik.pl\/en\/wp-json\/wp\/v2\/media\/14269"}],"wp:attachment":[{"href":"https:\/\/classysassybutik.pl\/en\/wp-json\/wp\/v2\/media?parent=14265"}],"wp:term":[{"taxonomy":"product_brand","embeddable":true,"href":"https:\/\/classysassybutik.pl\/en\/wp-json\/wp\/v2\/product_brand?post=14265"},{"taxonomy":"product_cat","embeddable":true,"href":"https:\/\/classysassybutik.pl\/en\/wp-json\/wp\/v2\/product_cat?post=14265"},{"taxonomy":"product_tag","embeddable":true,"href":"https:\/\/classysassybutik.pl\/en\/wp-json\/wp\/v2\/product_tag?post=14265"}],"curies":[{"name":"wp","href":"https:\/\/api.w.org\/{rel}","templated":true}]}}