{"id":14280,"date":"2026-03-19T09:47:54","date_gmt":"2026-03-19T08:47:54","guid":{"rendered":"https:\/\/classysassybutik.pl\/?post_type=product&#038;p=14280"},"modified":"2026-03-19T09:47:55","modified_gmt":"2026-03-19T08:47:55","slug":"koszula-dzwonek-la-milla-rozowa","status":"publish","type":"product","link":"https:\/\/classysassybutik.pl\/en\/product\/koszula-dzwonek-la-milla-rozowa\/","title":{"rendered":"Koszula Dzwonek La Milla R\u00f3\u017cowa"},"content":{"rendered":"<p>D\u0142uga, casualowa koszula damska od La Milla zapinana na guziki, z szerokimi mankietami. Po\u0142\u0105czenie elegancji z nutk\u0105 casualu.<\/p>\n<p>&nbsp;<\/p>\n<p>Original LaMilla product<\/p>\n<p>Composition: 100% viscose<\/p>\n<p>&nbsp;<\/p>\n<p>&nbsp;<\/p>\n<p>Universal size<\/p>\n<p>D\u0142ugo\u015b\u0107 r\u0119kawa od dekoltu 90cm<\/p>\n<p>Sleeve length from shoulder 66cm<\/p>\n<p>D\u0142ugo\u015b\u0107 r\u0119kawa od pachy 60cm<\/p>\n<p>Width between armpits 66cm x2<\/p>\n<p>Szeroko\u015b\u0107 na dole 64cm<\/p>\n<p>D\u0142ugo\u015b\u0107 72cm<\/p>","protected":false},"excerpt":{"rendered":"<blockquote><p>&nbsp;<\/p><\/blockquote>","protected":false},"featured_media":14281,"comment_status":"open","ping_status":"closed","template":"","meta":[],"product_brand":[],"product_cat":[114,94],"product_tag":[],"class_list":{"0":"post-14280","1":"product","2":"type-product","3":"status-publish","4":"has-post-thumbnail","6":"product_cat-koszula","7":"product_cat-nowosci","9":"first","10":"instock","11":"shipping-taxable","12":"purchasable","13":"product-type-simple"},"_links":{"self":[{"href":"https:\/\/classysassybutik.pl\/en\/wp-json\/wp\/v2\/product\/14280","targetHints":{"allow":["GET"]}}],"collection":[{"href":"https:\/\/classysassybutik.pl\/en\/wp-json\/wp\/v2\/product"}],"about":[{"href":"https:\/\/classysassybutik.pl\/en\/wp-json\/wp\/v2\/types\/product"}],"replies":[{"embeddable":true,"href":"https:\/\/classysassybutik.pl\/en\/wp-json\/wp\/v2\/comments?post=14280"}],"wp:featuredmedia":[{"embeddable":true,"href":"https:\/\/classysassybutik.pl\/en\/wp-json\/wp\/v2\/media\/14281"}],"wp:attachment":[{"href":"https:\/\/classysassybutik.pl\/en\/wp-json\/wp\/v2\/media?parent=14280"}],"wp:term":[{"taxonomy":"product_brand","embeddable":true,"href":"https:\/\/classysassybutik.pl\/en\/wp-json\/wp\/v2\/product_brand?post=14280"},{"taxonomy":"product_cat","embeddable":true,"href":"https:\/\/classysassybutik.pl\/en\/wp-json\/wp\/v2\/product_cat?post=14280"},{"taxonomy":"product_tag","embeddable":true,"href":"https:\/\/classysassybutik.pl\/en\/wp-json\/wp\/v2\/product_tag?post=14280"}],"curies":[{"name":"wp","href":"https:\/\/api.w.org\/{rel}","templated":true}]}}