{"id":14291,"date":"2026-03-23T11:57:19","date_gmt":"2026-03-23T10:57:19","guid":{"rendered":"https:\/\/classysassybutik.pl\/?post_type=product&#038;p=14291"},"modified":"2026-03-23T11:57:20","modified_gmt":"2026-03-23T10:57:20","slug":"spodenki-rosalia-zakardowe-la-milla-z-niebieskim","status":"publish","type":"product","link":"https:\/\/classysassybutik.pl\/en\/product\/spodenki-rosalia-zakardowe-la-milla-z-niebieskim\/","title":{"rendered":"Spodenki Rosalia \u017bakardowe La Milla z Niebieskim"},"content":{"rendered":"<p style=\"text-align: left;\">Spodenki \u017cakardowe\u00a0 premium z kieszeniami z dodatkiem niebieskiego koloru to najbardziej elegancki i kobiecy model tej wiosny. Spodenk idealnie pasuj\u0105 kolorystycznie do\u00a0 Marynarki Rosalia z dodatkiem niebieskiego. Spodenki \u017cakardowe s\u0105 wykonane z wysokiej jako\u015bci \u017cakardowego materia\u0142u przez co prezentuje si\u0119 niezwykle oryginalne i luksusowo. Unikatowy i dopracowany w najmniejszym szczeg\u00f3le kr\u00f3j z kieszeniami po bokach i gumk\u0105 w pasie sprawia, \u017ce spodenki s\u0105 niezwykle wygodne i praktyczne. Kwiatowy print idealnie wpisuje si\u0119 w modowe trendy tworz\u0105c ca\u0142\u0105 stylizacj\u0119.<\/p>\n<p style=\"text-align: left;\">\n<p style=\"text-align: left;\">Oryginalny produkt La Milla.<\/p>\n<p style=\"text-align: left;\">\n<p style=\"text-align: left;\">Polish product.<\/p>\n<p style=\"text-align: left;\">\n<p style=\"text-align: left;\">Tkanina sk\u0142ad: 78% bawe\u0142na, 22% poliester<\/p>\n<p style=\"text-align: left;\">\n<p style=\"text-align: left;\">Podszewka sk\u0142ad: 60% wiskoza, 40% poliamid<\/p>\n<p style=\"text-align: left;\">\n<p style=\"text-align: left;\">Dimensions:<\/p>\n<p style=\"text-align: left;\">\n<p style=\"text-align: left;\">Size M\/L<\/p>\n<p style=\"text-align: left;\">\n<p style=\"text-align: left;\">Overall length: 38 cm<\/p>\n<p style=\"text-align: left;\">Szeroko\u015b\u0107 w pasie: 37cm x 2 (rozci\u0105ga si\u0119 do 45)<\/p>\n<p style=\"text-align: left;\">Szeroko\u015b\u0107 w biodrach 100 cm<\/p>","protected":false},"excerpt":{"rendered":"<p>Spodenki \u017cakardowe\u00a0 premium z kieszeniami z dodatkiem niebieskiego koloru to najbardziej elegancki i kobiecy model tej wiosny. Spodenk idealnie pasuj\u0105 kolorystycznie do\u00a0 Marynarki Rosalia z dodatkiem niebieskiego. Spodenki \u017cakardowe s\u0105 wykonane z wysokiej jako\u015bci \u017cakardowego materia\u0142u przez co prezentuje si\u0119 niezwykle oryginalne i luksusowo. Unikatowy i dopracowany w najmniejszym szczeg\u00f3le kr\u00f3j z kieszeniami po bokach [&hellip;]<\/p>","protected":false},"featured_media":14295,"comment_status":"open","ping_status":"closed","template":"","meta":[],"product_brand":[],"product_cat":[94,110],"product_tag":[],"class_list":{"0":"post-14291","1":"product","2":"type-product","3":"status-publish","4":"has-post-thumbnail","6":"product_cat-nowosci","7":"product_cat-spodenki","9":"first","10":"instock","11":"shipping-taxable","12":"purchasable","13":"product-type-variable"},"_links":{"self":[{"href":"https:\/\/classysassybutik.pl\/en\/wp-json\/wp\/v2\/product\/14291","targetHints":{"allow":["GET"]}}],"collection":[{"href":"https:\/\/classysassybutik.pl\/en\/wp-json\/wp\/v2\/product"}],"about":[{"href":"https:\/\/classysassybutik.pl\/en\/wp-json\/wp\/v2\/types\/product"}],"replies":[{"embeddable":true,"href":"https:\/\/classysassybutik.pl\/en\/wp-json\/wp\/v2\/comments?post=14291"}],"wp:featuredmedia":[{"embeddable":true,"href":"https:\/\/classysassybutik.pl\/en\/wp-json\/wp\/v2\/media\/14295"}],"wp:attachment":[{"href":"https:\/\/classysassybutik.pl\/en\/wp-json\/wp\/v2\/media?parent=14291"}],"wp:term":[{"taxonomy":"product_brand","embeddable":true,"href":"https:\/\/classysassybutik.pl\/en\/wp-json\/wp\/v2\/product_brand?post=14291"},{"taxonomy":"product_cat","embeddable":true,"href":"https:\/\/classysassybutik.pl\/en\/wp-json\/wp\/v2\/product_cat?post=14291"},{"taxonomy":"product_tag","embeddable":true,"href":"https:\/\/classysassybutik.pl\/en\/wp-json\/wp\/v2\/product_tag?post=14291"}],"curies":[{"name":"wp","href":"https:\/\/api.w.org\/{rel}","templated":true}]}}