{"id":14360,"date":"2026-03-26T17:04:40","date_gmt":"2026-03-26T16:04:40","guid":{"rendered":"https:\/\/classysassybutik.pl\/?post_type=product&#038;p=14360"},"modified":"2026-03-26T17:04:41","modified_gmt":"2026-03-26T16:04:41","slug":"top-w-paski-z-poduszkami-la-milla-czarny","status":"publish","type":"product","link":"https:\/\/classysassybutik.pl\/en\/product\/top-w-paski-z-poduszkami-la-milla-czarny\/","title":{"rendered":"Top w Paski z Poduszkami La Milla Czarny"},"content":{"rendered":"<p>Top w paski z poduszkami na ramionach to stylowa propozycja dla kobiet, kt\u00f3re lubi\u0105 \u0142\u0105czy\u0107 klasyk\u0119 z nowoczesnymi akcentami. Ponadczasowy wz\u00f3r w paski nadaje mu uniwersalnego charakteru, a wyra\u017anie zaznaczone ramiona dzi\u0119ki wszytym poduszkom podkre\u015blaj\u0105 sylwetk\u0119 i dodaj\u0105 ca\u0142o\u015bci modowego wyrazu.<\/p>\n<p>&nbsp;<\/p>\n<p>Polish product<\/p>\n<p>&nbsp;<\/p>\n<p>Sk\u0142ad:\u00a0 95% bawe\u0142na: 5% elastan<\/p>","protected":false},"excerpt":{"rendered":"<p>Top w paski z poduszkami na ramionach to stylowa propozycja dla kobiet, kt\u00f3re lubi\u0105 \u0142\u0105czy\u0107 klasyk\u0119 z nowoczesnymi akcentami. Ponadczasowy wz\u00f3r w paski nadaje mu uniwersalnego charakteru, a wyra\u017anie zaznaczone ramiona dzi\u0119ki wszytym poduszkom podkre\u015blaj\u0105 sylwetk\u0119 i dodaj\u0105 ca\u0142o\u015bci modowego wyrazu. &nbsp; Produkt Polski &nbsp; Sk\u0142ad:\u00a0 95% bawe\u0142na: 5% elastan<\/p>","protected":false},"featured_media":14364,"comment_status":"open","ping_status":"closed","template":"","meta":[],"product_brand":[],"product_cat":[28,94],"product_tag":[],"class_list":{"0":"post-14360","1":"product","2":"type-product","3":"status-publish","4":"has-post-thumbnail","6":"product_cat-bluzki","7":"product_cat-nowosci","9":"first","10":"instock","11":"shipping-taxable","12":"purchasable","13":"product-type-variable"},"_links":{"self":[{"href":"https:\/\/classysassybutik.pl\/en\/wp-json\/wp\/v2\/product\/14360","targetHints":{"allow":["GET"]}}],"collection":[{"href":"https:\/\/classysassybutik.pl\/en\/wp-json\/wp\/v2\/product"}],"about":[{"href":"https:\/\/classysassybutik.pl\/en\/wp-json\/wp\/v2\/types\/product"}],"replies":[{"embeddable":true,"href":"https:\/\/classysassybutik.pl\/en\/wp-json\/wp\/v2\/comments?post=14360"}],"wp:featuredmedia":[{"embeddable":true,"href":"https:\/\/classysassybutik.pl\/en\/wp-json\/wp\/v2\/media\/14364"}],"wp:attachment":[{"href":"https:\/\/classysassybutik.pl\/en\/wp-json\/wp\/v2\/media?parent=14360"}],"wp:term":[{"taxonomy":"product_brand","embeddable":true,"href":"https:\/\/classysassybutik.pl\/en\/wp-json\/wp\/v2\/product_brand?post=14360"},{"taxonomy":"product_cat","embeddable":true,"href":"https:\/\/classysassybutik.pl\/en\/wp-json\/wp\/v2\/product_cat?post=14360"},{"taxonomy":"product_tag","embeddable":true,"href":"https:\/\/classysassybutik.pl\/en\/wp-json\/wp\/v2\/product_tag?post=14360"}],"curies":[{"name":"wp","href":"https:\/\/api.w.org\/{rel}","templated":true}]}}