{"id":14388,"date":"2026-03-26T17:38:45","date_gmt":"2026-03-26T16:38:45","guid":{"rendered":"https:\/\/classysassybutik.pl\/?post_type=product&#038;p=14388"},"modified":"2026-04-01T20:40:39","modified_gmt":"2026-04-01T18:40:39","slug":"marynarka-wigilia-2-0-la-milla-bezowa","status":"publish","type":"product","link":"https:\/\/classysassybutik.pl\/en\/product\/marynarka-wigilia-2-0-la-milla-bezowa\/","title":{"rendered":"Marynarka Wigilia 2.0 La Milla Be\u017cowa"},"content":{"rendered":"<p>&nbsp;<\/p>\n<p>Composition: 95% viscose, 5% elastane<\/p>\n<p>&nbsp;<\/p>\n<p>Size XS\/S<\/p>\n<p>Szeroko\u015b\u0107 mi\u0119dzy pachami 50 cm x2<\/p>\n<p>Szeroko\u015b\u0107 w talii 42cm x2<\/p>\n<p>Szeroko\u015b\u0107 na dole 54cm x2<\/p>\n<p>Sleeve length from shoulder 66cm<\/p>\n<p>D\u0142ugo\u015b\u0107 r\u0119kawa od pachy 51cm<\/p>\n<p>D\u0142ugo\u015b\u0107 72cm<\/p>","protected":false},"excerpt":{"rendered":"<p>&nbsp; Sk\u0142ad: 95% wiskoza, 5% elastan &nbsp; Rozmiar XS\/S Szeroko\u015b\u0107 mi\u0119dzy pachami 50 cm x2 Szeroko\u015b\u0107 w talii 42cm x2 Szeroko\u015b\u0107 na dole 54cm x2 D\u0142ugo\u015b\u0107 r\u0119kawa od ramienia 66cm D\u0142ugo\u015b\u0107 r\u0119kawa od pachy 51cm D\u0142ugo\u015b\u0107 72cm<\/p>","protected":false},"featured_media":14496,"comment_status":"open","ping_status":"closed","template":"","meta":[],"product_brand":[],"product_cat":[29,94],"product_tag":[],"class_list":{"0":"post-14388","1":"product","2":"type-product","3":"status-publish","4":"has-post-thumbnail","6":"product_cat-marynarki","7":"product_cat-nowosci","9":"first","10":"instock","11":"shipping-taxable","12":"purchasable","13":"product-type-variable"},"_links":{"self":[{"href":"https:\/\/classysassybutik.pl\/en\/wp-json\/wp\/v2\/product\/14388","targetHints":{"allow":["GET"]}}],"collection":[{"href":"https:\/\/classysassybutik.pl\/en\/wp-json\/wp\/v2\/product"}],"about":[{"href":"https:\/\/classysassybutik.pl\/en\/wp-json\/wp\/v2\/types\/product"}],"replies":[{"embeddable":true,"href":"https:\/\/classysassybutik.pl\/en\/wp-json\/wp\/v2\/comments?post=14388"}],"wp:featuredmedia":[{"embeddable":true,"href":"https:\/\/classysassybutik.pl\/en\/wp-json\/wp\/v2\/media\/14496"}],"wp:attachment":[{"href":"https:\/\/classysassybutik.pl\/en\/wp-json\/wp\/v2\/media?parent=14388"}],"wp:term":[{"taxonomy":"product_brand","embeddable":true,"href":"https:\/\/classysassybutik.pl\/en\/wp-json\/wp\/v2\/product_brand?post=14388"},{"taxonomy":"product_cat","embeddable":true,"href":"https:\/\/classysassybutik.pl\/en\/wp-json\/wp\/v2\/product_cat?post=14388"},{"taxonomy":"product_tag","embeddable":true,"href":"https:\/\/classysassybutik.pl\/en\/wp-json\/wp\/v2\/product_tag?post=14388"}],"curies":[{"name":"wp","href":"https:\/\/api.w.org\/{rel}","templated":true}]}}