{"id":14398,"date":"2026-03-29T09:06:44","date_gmt":"2026-03-29T07:06:44","guid":{"rendered":"https:\/\/classysassybutik.pl\/?post_type=product&#038;p=14398"},"modified":"2026-03-29T09:06:46","modified_gmt":"2026-03-29T07:06:46","slug":"marynarka-sukienka-kim-la-milla-bialo-czarna","status":"publish","type":"product","link":"https:\/\/classysassybutik.pl\/en\/product\/marynarka-sukienka-kim-la-milla-bialo-czarna\/","title":{"rendered":"Marynarka Sukienka Kim La Milla Bia\u0142o Czarna"},"content":{"rendered":"<p>La Milla marynarko-sukienka Kim bia\u0142a z czarnymi wstawkami to elegancka propozycja na specjalne okazje. La Milla Marynarka Kim ma klasyczny dwurz\u0119dowy fason, kt\u00f3ry zosta\u0142 prze\u0142amany zjawiskowym wci\u0119ciem w talii. Bia\u0142o-czarna marynarka La Milal posiada zaszewki z ty\u0142u, kt\u00f3re subtelnie modeluj\u0105 sylwetk\u0119 i optycznie podkre\u015blaj\u0105 kszta\u0142t po\u015bladk\u00f3w, tworz\u0105c efekt bardziej proporcjonalnej i kobiecej linii. Bia\u0142y kolor marynarki zosta\u0142 prze\u0142amany klasycznym kolorem czerni na klapach i kieszeniach, kt\u00f3re dodaj\u0105 ca\u0142ej stylizacji charakteru.<\/p>\n<p>&nbsp;<\/p>\n<p>Oryginalny produkt La Mila.<\/p>\n<p>&nbsp;<\/p>\n<p>Sk\u0142ad: 60% wiskoza, 37% poliester, 3% elastan<\/p>\n<p>&nbsp;<\/p>\n<p>Dimensions:<\/p>\n<p>&nbsp;<\/p>\n<p>Size S:<\/p>\n<p>&nbsp;<\/p>\n<p>Szeroko\u015b\u0107 od pachy do pachy: 44cm x2<\/p>\n<p>Szeroko\u015b\u0107 w talii: 36cm x2<\/p>\n<p>Szeroko\u015b\u0107 w biodrach: 48cm x2<\/p>\n<p>D\u0142ugo\u015b\u0107 r\u0119kawa: 64cm<\/p>\n<p>D\u0142ugo\u015b\u0107 ca\u0142kowita: 80cm<\/p>\n<p>&nbsp;<\/p>\n<p>Size M:<\/p>\n<p>Szeroko\u015b\u0107 od pachy do pachy: 46cm x2<\/p>\n<p>Szeroko\u015b\u0107 w talii: 38cm x2<\/p>\n<p>Szeroko\u015b\u0107 w biodrach: 50cm x2<\/p>\n<p>D\u0142ugo\u015b\u0107 r\u0119kawa od pachy: 65cm<\/p>\n<p>D\u0142ugo\u015b\u0107 ca\u0142kowita: 82cm<\/p>\n<p>&nbsp;<\/p>\n<p>Size L:<\/p>\n<p>Szeroko\u015b\u0107 od pachy do pachy: 48cm x2<\/p>\n<p>Szeroko\u015b\u0107 w talii: 40cm x2<\/p>\n<p>Szeroko\u015b\u0107 w biodrach: 52cm x2<\/p>\n<p>D\u0142ugo\u015b\u0107 r\u0119kawa od pachy: 66m<\/p>\n<p>D\u0142ugo\u015b\u0107 ca\u0142kowita: 83cm<\/p>\n<p>&nbsp;<\/p>\n<p>Ubrania mierzone na p\u0142asko!<\/p>","protected":false},"excerpt":{"rendered":"<blockquote><p>&nbsp;<\/p><\/blockquote>","protected":false},"featured_media":14402,"comment_status":"open","ping_status":"closed","template":"","meta":[],"product_brand":[],"product_cat":[29,94,20],"product_tag":[],"class_list":{"0":"post-14398","1":"product","2":"type-product","3":"status-publish","4":"has-post-thumbnail","6":"product_cat-marynarki","7":"product_cat-nowosci","8":"product_cat-sukienki","10":"first","11":"instock","12":"shipping-taxable","13":"purchasable","14":"product-type-variable"},"_links":{"self":[{"href":"https:\/\/classysassybutik.pl\/en\/wp-json\/wp\/v2\/product\/14398","targetHints":{"allow":["GET"]}}],"collection":[{"href":"https:\/\/classysassybutik.pl\/en\/wp-json\/wp\/v2\/product"}],"about":[{"href":"https:\/\/classysassybutik.pl\/en\/wp-json\/wp\/v2\/types\/product"}],"replies":[{"embeddable":true,"href":"https:\/\/classysassybutik.pl\/en\/wp-json\/wp\/v2\/comments?post=14398"}],"wp:featuredmedia":[{"embeddable":true,"href":"https:\/\/classysassybutik.pl\/en\/wp-json\/wp\/v2\/media\/14402"}],"wp:attachment":[{"href":"https:\/\/classysassybutik.pl\/en\/wp-json\/wp\/v2\/media?parent=14398"}],"wp:term":[{"taxonomy":"product_brand","embeddable":true,"href":"https:\/\/classysassybutik.pl\/en\/wp-json\/wp\/v2\/product_brand?post=14398"},{"taxonomy":"product_cat","embeddable":true,"href":"https:\/\/classysassybutik.pl\/en\/wp-json\/wp\/v2\/product_cat?post=14398"},{"taxonomy":"product_tag","embeddable":true,"href":"https:\/\/classysassybutik.pl\/en\/wp-json\/wp\/v2\/product_tag?post=14398"}],"curies":[{"name":"wp","href":"https:\/\/api.w.org\/{rel}","templated":true}]}}