{"id":14409,"date":"2026-03-29T14:20:17","date_gmt":"2026-03-29T12:20:17","guid":{"rendered":"https:\/\/classysassybutik.pl\/?post_type=product&#038;p=14409"},"modified":"2026-03-29T14:20:18","modified_gmt":"2026-03-29T12:20:18","slug":"spodnica-eco-skora-z-dwoma-paskami-szminka-la-milla","status":"publish","type":"product","link":"https:\/\/classysassybutik.pl\/en\/product\/spodnica-eco-skora-z-dwoma-paskami-szminka-la-milla\/","title":{"rendered":"Sp\u00f3dnica Eco-Sk\u00f3ra z Dwoma Paskami Szminka La Milla"},"content":{"rendered":"<p>Sp\u00f3dnica ecosk\u00f3ra od La Milla w kolorze szminki<\/p>\n<p>Ozdobne paski z klamrami po bokach. Wszyty suwak z ty\u0142u.<br \/>\nJako\u015b\u0107 premium. Idealnie pasuje do kurtki bomber z ecosk\u00f3ry w kolorze malina.<br \/>\nMADE IN POLAND<\/p>\n<p>COMPOSITION:<br \/>\nsk\u00f3ra ekologiczna<\/p>\n<p>Rozmiary w cm (+\/-2cm)<br \/>\n36:<br \/>\nszeroko\u015b\u0107 pas: 36&#215;2<br \/>\nszeroko\u015b\u0107 d\u00f3\u0142: 47&#215;2<br \/>\nd\u0142ugo\u015b\u0107:\u00a040<br \/>\n38:<br \/>\nszeroko\u015b\u0107 pas: 34&#215;2<br \/>\nszeroko\u015b\u0107 biodra:55&#215;2<br \/>\nd\u0142ugo\u015b\u0107:41<br \/>\n40:<br \/>\nszeroko\u015b\u0107 pas: 38&#215;2<br \/>\nszeroko\u015b\u0107 d\u00f3\u0142: 49&#215;2<br \/>\nd\u0142ugo\u015b\u0107:\u00a042<\/p>","protected":false},"excerpt":{"rendered":"<p>Sp\u00f3dnica ecosk\u00f3ra od La Milla w kolorze szminki Ozdobne paski z klamrami po bokach. Wszyty suwak z ty\u0142u. Jako\u015b\u0107 premium. Idealnie pasuje do kurtki bomber z ecosk\u00f3ry w kolorze malina. MADE IN POLAND SK\u0141AD: sk\u00f3ra ekologiczna Rozmiary w cm (+\/-2cm) 36: szeroko\u015b\u0107 pas: 36&#215;2 szeroko\u015b\u0107 d\u00f3\u0142: 47&#215;2 d\u0142ugo\u015b\u0107:\u00a040 38: szeroko\u015b\u0107 pas: 34&#215;2 szeroko\u015b\u0107 biodra:55&#215;2 d\u0142ugo\u015b\u0107:41 [&hellip;]<\/p>","protected":false},"featured_media":14410,"comment_status":"open","ping_status":"closed","template":"","meta":[],"product_brand":[],"product_cat":[31],"product_tag":[],"class_list":{"0":"post-14409","1":"product","2":"type-product","3":"status-publish","4":"has-post-thumbnail","6":"product_cat-spodnice","8":"first","9":"instock","10":"shipping-taxable","11":"purchasable","12":"product-type-variable"},"_links":{"self":[{"href":"https:\/\/classysassybutik.pl\/en\/wp-json\/wp\/v2\/product\/14409","targetHints":{"allow":["GET"]}}],"collection":[{"href":"https:\/\/classysassybutik.pl\/en\/wp-json\/wp\/v2\/product"}],"about":[{"href":"https:\/\/classysassybutik.pl\/en\/wp-json\/wp\/v2\/types\/product"}],"replies":[{"embeddable":true,"href":"https:\/\/classysassybutik.pl\/en\/wp-json\/wp\/v2\/comments?post=14409"}],"wp:featuredmedia":[{"embeddable":true,"href":"https:\/\/classysassybutik.pl\/en\/wp-json\/wp\/v2\/media\/14410"}],"wp:attachment":[{"href":"https:\/\/classysassybutik.pl\/en\/wp-json\/wp\/v2\/media?parent=14409"}],"wp:term":[{"taxonomy":"product_brand","embeddable":true,"href":"https:\/\/classysassybutik.pl\/en\/wp-json\/wp\/v2\/product_brand?post=14409"},{"taxonomy":"product_cat","embeddable":true,"href":"https:\/\/classysassybutik.pl\/en\/wp-json\/wp\/v2\/product_cat?post=14409"},{"taxonomy":"product_tag","embeddable":true,"href":"https:\/\/classysassybutik.pl\/en\/wp-json\/wp\/v2\/product_tag?post=14409"}],"curies":[{"name":"wp","href":"https:\/\/api.w.org\/{rel}","templated":true}]}}