{"id":14447,"date":"2026-03-31T08:17:47","date_gmt":"2026-03-31T06:17:47","guid":{"rendered":"https:\/\/classysassybutik.pl\/?post_type=product&#038;p=14447"},"modified":"2026-04-06T09:54:14","modified_gmt":"2026-04-06T07:54:14","slug":"14447","status":"publish","type":"product","link":"https:\/\/classysassybutik.pl\/en\/product\/14447\/","title":{"rendered":"Bluza z Ko\u0142nierzykiem Pudrowy R\u00f3\u017c La Milla"},"content":{"rendered":"<p>Urocza r\u00f3\u017cowa bluza z bia\u0142ym ko\u0142nierzykiem to po\u0142\u0105czenie dziewcz\u0119cego stylu i komfortu. Mi\u0119kka, wygodna i stylowa \u2013 idealna na co dzie\u0144 i do casualowych stylizacji.<\/p>\n<p>Universal size.<\/p>\n<p>&nbsp;<\/p>\n<p>Dimensions:<\/p>\n<p>&nbsp;<\/p>\n<p style=\"text-align: left;\">Szeroko\u015b\u0107 130 cm<\/p>\n<p>D\u0142ugo\u015b\u0107 ca\u0142kowita 69 cm<\/p>\n<p>Sk\u0142ad: 100% bawe\u0142na<\/p>\n<p>&nbsp;<\/p>\n<p>Clothes measured flat. Individual measurements may vary +\/-2 cm.<\/p>\n<p>&nbsp;<\/p>\n<p>Product designed and sewn in Poland.<\/p>","protected":false},"excerpt":{"rendered":"<p>Urocza r\u00f3\u017cowa bluza z bia\u0142ym ko\u0142nierzykiem to po\u0142\u0105czenie dziewcz\u0119cego stylu i komfortu. Mi\u0119kka, wygodna i stylowa \u2013 idealna na co dzie\u0144 i do casualowych stylizacji. Rozmiar uniwersalny. &nbsp; Wymiary: &nbsp; Szeroko\u015b\u0107 130 cm D\u0142ugo\u015b\u0107 ca\u0142kowita 69 cm Sk\u0142ad: 100% bawe\u0142na &nbsp; Ubrania mierzone na p\u0142asko. Poszczeg\u00f3lne wymiary mog\u0105 r\u00f3\u017cni\u0107 si\u0119 +\/-2 cm. &nbsp; Produkt zaprojektowany [&hellip;]<\/p>","protected":false},"featured_media":14448,"comment_status":"open","ping_status":"closed","template":"","meta":[],"product_brand":[],"product_cat":[27],"product_tag":[],"class_list":{"0":"post-14447","1":"product","2":"type-product","3":"status-publish","4":"has-post-thumbnail","6":"product_cat-bluzy","8":"first","9":"instock","10":"sale","11":"shipping-taxable","12":"purchasable","13":"product-type-simple"},"_links":{"self":[{"href":"https:\/\/classysassybutik.pl\/en\/wp-json\/wp\/v2\/product\/14447","targetHints":{"allow":["GET"]}}],"collection":[{"href":"https:\/\/classysassybutik.pl\/en\/wp-json\/wp\/v2\/product"}],"about":[{"href":"https:\/\/classysassybutik.pl\/en\/wp-json\/wp\/v2\/types\/product"}],"replies":[{"embeddable":true,"href":"https:\/\/classysassybutik.pl\/en\/wp-json\/wp\/v2\/comments?post=14447"}],"wp:featuredmedia":[{"embeddable":true,"href":"https:\/\/classysassybutik.pl\/en\/wp-json\/wp\/v2\/media\/14448"}],"wp:attachment":[{"href":"https:\/\/classysassybutik.pl\/en\/wp-json\/wp\/v2\/media?parent=14447"}],"wp:term":[{"taxonomy":"product_brand","embeddable":true,"href":"https:\/\/classysassybutik.pl\/en\/wp-json\/wp\/v2\/product_brand?post=14447"},{"taxonomy":"product_cat","embeddable":true,"href":"https:\/\/classysassybutik.pl\/en\/wp-json\/wp\/v2\/product_cat?post=14447"},{"taxonomy":"product_tag","embeddable":true,"href":"https:\/\/classysassybutik.pl\/en\/wp-json\/wp\/v2\/product_tag?post=14447"}],"curies":[{"name":"wp","href":"https:\/\/api.w.org\/{rel}","templated":true}]}}