{"id":14457,"date":"2026-03-31T08:39:51","date_gmt":"2026-03-31T06:39:51","guid":{"rendered":"https:\/\/classysassybutik.pl\/?post_type=product&#038;p=14457"},"modified":"2026-04-06T09:53:53","modified_gmt":"2026-04-06T07:53:53","slug":"koszula-flanelowa-w-krate-zolto-niebieska-la-milla","status":"publish","type":"product","link":"https:\/\/classysassybutik.pl\/en\/product\/koszula-flanelowa-w-krate-zolto-niebieska-la-milla\/","title":{"rendered":"Koszula Flanelowa w Krat\u0119 \u017b\u00f3\u0142to Niebieska La Milla"},"content":{"rendered":"<p>Koszula flanelowa La Milla w kratk\u0119 jest niezwykle mi\u0119kka i ciep\u0142a, dzi\u0119ki czemu \u015bwietnie sprawdzi si\u0119 o ka\u017cdej porze roku. Koszul\u0119 flanelow\u0105 mo\u017cesz nosi\u0107 samodzielnie albo zarzucon\u0105 na t-shirt. Koszula w krat\u0119 nigdy nie wychodzi z mody i pasuje do wielu stylizacji.<\/p>\n<p>Oryginalny produkt La Milla. Produkt Polski.<\/p>\n<p>&nbsp;<\/p>\n<p>Composition: 95% cotton, 5% elastane<\/p>\n<p>&nbsp;<\/p>\n<p>Rozmiar: Uniwersalny<\/p>\n<p>&nbsp;<\/p>\n<p>Dimensions:<\/p>\n<p>D\u0142ugo\u015b\u0107 ca\u0142kowita: 74cm (prz\u00f3d)\/80cm (ty\u0142)<\/p>\n<p>Szeroko\u015b\u0107 od pachy do pachy: 69cm x2<\/p>\n<p>D\u0142ugo\u015b\u0107 r\u0119kawa: 81cm<\/p>\n<p>D\u0142ugo\u015b\u0107 r\u0119kawa od pachy: 51cm<\/p>\n<p>&nbsp;<\/p>\n<p>Ubrania mierzone na p\u0142asko! Poszcze<\/p>","protected":false},"excerpt":{"rendered":"<p>Koszula flanelowa La Milla w kratk\u0119 jest niezwykle mi\u0119kka i ciep\u0142a, dzi\u0119ki czemu \u015bwietnie sprawdzi si\u0119 o ka\u017cdej porze roku. Koszul\u0119 flanelow\u0105 mo\u017cesz nosi\u0107 samodzielnie albo zarzucon\u0105 na t-shirt. Koszula w krat\u0119 nigdy nie wychodzi z mody i pasuje do wielu stylizacji. Oryginalny produkt La Milla. Produkt Polski. &nbsp; Sk\u0142ad: 95% bawe\u0142na, 5% elastan &nbsp; [&hellip;]<\/p>","protected":false},"featured_media":14458,"comment_status":"open","ping_status":"closed","template":"","meta":[],"product_brand":[],"product_cat":[114],"product_tag":[],"class_list":{"0":"post-14457","1":"product","2":"type-product","3":"status-publish","4":"has-post-thumbnail","6":"product_cat-koszula","8":"first","9":"instock","10":"sale","11":"shipping-taxable","12":"purchasable","13":"product-type-simple"},"_links":{"self":[{"href":"https:\/\/classysassybutik.pl\/en\/wp-json\/wp\/v2\/product\/14457","targetHints":{"allow":["GET"]}}],"collection":[{"href":"https:\/\/classysassybutik.pl\/en\/wp-json\/wp\/v2\/product"}],"about":[{"href":"https:\/\/classysassybutik.pl\/en\/wp-json\/wp\/v2\/types\/product"}],"replies":[{"embeddable":true,"href":"https:\/\/classysassybutik.pl\/en\/wp-json\/wp\/v2\/comments?post=14457"}],"wp:featuredmedia":[{"embeddable":true,"href":"https:\/\/classysassybutik.pl\/en\/wp-json\/wp\/v2\/media\/14458"}],"wp:attachment":[{"href":"https:\/\/classysassybutik.pl\/en\/wp-json\/wp\/v2\/media?parent=14457"}],"wp:term":[{"taxonomy":"product_brand","embeddable":true,"href":"https:\/\/classysassybutik.pl\/en\/wp-json\/wp\/v2\/product_brand?post=14457"},{"taxonomy":"product_cat","embeddable":true,"href":"https:\/\/classysassybutik.pl\/en\/wp-json\/wp\/v2\/product_cat?post=14457"},{"taxonomy":"product_tag","embeddable":true,"href":"https:\/\/classysassybutik.pl\/en\/wp-json\/wp\/v2\/product_tag?post=14457"}],"curies":[{"name":"wp","href":"https:\/\/api.w.org\/{rel}","templated":true}]}}