{"id":14466,"date":"2026-04-01T08:37:34","date_gmt":"2026-04-01T06:37:34","guid":{"rendered":"https:\/\/classysassybutik.pl\/?post_type=product&#038;p=14466"},"modified":"2026-04-03T06:37:40","modified_gmt":"2026-04-03T04:37:40","slug":"marynarka-oversizowa-la-milla-pudrowy-roz","status":"publish","type":"product","link":"https:\/\/classysassybutik.pl\/en\/product\/marynarka-oversizowa-la-milla-pudrowy-roz\/","title":{"rendered":"Kamizelka Oversizowa La Milla Pudrowy R\u00f3\u017c"},"content":{"rendered":"<p>Kamizelka La Milla to model, w kt\u00f3rym poszerzone ramiona zosta\u0142y zaprojektowane tak, aby pi\u0119knie stylizowa\u0107 sylwetk\u0119, podkre\u015blaj\u0105c jej atuty. Ka\u017cdy szczeg\u00f3\u0142, od starannie dobranych materia\u0142\u00f3w po precyzyjne wyko\u0144czenie, \u015bwiadczy o wysokiej jako\u015bci wykonania tego produktu.<\/p>\n<blockquote><p>&nbsp;<\/p>\n<p style=\"text-align: left;\"><strong>Oryginalny polski produkt marki La Milla<\/strong><\/p>\n<p>&nbsp;<\/p>\n<p>Sk\u0142ad:95%wiskoza 5%elastan<\/p>\n<p>&nbsp;<\/p>\n<p><strong>Universal size\u00a0<\/strong><strong>:<\/strong><\/p>\n<p>Width between armpits 56cm x2<\/p>\n<p>Szeroko\u015b\u0107 na dole 58cm x2<\/p>\n<p>D\u0142ugo\u015b\u0107 72cm<\/p><\/blockquote>","protected":false},"excerpt":{"rendered":"<p>Kamizelka La Milla to model, w kt\u00f3rym poszerzone ramiona zosta\u0142y zaprojektowane tak, aby pi\u0119knie stylizowa\u0107 sylwetk\u0119, podkre\u015blaj\u0105c jej atuty. Ka\u017cdy szczeg\u00f3\u0142, od starannie dobranych materia\u0142\u00f3w po precyzyjne wyko\u0144czenie, \u015bwiadczy o wysokiej jako\u015bci wykonania tego produktu. &nbsp; Oryginalny polski produkt marki La Milla &nbsp; Sk\u0142ad:95%wiskoza 5%elastan &nbsp; Rozmiar uniwersalny\u00a0: Szeroko\u015b\u0107 mi\u0119dzy pachami 56cm x2 Szeroko\u015b\u0107 na [&hellip;]<\/p>","protected":false},"featured_media":14519,"comment_status":"open","ping_status":"closed","template":"","meta":[],"product_brand":[],"product_cat":[109,94],"product_tag":[],"class_list":{"0":"post-14466","1":"product","2":"type-product","3":"status-publish","4":"has-post-thumbnail","6":"product_cat-kamizelka","7":"product_cat-nowosci","9":"first","10":"instock","11":"shipping-taxable","12":"purchasable","13":"product-type-simple"},"_links":{"self":[{"href":"https:\/\/classysassybutik.pl\/en\/wp-json\/wp\/v2\/product\/14466","targetHints":{"allow":["GET"]}}],"collection":[{"href":"https:\/\/classysassybutik.pl\/en\/wp-json\/wp\/v2\/product"}],"about":[{"href":"https:\/\/classysassybutik.pl\/en\/wp-json\/wp\/v2\/types\/product"}],"replies":[{"embeddable":true,"href":"https:\/\/classysassybutik.pl\/en\/wp-json\/wp\/v2\/comments?post=14466"}],"wp:featuredmedia":[{"embeddable":true,"href":"https:\/\/classysassybutik.pl\/en\/wp-json\/wp\/v2\/media\/14519"}],"wp:attachment":[{"href":"https:\/\/classysassybutik.pl\/en\/wp-json\/wp\/v2\/media?parent=14466"}],"wp:term":[{"taxonomy":"product_brand","embeddable":true,"href":"https:\/\/classysassybutik.pl\/en\/wp-json\/wp\/v2\/product_brand?post=14466"},{"taxonomy":"product_cat","embeddable":true,"href":"https:\/\/classysassybutik.pl\/en\/wp-json\/wp\/v2\/product_cat?post=14466"},{"taxonomy":"product_tag","embeddable":true,"href":"https:\/\/classysassybutik.pl\/en\/wp-json\/wp\/v2\/product_tag?post=14466"}],"curies":[{"name":"wp","href":"https:\/\/api.w.org\/{rel}","templated":true}]}}