{"id":14483,"date":"2026-04-01T15:37:48","date_gmt":"2026-04-01T13:37:48","guid":{"rendered":"https:\/\/classysassybutik.pl\/?post_type=product&#038;p=14483"},"modified":"2026-04-01T15:37:48","modified_gmt":"2026-04-01T13:37:48","slug":"tshirt-la-milla-napis-z-rozami-pudrowy-roz","status":"publish","type":"product","link":"https:\/\/classysassybutik.pl\/en\/product\/tshirt-la-milla-napis-z-rozami-pudrowy-roz\/","title":{"rendered":"Tshirt La Milla Napis z R\u00f3\u017cami Pudrowy R\u00f3\u017c"},"content":{"rendered":"<p style=\"text-align: left;\">\n<p style=\"text-align: left;\">Composition: 95% cotton, 5% elastane<\/p>\n<p style=\"text-align: left;\">The T-shirt has sewn-in shoulder pads.<\/p>\n<p style=\"text-align: left;\">Dimensions:<\/p>\n<p style=\"text-align: left;\">Overall length: 70 cm<\/p>\n<p style=\"text-align: left;\">Bust circumference: 110 cm<\/p>\n<p style=\"text-align: left;\">Waist circumference: 106 cm<\/p>\n<p style=\"text-align: left;\">Sleeve length from shoulder: 32 cm<\/p>\n<p style=\"text-align: left;\">Sleeve length from armpit: 20 cm<\/p>\n<p style=\"text-align: left;\">Clothes measured flat! Individual measurements may vary +\/-2 cm.<\/p>\n<p style=\"text-align: left;\">Polish product.<\/p>","protected":false},"excerpt":{"rendered":"<blockquote><p>&nbsp;<\/p><\/blockquote>","protected":false},"featured_media":14484,"comment_status":"open","ping_status":"closed","template":"","meta":[],"product_brand":[],"product_cat":[22,94],"product_tag":[],"class_list":{"0":"post-14483","1":"product","2":"type-product","3":"status-publish","4":"has-post-thumbnail","6":"product_cat-tshirty","7":"product_cat-nowosci","9":"first","10":"instock","11":"shipping-taxable","12":"purchasable","13":"product-type-simple"},"_links":{"self":[{"href":"https:\/\/classysassybutik.pl\/en\/wp-json\/wp\/v2\/product\/14483","targetHints":{"allow":["GET"]}}],"collection":[{"href":"https:\/\/classysassybutik.pl\/en\/wp-json\/wp\/v2\/product"}],"about":[{"href":"https:\/\/classysassybutik.pl\/en\/wp-json\/wp\/v2\/types\/product"}],"replies":[{"embeddable":true,"href":"https:\/\/classysassybutik.pl\/en\/wp-json\/wp\/v2\/comments?post=14483"}],"wp:featuredmedia":[{"embeddable":true,"href":"https:\/\/classysassybutik.pl\/en\/wp-json\/wp\/v2\/media\/14484"}],"wp:attachment":[{"href":"https:\/\/classysassybutik.pl\/en\/wp-json\/wp\/v2\/media?parent=14483"}],"wp:term":[{"taxonomy":"product_brand","embeddable":true,"href":"https:\/\/classysassybutik.pl\/en\/wp-json\/wp\/v2\/product_brand?post=14483"},{"taxonomy":"product_cat","embeddable":true,"href":"https:\/\/classysassybutik.pl\/en\/wp-json\/wp\/v2\/product_cat?post=14483"},{"taxonomy":"product_tag","embeddable":true,"href":"https:\/\/classysassybutik.pl\/en\/wp-json\/wp\/v2\/product_tag?post=14483"}],"curies":[{"name":"wp","href":"https:\/\/api.w.org\/{rel}","templated":true}]}}