{"id":14490,"date":"2026-04-01T16:24:43","date_gmt":"2026-04-01T14:24:43","guid":{"rendered":"https:\/\/classysassybutik.pl\/?post_type=product&#038;p=14490"},"modified":"2026-04-11T15:49:01","modified_gmt":"2026-04-11T13:49:01","slug":"komplet-dzianinowy-paski-granatowo-bialy-la-milla","status":"publish","type":"product","link":"https:\/\/classysassybutik.pl\/en\/product\/komplet-dzianinowy-paski-granatowo-bialy-la-milla\/","title":{"rendered":"Komplet Dzianinowy Paski Granatowo-Bia\u0142y La Milla"},"content":{"rendered":"<p>Materia\u0142: 50%wiskoza, 28% we\u0142na, 22% PA<\/p>\n<p>&nbsp;<\/p>\n<p>Wymiary sweterka:<\/p>\n<p>&nbsp;<\/p>\n<p>Rozmiar: UNIWERSALNY<\/p>\n<p>D\u0142. ca\u0142kowita: 60 cm<\/p>\n<p>Szer. pod pachami: 58 cm x 2<\/p>\n<p>Szer. d\u00f3\u0142: 52 cm x 2<\/p>\n<p>&nbsp;<\/p>\n<p>&nbsp;<\/p>\n<p>Wymiary spodenek:<\/p>\n<p>&nbsp;<\/p>\n<p>Rozmiar: UNIWERSALNY<\/p>\n<p>D\u0142. ca\u0142kowita: 37 cm<\/p>\n<p>Szer. pas: 34-56 cm x 2<\/p>\n<p>Szer. biodra: 60 cm x 2<\/p>\n<p>&nbsp;<\/p>\n<p>&nbsp;<\/p>\n<p>* produkt mierzony na p\u0142asko, granica b\u0142\u0119du +\/- 2 cm<\/p>","protected":false},"excerpt":{"rendered":"<p>Materia\u0142: 50%wiskoza, 28% we\u0142na, 22% PA &nbsp; Wymiary sweterka: &nbsp; Rozmiar: UNIWERSALNY D\u0142. ca\u0142kowita: 60 cm Szer. pod pachami: 58 cm x 2 Szer. d\u00f3\u0142: 52 cm x 2 &nbsp; &nbsp; Wymiary spodenek: &nbsp; Rozmiar: UNIWERSALNY D\u0142. ca\u0142kowita: 37 cm Szer. pas: 34-56 cm x 2 Szer. biodra: 60 cm x 2 &nbsp; &nbsp; * [&hellip;]<\/p>","protected":false},"featured_media":14491,"comment_status":"open","ping_status":"closed","template":"","meta":[],"product_brand":[],"product_cat":[94,21],"product_tag":[],"class_list":{"0":"post-14490","1":"product","2":"type-product","3":"status-publish","4":"has-post-thumbnail","6":"product_cat-nowosci","7":"product_cat-komplety","9":"first","10":"instock","11":"sale","12":"shipping-taxable","13":"purchasable","14":"product-type-simple"},"_links":{"self":[{"href":"https:\/\/classysassybutik.pl\/en\/wp-json\/wp\/v2\/product\/14490","targetHints":{"allow":["GET"]}}],"collection":[{"href":"https:\/\/classysassybutik.pl\/en\/wp-json\/wp\/v2\/product"}],"about":[{"href":"https:\/\/classysassybutik.pl\/en\/wp-json\/wp\/v2\/types\/product"}],"replies":[{"embeddable":true,"href":"https:\/\/classysassybutik.pl\/en\/wp-json\/wp\/v2\/comments?post=14490"}],"wp:featuredmedia":[{"embeddable":true,"href":"https:\/\/classysassybutik.pl\/en\/wp-json\/wp\/v2\/media\/14491"}],"wp:attachment":[{"href":"https:\/\/classysassybutik.pl\/en\/wp-json\/wp\/v2\/media?parent=14490"}],"wp:term":[{"taxonomy":"product_brand","embeddable":true,"href":"https:\/\/classysassybutik.pl\/en\/wp-json\/wp\/v2\/product_brand?post=14490"},{"taxonomy":"product_cat","embeddable":true,"href":"https:\/\/classysassybutik.pl\/en\/wp-json\/wp\/v2\/product_cat?post=14490"},{"taxonomy":"product_tag","embeddable":true,"href":"https:\/\/classysassybutik.pl\/en\/wp-json\/wp\/v2\/product_tag?post=14490"}],"curies":[{"name":"wp","href":"https:\/\/api.w.org\/{rel}","templated":true}]}}