{"id":14505,"date":"2026-04-01T20:44:18","date_gmt":"2026-04-01T18:44:18","guid":{"rendered":"https:\/\/classysassybutik.pl\/?post_type=product&#038;p=14505"},"modified":"2026-04-01T20:44:19","modified_gmt":"2026-04-01T18:44:19","slug":"spodnico-spodenki-jeansowe-z-rozcieciem-rozowe-la-milla","status":"publish","type":"product","link":"https:\/\/classysassybutik.pl\/en\/product\/spodnico-spodenki-jeansowe-z-rozcieciem-rozowe-la-milla\/","title":{"rendered":"Sp\u00f3dnico-Spodenki Jeansowe z Rozci\u0119ciem R\u00f3\u017cowe La Milla"},"content":{"rendered":"<p>Rewelacyjne sp\u00f3dnico &#8211; spodenki, kt\u00f3re na pierwszy rzut oka wygl\u0105daj\u0105 jak sp\u00f3dniczka. W\u00a0po\u0142\u0105czeniu z\u00a0koszul\u0105 stworzysz eleganck\u0105 stylizacj\u0119 do pracy czy \u015bwi\u0105teczny dzie\u0144. Spodenki maj\u0105 wysoki stan. Zapinane na suwak. Polska produkcja. Idealnie podkre\u015blaj\u0105 kobiece kszta\u0142ty.<\/p>\n<p>&nbsp;<\/p>\n<div><strong>DIMENSIONS:\u00a0<\/strong><\/div>\n<div><\/div>\n<div><strong>Size XS<\/strong><\/div>\n<div>D\u0142ugo\u015b\u0107 ca\u0142kowita: 35cm<\/div>\n<div>Wysoko\u015b\u0107 stanu: 30cm<\/div>\n<div>Szeroko\u015b\u0107 w\u00a0talii: 64cm<\/div>\n<div>Szeroko\u015b\u0107 w\u00a0biodrach: 94cm<\/div>\n<div><\/div>\n<div><strong>Size S<\/strong><\/div>\n<div>D\u0142ugo\u015b\u0107 ca\u0142kowita: 35cm<\/div>\n<div>Wysoko\u015b\u0107 stanu: 30cm<\/div>\n<div>Szeroko\u015b\u0107 w\u00a0talii: 68cm<\/div>\n<div>Szeroko\u015b\u0107 w\u00a0biodrach: 98cm<\/div>\n<div><\/div>\n<div><strong>Size M<\/strong><\/div>\n<div>D\u0142ugo\u015b\u0107 ca\u0142kowita: 36cm<\/div>\n<div>Wysoko\u015b\u0107 stanu: 30cm<\/div>\n<div>Szeroko\u015b\u0107 w\u00a0talii: 72cm<\/div>\n<div>Szeroko\u015b\u0107 w\u00a0biodrach: 102cm<\/div>\n<div><\/div>\n<div><strong>Size L<\/strong><\/div>\n<div>D\u0142ugo\u015b\u0107 ca\u0142kowita: 37cm<\/div>\n<div>Wysoko\u015b\u0107 stanu: 30cm<\/div>\n<div>Szeroko\u015b\u0107 w\u00a0talii: 74cm<\/div>\n<div>Szeroko\u015b\u0107 w\u00a0biodrach: 106cm<\/div>\n<div><\/div>\n<div>Wymiary mog\u0105 si\u0119 nieznacznie r\u00f3\u017cni\u0107 +\/- 2cm (podawane s\u0105 na p\u0142asko)<\/div>\n<div>\n<p><strong>SK\u0141AD MATERIA\u0141U:<\/strong><\/p>\n<p>95% Wiskoza, 5% Elstan<\/p><\/div>","protected":false},"excerpt":{"rendered":"<p>Rewelacyjne sp\u00f3dnico &#8211; spodenki, kt\u00f3re na pierwszy rzut oka wygl\u0105daj\u0105 jak sp\u00f3dniczka. W\u00a0po\u0142\u0105czeniu z\u00a0koszul\u0105 stworzysz eleganck\u0105 stylizacj\u0119 do pracy czy \u015bwi\u0105teczny dzie\u0144. Spodenki maj\u0105 wysoki stan. Zapinane na suwak. Polska produkcja. Idealnie podkre\u015blaj\u0105 kobiece kszta\u0142ty. &nbsp; WYMIARY:\u00a0 Rozmiar XS D\u0142ugo\u015b\u0107 ca\u0142kowita: 35cm Wysoko\u015b\u0107 stanu: 30cm Szeroko\u015b\u0107 w\u00a0talii: 64cm Szeroko\u015b\u0107 w\u00a0biodrach: 94cm Rozmiar S D\u0142ugo\u015b\u0107 ca\u0142kowita: [&hellip;]<\/p>","protected":false},"featured_media":14506,"comment_status":"open","ping_status":"closed","template":"","meta":[],"product_brand":[],"product_cat":[94,110,31],"product_tag":[],"class_list":{"0":"post-14505","1":"product","2":"type-product","3":"status-publish","4":"has-post-thumbnail","6":"product_cat-nowosci","7":"product_cat-spodenki","8":"product_cat-spodnice","10":"first","11":"instock","12":"shipping-taxable","13":"purchasable","14":"product-type-variable"},"_links":{"self":[{"href":"https:\/\/classysassybutik.pl\/en\/wp-json\/wp\/v2\/product\/14505","targetHints":{"allow":["GET"]}}],"collection":[{"href":"https:\/\/classysassybutik.pl\/en\/wp-json\/wp\/v2\/product"}],"about":[{"href":"https:\/\/classysassybutik.pl\/en\/wp-json\/wp\/v2\/types\/product"}],"replies":[{"embeddable":true,"href":"https:\/\/classysassybutik.pl\/en\/wp-json\/wp\/v2\/comments?post=14505"}],"wp:featuredmedia":[{"embeddable":true,"href":"https:\/\/classysassybutik.pl\/en\/wp-json\/wp\/v2\/media\/14506"}],"wp:attachment":[{"href":"https:\/\/classysassybutik.pl\/en\/wp-json\/wp\/v2\/media?parent=14505"}],"wp:term":[{"taxonomy":"product_brand","embeddable":true,"href":"https:\/\/classysassybutik.pl\/en\/wp-json\/wp\/v2\/product_brand?post=14505"},{"taxonomy":"product_cat","embeddable":true,"href":"https:\/\/classysassybutik.pl\/en\/wp-json\/wp\/v2\/product_cat?post=14505"},{"taxonomy":"product_tag","embeddable":true,"href":"https:\/\/classysassybutik.pl\/en\/wp-json\/wp\/v2\/product_tag?post=14505"}],"curies":[{"name":"wp","href":"https:\/\/api.w.org\/{rel}","templated":true}]}}