{"id":14527,"date":"2026-04-03T06:42:07","date_gmt":"2026-04-03T04:42:07","guid":{"rendered":"https:\/\/classysassybutik.pl\/?post_type=product&#038;p=14527"},"modified":"2026-04-03T06:42:07","modified_gmt":"2026-04-03T04:42:07","slug":"marynarka-wigilia-jasny-bez-la-milla","status":"publish","type":"product","link":"https:\/\/classysassybutik.pl\/en\/product\/marynarka-wigilia-jasny-bez-la-milla\/","title":{"rendered":"Marynarka Wigilia Jasny Be\u017c La Milla"},"content":{"rendered":"<p>Marynarka damska Wigilia La Milla jasny be\u017c oversize o klasycznym i prostym fasonie zapinana na guziki. Marynarka La Milla jasny be\u017c ma uniesione ramiona i poduszki wszyte w ramionach, kt\u00f3re \u015bwietnie modeluj\u0105 sylwetk\u0119. Szeroki pasek w zestawie wykonany z tego samego materia\u0142u. Marynarka La Milla Wigilia to najmodniejszy model sezonu. Marynarka La milla wykonana jest z najwy\u017csz\u0105 staranno\u015bci\u0105 o detale. Posiada podszewk\u0119.<\/p>\n<p>&nbsp;<\/p>\n<p>Oryginalny produkt La Mila. Produkt Polski.<\/p>\n<p>&nbsp;<\/p>\n<p>Composition: 95% viscose, 5% elastane<\/p>\n<p>&nbsp;<\/p>\n<p>Rozmiar: uniwersalny<\/p>\n<p>&nbsp;<\/p>\n<p>Dimensions:<\/p>\n<p>&nbsp;<\/p>\n<p>D\u0142ugo\u015b\u0107 ca\u0142kowita: 87 cm<\/p>\n<p>Szeroko\u015b\u0107 w biu\u015bcie: 61cm x 2<\/p>\n<p>D\u0142ugo\u015b\u0107 r\u0119kawa od ramienia: 65cm<\/p>\n<p>D\u0142ugo\u015b\u0107 r\u0119kawa od pachy: 49cm<\/p>","protected":false},"excerpt":{"rendered":"<p>Marynarka damska Wigilia La Milla jasny be\u017c oversize o klasycznym i prostym fasonie zapinana na guziki. Marynarka La Milla jasny be\u017c ma uniesione ramiona i poduszki wszyte w ramionach, kt\u00f3re \u015bwietnie modeluj\u0105 sylwetk\u0119. Szeroki pasek w zestawie wykonany z tego samego materia\u0142u. Marynarka La Milla Wigilia to najmodniejszy model sezonu. Marynarka La milla wykonana jest [&hellip;]<\/p>","protected":false},"featured_media":14528,"comment_status":"open","ping_status":"closed","template":"","meta":[],"product_brand":[],"product_cat":[29,94],"product_tag":[],"class_list":{"0":"post-14527","1":"product","2":"type-product","3":"status-publish","4":"has-post-thumbnail","6":"product_cat-marynarki","7":"product_cat-nowosci","9":"first","10":"instock","11":"shipping-taxable","12":"purchasable","13":"product-type-simple"},"_links":{"self":[{"href":"https:\/\/classysassybutik.pl\/en\/wp-json\/wp\/v2\/product\/14527","targetHints":{"allow":["GET"]}}],"collection":[{"href":"https:\/\/classysassybutik.pl\/en\/wp-json\/wp\/v2\/product"}],"about":[{"href":"https:\/\/classysassybutik.pl\/en\/wp-json\/wp\/v2\/types\/product"}],"replies":[{"embeddable":true,"href":"https:\/\/classysassybutik.pl\/en\/wp-json\/wp\/v2\/comments?post=14527"}],"wp:featuredmedia":[{"embeddable":true,"href":"https:\/\/classysassybutik.pl\/en\/wp-json\/wp\/v2\/media\/14528"}],"wp:attachment":[{"href":"https:\/\/classysassybutik.pl\/en\/wp-json\/wp\/v2\/media?parent=14527"}],"wp:term":[{"taxonomy":"product_brand","embeddable":true,"href":"https:\/\/classysassybutik.pl\/en\/wp-json\/wp\/v2\/product_brand?post=14527"},{"taxonomy":"product_cat","embeddable":true,"href":"https:\/\/classysassybutik.pl\/en\/wp-json\/wp\/v2\/product_cat?post=14527"},{"taxonomy":"product_tag","embeddable":true,"href":"https:\/\/classysassybutik.pl\/en\/wp-json\/wp\/v2\/product_tag?post=14527"}],"curies":[{"name":"wp","href":"https:\/\/api.w.org\/{rel}","templated":true}]}}