{"id":14573,"date":"2026-04-08T12:53:53","date_gmt":"2026-04-08T10:53:53","guid":{"rendered":"https:\/\/classysassybutik.pl\/?post_type=product&#038;p=14573"},"modified":"2026-04-08T12:53:54","modified_gmt":"2026-04-08T10:53:54","slug":"tshirt-la-milla-napis-z-rozami-czarny","status":"publish","type":"product","link":"https:\/\/classysassybutik.pl\/en\/product\/tshirt-la-milla-napis-z-rozami-czarny\/","title":{"rendered":"Tshirt La Milla Napis z R\u00f3\u017cami Czarny"},"content":{"rendered":"<p>Composition: 95% cotton, 5% elastane<\/p>\n<p>&nbsp;<\/p>\n<p>The T-shirt has sewn-in shoulder pads.<\/p>\n<p>&nbsp;<\/p>\n<p>Dimensions:<\/p>\n<p>Overall length: 70 cm<\/p>\n<p>Bust circumference: 110 cm<\/p>\n<p>Waist circumference: 106 cm<\/p>\n<p>Sleeve length from shoulder: 32 cm<\/p>\n<p>Sleeve length from armpit: 20 cm<\/p>\n<p>&nbsp;<\/p>\n<p>Clothes measured flat! Individual measurements may vary +\/-2 cm.<\/p>\n<p>&nbsp;<\/p>\n<p>Polish product.<\/p>","protected":false},"excerpt":{"rendered":"<p>Sk\u0142ad: 95% bawe\u0142na, 5% elastan &nbsp; T-shirt posiada wszyte poduszki w ramionach. &nbsp; Wymiary: D\u0142ugo\u015b\u0107 ca\u0142kowita: 70 cm Obw\u00f3d w biu\u015bcie: 110 cm Obw\u00f3d w pasie: 106 cm D\u0142ugo\u015b\u0107 r\u0119kawa od ramienia: 32 cm D\u0142ugo\u015b\u0107 r\u0119kawa od pachy: 20 cm &nbsp; Ubrania mierzone na p\u0142asko! Poszczeg\u00f3lne wymiary mog\u0105 r\u00f3\u017cni\u0107 si\u0119 +\/-2 cm. &nbsp; Produkt polski.<\/p>","protected":false},"featured_media":14574,"comment_status":"open","ping_status":"closed","template":"","meta":[],"product_brand":[],"product_cat":[94,22],"product_tag":[],"class_list":{"0":"post-14573","1":"product","2":"type-product","3":"status-publish","4":"has-post-thumbnail","6":"product_cat-nowosci","7":"product_cat-tshirty","9":"first","10":"instock","11":"shipping-taxable","12":"purchasable","13":"product-type-simple"},"_links":{"self":[{"href":"https:\/\/classysassybutik.pl\/en\/wp-json\/wp\/v2\/product\/14573","targetHints":{"allow":["GET"]}}],"collection":[{"href":"https:\/\/classysassybutik.pl\/en\/wp-json\/wp\/v2\/product"}],"about":[{"href":"https:\/\/classysassybutik.pl\/en\/wp-json\/wp\/v2\/types\/product"}],"replies":[{"embeddable":true,"href":"https:\/\/classysassybutik.pl\/en\/wp-json\/wp\/v2\/comments?post=14573"}],"wp:featuredmedia":[{"embeddable":true,"href":"https:\/\/classysassybutik.pl\/en\/wp-json\/wp\/v2\/media\/14574"}],"wp:attachment":[{"href":"https:\/\/classysassybutik.pl\/en\/wp-json\/wp\/v2\/media?parent=14573"}],"wp:term":[{"taxonomy":"product_brand","embeddable":true,"href":"https:\/\/classysassybutik.pl\/en\/wp-json\/wp\/v2\/product_brand?post=14573"},{"taxonomy":"product_cat","embeddable":true,"href":"https:\/\/classysassybutik.pl\/en\/wp-json\/wp\/v2\/product_cat?post=14573"},{"taxonomy":"product_tag","embeddable":true,"href":"https:\/\/classysassybutik.pl\/en\/wp-json\/wp\/v2\/product_tag?post=14573"}],"curies":[{"name":"wp","href":"https:\/\/api.w.org\/{rel}","templated":true}]}}